{"id":105,"date":"2022-12-02T00:39:08","date_gmt":"2022-12-02T00:39:08","guid":{"rendered":"https:\/\/geldbach-me.com\/?page_id=105"},"modified":"2023-05-27T10:59:42","modified_gmt":"2023-05-27T10:59:42","slug":"flanges","status":"publish","type":"page","link":"https:\/\/www.geldbach.ro\/en\/flanges\/","title":{"rendered":"Flanges"},"content":{"rendered":"<p>[et_pb_section fb_built=&#8221;1&#8243; _builder_version=&#8221;4.19.2&#8243; _module_preset=&#8221;default&#8221; background_color=&#8221;rgba(0,0,0,0.66)&#8221; background_image=&#8221;https:\/\/geldbach.ro\/en\/wp-content\/uploads\/2022\/12\/pexels-pixabay-73833.jpg&#8221; background_blend=&#8221;overlay&#8221; min_height=&#8221;245px&#8221; global_colors_info=&#8221;{}&#8221;][et_pb_row column_structure=&#8221;3_5,2_5&#8243; _builder_version=&#8221;4.19.2&#8243; _module_preset=&#8221;default&#8221; global_colors_info=&#8221;{}&#8221;][et_pb_column type=&#8221;3_5&#8243; _builder_version=&#8221;4.19.2&#8243; _module_preset=&#8221;default&#8221; global_colors_info=&#8221;{}&#8221;][et_pb_text _builder_version=&#8221;4.19.5&#8243; _module_preset=&#8221;default&#8221; header_text_color=&#8221;#FFFFFF&#8221; header_font_size=&#8221;34px&#8221; header_3_text_color=&#8221;#FFFFFF&#8221; header_3_font_size=&#8221;15px&#8221; global_colors_info=&#8221;{}&#8221;]<\/p>\n<h1>Flanse<\/h1>\n<h3><\/h3>\n<p>[\/et_pb_text][\/et_pb_column][et_pb_column type=&#8221;2_5&#8243; _builder_version=&#8221;4.19.2&#8243; _module_preset=&#8221;default&#8221; global_colors_info=&#8221;{}&#8221;][\/et_pb_column][\/et_pb_row][\/et_pb_section][et_pb_section fb_built=&#8221;1&#8243; _builder_version=&#8221;4.19.2&#8243; _module_preset=&#8221;default&#8221; custom_margin=&#8221;44px|||||&#8221; custom_padding=&#8221;||2px|||&#8221; global_colors_info=&#8221;{}&#8221;][et_pb_row _builder_version=&#8221;4.19.2&#8243; _module_preset=&#8221;default&#8221; global_colors_info=&#8221;{}&#8221;][et_pb_column type=&#8221;4_4&#8243; _builder_version=&#8221;4.19.2&#8243; _module_preset=&#8221;default&#8221; global_colors_info=&#8221;{}&#8221;][et_pb_text _builder_version=&#8221;4.21.0&#8243; _module_preset=&#8221;default&#8221; header_font=&#8221;|600|||||||&#8221; header_text_align=&#8221;center&#8221; header_font_size=&#8221;32px&#8221; header_line_height=&#8221;1.3em&#8221; hover_enabled=&#8221;0&#8243; global_colors_info=&#8221;{}&#8221; sticky_enabled=&#8221;0&#8243;]<\/p>\n<h1 style=\"text-align: left;\">Flan\u0219e<\/h1>\n<h3>Pur \u0219i simplu conecta\u021bi-le!<\/h3>\n<p>Cu o calitate remarcabil\u0103, ne asigur\u0103m c\u0103 ob\u021bine\u021bi conexiunea potrivit\u0103 \u0219i v\u0103 oferim solu\u021bii flexibile, dinamice \u0219i complete pentru problema dvs. de conectare.<\/p>\n<p>Gama noastr\u0103 de produse include flan\u0219e fabricate \u00een conformitate cu diferite standarde, cum ar fi ASME, MSSP, API, BS, JIS, GOST.<\/p>\n<p>Bine\u00een\u021beles, fabric\u0103m toate flan\u0219ele noastre \u00een conformitate cu \u0219abloane \u0219i desene tehnice. R\u0103spundem \u00een mod flexibil la cerin\u021bele specifice ale clien\u021bilor \u0219i dezvolt\u0103m solu\u021bii individuale pentru clien\u021bii no\u0219tri. Standardele \u00eenalte de produs \u0219i de produc\u021bie asigur\u0103 calitatea produselor noastre.<\/p>\n<p>[\/et_pb_text][\/et_pb_column][\/et_pb_row][\/et_pb_section][et_pb_section fb_built=&#8221;1&#8243; _builder_version=&#8221;4.19.2&#8243; _module_preset=&#8221;default&#8221; custom_margin=&#8221;-102px||||false|false&#8221; global_colors_info=&#8221;{}&#8221;][et_pb_row _builder_version=&#8221;4.19.2&#8243; _module_preset=&#8221;default&#8221; global_colors_info=&#8221;{}&#8221;][et_pb_column type=&#8221;4_4&#8243; _builder_version=&#8221;4.19.2&#8243; _module_preset=&#8221;default&#8221; global_colors_info=&#8221;{}&#8221;][et_pb_text _builder_version=&#8221;4.20.0&#8243; _module_preset=&#8221;default&#8221; header_font=&#8221;|600|||||||&#8221; header_text_align=&#8221;center&#8221; header_font_size=&#8221;32px&#8221; header_line_height=&#8221;1.3em&#8221; global_colors_info=&#8221;{}&#8221;]<\/p>\n<h1 style=\"text-align: left;\"><strong>Flan<\/strong><strong>\u0219<\/strong><strong>e oarbe<\/strong><\/h1>\n<p>Flan\u0219a oarb\u0103 este fabricat\u0103 din o\u021bel, iar montajul acesteia \u00eentr-o instala\u021bie se realizeaz\u0103 prin utilizarea setului pentru montaj flan\u0219e ce cuprinde garnitura, \u0219uruburi, piuli\u021be \u0219i \u0219aibe. Flan\u0219ele oarbe sunt fabricate f\u0103r\u0103 gaur\u0103 de trecere si sunt astfel folosite pentru a bloca capete de \u021beav\u0103, valve sau deschideri pentru vase ce func\u021bioneaza sub presiune. Flan\u0219a oarb\u0103 se poate utiliza \u00een instala\u021bii industriale \u0219i termice de \u00eenalt\u0103 presiune, instala\u021bii sudate, obturarea trecerii fluidelor sau gazelor.<\/p>\n<p>&nbsp;<\/p>\n<p>[\/et_pb_text][et_pb_gallery gallery_ids=&#8221;728,730,731,813&#8243; show_title_and_caption=&#8221;off&#8221; zoom_icon_color=&#8221;rgba(0,0,0,0.43)&#8221; hover_overlay_color=&#8221;rgba(0,0,0,0.31)&#8221; hover_icon=&#8221;&#x30;||divi||400&#8243; _builder_version=&#8221;4.20.0&#8243; _module_preset=&#8221;default&#8221; width=&#8221;75%&#8221; max_width=&#8221;75%&#8221; module_alignment=&#8221;center&#8221; global_colors_info=&#8221;{}&#8221;][\/et_pb_gallery][et_pb_text _builder_version=&#8221;4.20.0&#8243; _module_preset=&#8221;default&#8221; header_font=&#8221;|600|||||||&#8221; header_text_align=&#8221;center&#8221; header_font_size=&#8221;32px&#8221; header_line_height=&#8221;1.3em&#8221; global_colors_info=&#8221;{}&#8221;]<\/p>\n<p>&nbsp;<\/p>\n<table class=\"tableizer-table\">\n<thead>\n<tr class=\"tableizer-firstrow\">\n<th>Presiunea<\/th>\n<th>DENUMIRE<\/th>\n<th>MATERIAL<\/th>\n<th>STANDARD<\/th>\n<th>DN<\/th>\n<\/tr>\n<\/thead>\n<tbody>\n<tr>\n<td>nominal\u0103<\/td>\n<td><\/td>\n<td><\/td>\n<td><\/td>\n<td><\/td>\n<\/tr>\n<tr>\n<td>PN6, PN10, PN16, PN25, PN40, PN64<\/td>\n<td>Flan\u0219a oarb\u0103<\/td>\n<td>P250GH, P245GH, P280GH, P355QH<\/td>\n<td>EN1092-1\/05<\/td>\n<td>DN15 &#8211; DN1000<\/td>\n<\/tr>\n<tr>\n<td><\/td>\n<td><\/td>\n<td><\/td>\n<td><\/td>\n<td><\/td>\n<\/tr>\n<tr>\n<td>150LB, 300LB, 600LB,<\/td>\n<\/tr>\n<tr>\n<td>900LB<\/td>\n<td>Flan\u0219a oarb\u0103<\/td>\n<td>SA\/A105NC21<\/td>\n<td>ASME B16.5<\/td>\n<td>3\/4&#8243; &#8211; 24&#8243;<\/td>\n<\/tr>\n<tr>\n<td><\/td>\n<td><\/td>\n<td><\/td>\n<td><\/td>\n<td><\/td>\n<\/tr>\n<tr>\n<td>150LB, 300LB, 600LB,<\/td>\n<\/tr>\n<tr>\n<td>900LB<\/td>\n<td>Flan\u0219a oarb\u0103<\/td>\n<td>A350LF2<\/td>\n<td>ASME B16.5<\/td>\n<td>3\/4&#8243; &#8211; 24&#8243;<\/td>\n<\/tr>\n<tr>\n<td><\/td>\n<td><\/td>\n<td><\/td>\n<td><\/td>\n<td><\/td>\n<\/tr>\n<tr>\n<td>PN10, PN16, PN40<\/td>\n<td>Flan\u0219a oarb\u0103<\/td>\n<td>RST37.2<\/td>\n<td>NS2545\/46\/47<\/td>\n<td>DN15 &#8211; DN600<\/td>\n<\/tr>\n<tr>\n<td><\/td>\n<td><\/td>\n<td><\/td>\n<td><\/td>\n<td><\/td>\n<\/tr>\n<tr>\n<td>PN10, PN16, PN40<\/td>\n<td>Flan\u0219a cu gauri filetate<\/td>\n<td>RST37.2<\/td>\n<td>NS2537\/38\/39\/40\/42<\/td>\n<td>DN15 &#8211; DN600<\/td>\n<\/tr>\n<\/tbody>\n<\/table>\n<p>&nbsp;<\/p>\n<p>[\/et_pb_text][et_pb_text _builder_version=&#8221;4.21.0&#8243; _module_preset=&#8221;default&#8221; hover_enabled=&#8221;0&#8243; global_colors_info=&#8221;{}&#8221; sticky_enabled=&#8221;0&#8243;]<\/p>\n<h2><strong>Flan\u0219e plate <\/strong><\/h2>\n<p>Flan\u0219a plat\u0103 are rolul de a fixa etan\u0219 dou\u0103 componente cum ar fi \u021beava rotund\u0103 de o\u021bel \u0219i o armatura (robinete). Flan\u0219a plat\u0103 permite \u00eembinarea prin sudur\u0103 cu un \u0219tu\u021b filetat din o\u021bel sau imbinarea cu o flan\u0219\u0103 filetat\u0103 pentru trecerea la alt tip de instala\u021bie. \u00cembinarea mecanic\u0103 prin organe de asamblare \u00eentre flan\u0219a plat\u0103 si alte tipuri de flan\u0219\u0103 se execut\u0103 clasic cu ajutorul setului ce cuprinde garnitura, \u0219uruburi, piuli\u021be si \u0219aibe. Utilizare flan\u0219\u0103 plat\u0103 \u2013 instala\u021bii industriale \u0219i termice de \u00eenalt\u0103 presiune, instala\u021bii sudate<\/p>\n<table class=\"tableizer-table\">\n<thead>\n<tr class=\"tableizer-firstrow\">\n<th>Presiunea<\/th>\n<th>DENUMIRE<\/th>\n<th>MATERIAL<\/th>\n<th>STANDARD<\/th>\n<th>DN<\/th>\n<\/tr>\n<\/thead>\n<tbody>\n<tr>\n<td>nominal\u0103<\/td>\n<td><\/td>\n<td><\/td>\n<td><\/td>\n<td><\/td>\n<\/tr>\n<tr>\n<td>PN6, PN10, PN16, PN25, PN40<\/td>\n<td>Flan\u0219a plat\u0103<\/td>\n<td>S235JR, P245GH<\/td>\n<td>EN1092-1\/TYP01<\/td>\n<td>DN15 \u2013 DN1000<\/td>\n<\/tr>\n<tr>\n<td><\/td>\n<td><\/td>\n<td><\/td>\n<td><\/td>\n<td><\/td>\n<\/tr>\n<tr>\n<td>PN10, PN16, PN40<\/td>\n<td>Flan\u0219a plat\u0103<\/td>\n<td>S235JR\/ RST 37.2<\/td>\n<td>NS2526\/27\/29<\/td>\n<td>DN15 \u2013 DN1000<\/td>\n<\/tr>\n<\/tbody>\n<\/table>\n<p><grammarly-desktop-integration data-grammarly-shadow-root=\"true\"><\/grammarly-desktop-integration><\/p>\n<p>&nbsp;<\/p>\n<p>[\/et_pb_text][et_pb_gallery gallery_ids=&#8221;744&#8243; show_title_and_caption=&#8221;off&#8221; hover_overlay_color=&#8221;rgba(0,0,0,0.31)&#8221; _builder_version=&#8221;4.20.0&#8243; _module_preset=&#8221;_initial&#8221; transform_translate=&#8221;364px|22px&#8221; module_alignment=&#8221;center&#8221; global_colors_info=&#8221;{}&#8221;][\/et_pb_gallery][et_pb_text _builder_version=&#8221;4.20.0&#8243; _module_preset=&#8221;default&#8221; global_colors_info=&#8221;{}&#8221;]<\/p>\n<h2><strong>Flan\u0219e libere <\/strong><\/h2>\n<p>Flan\u0219ele libere\u00a0pe \u021beav\u0103 sunt executate din o\u021bel carbon\/o\u021bel zincat \u0219i sunt utilizate pentru \u021bevi r\u0103sfr\u00e2nte, \u021bevi cu inel sudat, cu bord sudat sau pentru \u021bevi polietilen\u0103 (PEHD).<\/p>\n<p>&nbsp;<\/p>\n<p>\u021aevile PE durabile \u0219i accesibile sunt adesea utilizate pentru sistemele de canalizare \u0219i alimentare cu ap\u0103.<\/p>\n<table class=\"tableizer-table\">\n<thead>\n<tr class=\"tableizer-firstrow\">\n<th>Presiunea<\/th>\n<th>DENUMIRE<\/th>\n<th>MATERIAL<\/th>\n<th>STANDARD<\/th>\n<th>DN<\/th>\n<\/tr>\n<\/thead>\n<tbody>\n<tr>\n<td>nominal\u0103<\/td>\n<td><\/td>\n<td><\/td>\n<td><\/td>\n<td><\/td>\n<\/tr>\n<tr>\n<td>PN10<\/td>\n<td>Flan\u0219a liber\u0103<\/td>\n<td>RST37.2<\/td>\n<td>DIN2642<\/td>\n<td>DN25 \u2013 DN1000<\/td>\n<\/tr>\n<tr>\n<td><\/td>\n<td><\/td>\n<td><\/td>\n<td><\/td>\n<td><\/td>\n<\/tr>\n<tr>\n<td>PN16<\/td>\n<td>Flan\u0219a liber\u0103<\/td>\n<td>RST37.2<\/td>\n<td><\/td>\n<td>DN200 \u2013 DN1000<\/td>\n<\/tr>\n<tr>\n<td><\/td>\n<td>*pentru adaptori de polietilen\u0103<\/td>\n<td><\/td>\n<td><\/td>\n<\/tr>\n<\/tbody>\n<\/table>\n<p><strong>*la cerere se pot livra \u0219i dimensiuni \/materiale atipice care nu se reg\u0103sesc in tabelul de mai sus.<\/strong><\/p>\n<p>[\/et_pb_text][et_pb_gallery gallery_ids=&#8221;744&#8243; show_title_and_caption=&#8221;off&#8221; hover_overlay_color=&#8221;rgba(0,0,0,0.31)&#8221; _builder_version=&#8221;4.20.0&#8243; _module_preset=&#8221;_initial&#8221; transform_translate=&#8221;364px|22px&#8221; module_alignment=&#8221;center&#8221; global_colors_info=&#8221;{}&#8221;][\/et_pb_gallery][et_pb_text _builder_version=&#8221;4.20.0&#8243; _module_preset=&#8221;default&#8221; global_colors_info=&#8221;{}&#8221;]<\/p>\n<h2><strong>Flan\u0219e cu g<\/strong><strong>\u00e2<\/strong><strong>t <\/strong><\/h2>\n<p>Flan\u0219ele cu g\u00e2t de \u00eembinare sunt cele mai utilizate flan\u0219e dintre flan\u0219ele de sudur\u0103.\u00a0Ofer\u0103 cel mai \u00eenalt nivel de integritate a articula\u021biilor datorit\u0103 sud\u0103rii\u00a0 form\u0103 de cap la cap cu o \u021beav\u0103.\u00a0Aceste tipuri de flan\u0219e sunt utilizate \u00een aplica\u021bii cu presiune \u0219i temperatur\u0103 ridicat\u0103.\u00a0 Aceste produse sunt rezistente \u0219i rigide, datorit\u0103 butucului conic de care dispun, fiind ideale pentru folosirea \u00een instala\u021biile industriale \u0219i termice de \u00eenalt\u0103 presiune.<\/p>\n<p>Flan\u0219ele cu g\u00e2t sunt calibrate \u00een a\u0219a fel inc\u00e2t s\u0103 corespund\u0103 cu diametrul interior al \u021bevilor sau fitingurilor aferente, astfel \u00eenc\u00e2t s\u0103 nu restric\u021bioneze debitul. Acest lucru previne vibra\u021biile la \u00eembin\u0103turi \u0219i reduce erodarea, asigur\u0103 \u00a0distribu\u021bia uniform\u0103 a tensiunilor prin intermediul g\u00e2tului conic \u0219i sunt u\u0219or de verificat \u00een controlul calitativ.<\/p>\n<table class=\"tableizer-table\">\n<thead>\n<tr class=\"tableizer-firstrow\">\n<th>Presiunea<\/th>\n<th>DENUMIRE<\/th>\n<th>MATERIAL<\/th>\n<th>STANDARD<\/th>\n<th>DN<\/th>\n<\/tr>\n<\/thead>\n<tbody>\n<tr>\n<td>nominal\u0103<\/td>\n<td><\/td>\n<td><\/td>\n<td><\/td>\n<td><\/td>\n<\/tr>\n<tr>\n<td>PN10, PN16, PN25,<\/td>\n<\/tr>\n<tr>\n<td>PN40, PN64, PN100<\/td>\n<td>Flan\u0219a cu g\u00e2t<\/td>\n<td>P245GH, P250GH, C22.8,<\/td>\n<\/tr>\n<tr>\n<td>P265GH, P280GH<\/td>\n<td>EN1092-1\/11<\/td>\n<td>DN15 \u2013 DN1000<\/td>\n<\/tr>\n<tr>\n<td><\/td>\n<td><\/td>\n<td><\/td>\n<td><\/td>\n<td><\/td>\n<\/tr>\n<tr>\n<td>150LB, 300LB, 600LB,<\/td>\n<\/tr>\n<tr>\n<td>900LB,1500LB<\/td>\n<td>Flan\u0219a cu g\u00e2t<\/td>\n<td>SA\/A105NC21<\/td>\n<td>ASME B16.5<\/td>\n<td>3\/4\u2033 \u2013 24\u2033<\/td>\n<\/tr>\n<tr>\n<td><\/td>\n<td><\/td>\n<td><\/td>\n<td><\/td>\n<td><\/td>\n<td><\/td>\n<\/tr>\n<tr>\n<td><\/td>\n<td><\/td>\n<td><\/td>\n<td><\/td>\n<td><\/td>\n<td><\/td>\n<\/tr>\n<tr>\n<td>150LB, 300LB, 600LB,<\/td>\n<\/tr>\n<tr>\n<td>900LB,1500LB<\/td>\n<td>Flan\u0219a cu g\u00e2t<\/td>\n<td>A350LF2<\/td>\n<td>ASME B16.5<\/td>\n<td>3\/4\u2033 \u2013 24\u2033<\/td>\n<td><\/td>\n<\/tr>\n<tr>\n<td><\/td>\n<td><\/td>\n<td><\/td>\n<td><\/td>\n<td><\/td>\n<td><\/td>\n<\/tr>\n<tr>\n<td><\/td>\n<td><\/td>\n<td><\/td>\n<td><\/td>\n<td><\/td>\n<td><\/td>\n<\/tr>\n<tr>\n<td>PN16, PN40, PN64, PN100<\/td>\n<td>Flan\u0219a cu g\u00e2t modificat<\/td>\n<td>P245GH, P265GH,<\/td>\n<\/tr>\n<tr>\n<td>P280GH, P355QH<\/td>\n<td>DIN 2633\/35<\/td>\n<td>DN15 \u2013 DN600<\/td>\n<td><\/td>\n<\/tr>\n<tr>\n<td><\/td>\n<td><\/td>\n<td><\/td>\n<td><\/td>\n<\/tr>\n<\/tbody>\n<\/table>\n<p>[\/et_pb_text][et_pb_gallery gallery_ids=&#8221;745,746,747,748,749,750&#8243; fullwidth=&#8221;on&#8221; _builder_version=&#8221;4.20.0&#8243; _module_preset=&#8221;_initial&#8221; transform_translate=&#8221;-2px|-2px&#8221; width=&#8221;45%&#8221; max_width=&#8221;60%&#8221; module_alignment=&#8221;center&#8221; global_colors_info=&#8221;{}&#8221;][\/et_pb_gallery][\/et_pb_column][\/et_pb_row][\/et_pb_section]<\/p>\n","protected":false},"excerpt":{"rendered":"<p>Flanse Flan\u0219e Pur \u0219i simplu conecta\u021bi-le! Cu o calitate remarcabil\u0103, ne asigur\u0103m c\u0103 ob\u021bine\u021bi conexiunea potrivit\u0103 \u0219i v\u0103 oferim solu\u021bii flexibile, dinamice \u0219i complete pentru problema dvs. de conectare. Gama noastr\u0103 de produse include flan\u0219e fabricate \u00een conformitate cu diferite standarde, cum ar fi ASME, MSSP, API, BS, JIS, GOST. Bine\u00een\u021beles, fabric\u0103m toate flan\u0219ele noastre [&hellip;]<\/p>\n","protected":false},"author":1,"featured_media":0,"parent":0,"menu_order":0,"comment_status":"closed","ping_status":"closed","template":"","meta":{"_et_pb_use_builder":"on","_et_pb_old_content":"<!-- wp:divi\/placeholder \/-->","_et_gb_content_width":"","footnotes":""},"class_list":["post-105","page","type-page","status-publish","hentry"],"_links":{"self":[{"href":"https:\/\/www.geldbach.ro\/en\/wp-json\/wp\/v2\/pages\/105","targetHints":{"allow":["GET"]}}],"collection":[{"href":"https:\/\/www.geldbach.ro\/en\/wp-json\/wp\/v2\/pages"}],"about":[{"href":"https:\/\/www.geldbach.ro\/en\/wp-json\/wp\/v2\/types\/page"}],"author":[{"embeddable":true,"href":"https:\/\/www.geldbach.ro\/en\/wp-json\/wp\/v2\/users\/1"}],"replies":[{"embeddable":true,"href":"https:\/\/www.geldbach.ro\/en\/wp-json\/wp\/v2\/comments?post=105"}],"version-history":[{"count":28,"href":"https:\/\/www.geldbach.ro\/en\/wp-json\/wp\/v2\/pages\/105\/revisions"}],"predecessor-version":[{"id":827,"href":"https:\/\/www.geldbach.ro\/en\/wp-json\/wp\/v2\/pages\/105\/revisions\/827"}],"wp:attachment":[{"href":"https:\/\/www.geldbach.ro\/en\/wp-json\/wp\/v2\/media?parent=105"}],"curies":[{"name":"wp","href":"https:\/\/api.w.org\/{rel}","templated":true}]}}