{"id":107,"date":"2022-12-02T00:39:28","date_gmt":"2022-12-02T00:39:28","guid":{"rendered":"https:\/\/geldbach-me.com\/?page_id=107"},"modified":"2023-05-29T10:31:43","modified_gmt":"2023-05-29T10:31:43","slug":"elbows","status":"publish","type":"page","link":"https:\/\/www.geldbach.ro\/en\/elbows\/","title":{"rendered":"Elbows"},"content":{"rendered":"<p>[et_pb_section fb_built=&#8221;1&#8243; _builder_version=&#8221;4.19.2&#8243; _module_preset=&#8221;default&#8221; background_color=&#8221;rgba(0,0,0,0.66)&#8221; background_image=&#8221;https:\/\/geldbach.ro\/en\/wp-content\/uploads\/2022\/12\/pexels-anamul-rezwan-1145434.jpg&#8221; background_blend=&#8221;overlay&#8221; min_height=&#8221;245px&#8221; global_colors_info=&#8221;{}&#8221;][et_pb_row column_structure=&#8221;3_5,2_5&#8243; _builder_version=&#8221;4.19.2&#8243; _module_preset=&#8221;default&#8221; global_colors_info=&#8221;{}&#8221;][et_pb_column type=&#8221;3_5&#8243; _builder_version=&#8221;4.19.2&#8243; _module_preset=&#8221;default&#8221; global_colors_info=&#8221;{}&#8221;][et_pb_text _builder_version=&#8221;4.19.5&#8243; _module_preset=&#8221;default&#8221; header_text_color=&#8221;#FFFFFF&#8221; header_font_size=&#8221;34px&#8221; header_3_text_color=&#8221;#FFFFFF&#8221; header_3_font_size=&#8221;15px&#8221; global_colors_info=&#8221;{}&#8221;]<\/p>\n<h1>COTURI SUDABILE<\/h1>\n<h3><\/h3>\n<p>[\/et_pb_text][\/et_pb_column][et_pb_column type=&#8221;2_5&#8243; _builder_version=&#8221;4.19.2&#8243; _module_preset=&#8221;default&#8221; global_colors_info=&#8221;{}&#8221;][\/et_pb_column][\/et_pb_row][\/et_pb_section][et_pb_section fb_built=&#8221;1&#8243; _builder_version=&#8221;4.19.2&#8243; _module_preset=&#8221;default&#8221; custom_margin=&#8221;44px|||||&#8221; global_colors_info=&#8221;{}&#8221;][et_pb_row _builder_version=&#8221;4.19.2&#8243; _module_preset=&#8221;default&#8221; global_colors_info=&#8221;{}&#8221;][et_pb_column type=&#8221;4_4&#8243; _builder_version=&#8221;4.19.2&#8243; _module_preset=&#8221;default&#8221; global_colors_info=&#8221;{}&#8221;][et_pb_text _builder_version=&#8221;4.20.0&#8243; _module_preset=&#8221;default&#8221; header_text_align=&#8221;center&#8221; header_line_height=&#8221;1.3em&#8221; global_colors_info=&#8221;{}&#8221;]<\/p>\n<h1 style=\"text-align: left;\"><strong>Pentru un racord perfect!<\/strong><\/h1>\n<p>Gama noastr\u0103 de produse include coturi fabricate \u00een conformitate cu diferite standarde, cum ar fi ASME. Bine\u00een\u021beles, fabric\u0103m toate coturile noastre \u00een conformitate cu \u0219abloane \u0219i desene tehnice. R\u0103spundem \u00een mod flexibil la cerin\u021bele specifice ale clien\u021bilor \u0219i dezvolt\u0103m solu\u021bii individuale pentru clien\u021bii no\u0219tri. Producem coturile din toate tipurile standard de o\u021bel carbon aliat \u0219i nealiat \u0219i o\u021bel inoxidabil. Standardele \u00eenalte de produs \u0219i de produc\u021bie asigur\u0103 calitatea produselor noastre.<\/p>\n<p>[\/et_pb_text][\/et_pb_column][\/et_pb_row][\/et_pb_section][et_pb_section fb_built=&#8221;1&#8243; _builder_version=&#8221;4.19.2&#8243; _module_preset=&#8221;default&#8221; custom_margin=&#8221;-102px||||false|false&#8221; global_colors_info=&#8221;{}&#8221;][et_pb_row _builder_version=&#8221;4.19.2&#8243; _module_preset=&#8221;default&#8221; global_colors_info=&#8221;{}&#8221;][et_pb_column type=&#8221;4_4&#8243; _builder_version=&#8221;4.19.2&#8243; _module_preset=&#8221;default&#8221; global_colors_info=&#8221;{}&#8221;][wdcl_image_carousel _builder_version=&#8221;4.21.0&#8243; _module_preset=&#8221;default&#8221; hover_enabled=&#8221;0&#8243; global_colors_info=&#8221;{}&#8221; sticky_enabled=&#8221;0&#8243;][wdcl_image_carousel_child photo=&#8221;https:\/\/www.geldbach.ro\/en\/wp-content\/uploads\/2022\/12\/Elbow_1-removebg-preview.png&#8221; _builder_version=&#8221;4.21.0&#8243; _module_preset=&#8221;default&#8221; hover_enabled=&#8221;0&#8243; global_colors_info=&#8221;{}&#8221; title_text=&#8221;Elbow_1-removebg-preview&#8221; sticky_enabled=&#8221;0&#8243;][\/wdcl_image_carousel_child][wdcl_image_carousel_child photo=&#8221;https:\/\/www.geldbach.ro\/en\/wp-content\/uploads\/2022\/12\/Elbow_2-removebg-preview.png&#8221; _builder_version=&#8221;4.21.0&#8243; _module_preset=&#8221;default&#8221; hover_enabled=&#8221;0&#8243; global_colors_info=&#8221;{}&#8221; title_text=&#8221;Elbow_2-removebg-preview&#8221; sticky_enabled=&#8221;0&#8243;][\/wdcl_image_carousel_child][wdcl_image_carousel_child photo=&#8221;https:\/\/www.geldbach.ro\/en\/wp-content\/uploads\/2022\/12\/Elbow_3-removebg-preview.png&#8221; _builder_version=&#8221;4.21.0&#8243; _module_preset=&#8221;default&#8221; hover_enabled=&#8221;0&#8243; global_colors_info=&#8221;{}&#8221; title_text=&#8221;Elbow_3-removebg-preview&#8221; sticky_enabled=&#8221;0&#8243;][\/wdcl_image_carousel_child][wdcl_image_carousel_child photo=&#8221;https:\/\/www.geldbach.ro\/en\/wp-content\/uploads\/2022\/12\/Elbows_4-removebg-preview.png&#8221; _builder_version=&#8221;4.21.0&#8243; _module_preset=&#8221;default&#8221; hover_enabled=&#8221;0&#8243; global_colors_info=&#8221;{}&#8221; title_text=&#8221;Elbows_4-removebg-preview&#8221; sticky_enabled=&#8221;0&#8243;][\/wdcl_image_carousel_child][wdcl_image_carousel_child photo=&#8221;https:\/\/www.geldbach.ro\/en\/wp-content\/uploads\/2022\/12\/Elbows_5-removebg-preview.png&#8221; _builder_version=&#8221;4.21.0&#8243; _module_preset=&#8221;default&#8221; hover_enabled=&#8221;0&#8243; global_colors_info=&#8221;{}&#8221; title_text=&#8221;Elbows_5-removebg-preview&#8221; sticky_enabled=&#8221;0&#8243;][\/wdcl_image_carousel_child][wdcl_image_carousel_child photo=&#8221;https:\/\/www.geldbach.ro\/en\/wp-content\/uploads\/2022\/12\/Elbows_6-removebg-preview.png&#8221; _builder_version=&#8221;4.21.0&#8243; _module_preset=&#8221;default&#8221; hover_enabled=&#8221;0&#8243; global_colors_info=&#8221;{}&#8221; title_text=&#8221;Elbows_6-removebg-preview&#8221; sticky_enabled=&#8221;0&#8243;][\/wdcl_image_carousel_child][\/wdcl_image_carousel][et_pb_text _builder_version=&#8221;4.20.0&#8243; _module_preset=&#8221;default&#8221; global_colors_info=&#8221;{}&#8221;]<\/p>\n<h2>\n<p><strong>Coturi sudabile <\/strong><\/h2>\n<p>Geldbach Fitinguri \u0219i Flan\u0219e comercializeaz\u0103 coturi sudabile din o\u021bel de 90 de grade sau 45 de grade. Ele sunt utilizate pentru conectarea \u021bevilor \u00eentre ele \u00eentr-un anumit unghi. Coturile au rolul de a schimba direc\u021bia curgerii fluidelor sau a gazelor din instala\u021bie.<\/p>\n<p>Succesul unei lucr\u0103ri depinde de selectarea dimensiunii potrivite, a materialului \u0219i a conectorilor astfel \u00eenc\u00e2t s\u0103 satisfac\u0103 c\u00e2t mai bine func\u021bia acestora \u00eentr-un sistem de instala\u021bii.<\/p>\n<p>&nbsp;<\/p>\n<table style=\"width: 713px;\" width=\"713\" cellspacing=\"0\" cellpadding=\"0\" border=\"0\">\n<tbody>\n<tr>\n<td style=\"width: 199px; height: 25px;\" nowrap=\"nowrap\">DENUMIRE<\/td>\n<td style=\"width: 190px; height: 25px;\" nowrap=\"nowrap\">\n<p align=\"center\">MATERIAL<\/p>\n<\/td>\n<td style=\"width: 231px; height: 25px;\" nowrap=\"nowrap\">\n<p align=\"center\">STANDARD<\/p>\n<\/td>\n<td style=\"width: 92px; height: 25px;\" nowrap=\"nowrap\">\n<p align=\"center\">DN<\/p>\n<\/td>\n<\/tr>\n<tr>\n<td style=\"width: 199px; height: 25px;\" nowrap=\"nowrap\">COT 90\u00b0 LR (raz\u0103 lung\u0103) R=1,5D<\/td>\n<td style=\"width: 190px; height: 25px;\" nowrap=\"nowrap\">\n<p align=\"center\">ST35.8I\/P235GH<\/p>\n<\/td>\n<td style=\"width: 231px; height: 25px;\" nowrap=\"nowrap\">\n<p align=\"center\">DIN2605-1, DIN2609\/EN10253-2<\/p>\n<\/td>\n<td style=\"width: 92px; height: 25px;\" nowrap=\"nowrap\">\n<p align=\"center\">DN15 &#8211; DN1000<\/p>\n<\/td>\n<\/tr>\n<tr>\n<td style=\"width: 199px; height: 25px;\" nowrap=\"nowrap\">*tip A si tip B<\/td>\n<td style=\"width: 190px; height: 25px;\" nowrap=\"nowrap\">\n<p align=\"center\">\n<\/td>\n<td style=\"width: 231px; height: 25px;\" nowrap=\"nowrap\">\n<p align=\"center\">\n<\/td>\n<td style=\"width: 92px; height: 25px;\" nowrap=\"nowrap\">\n<p align=\"center\">\n<\/td>\n<\/tr>\n<tr>\n<td style=\"width: 199px; height: 25px;\" nowrap=\"nowrap\">COT 90\u00b0 LR (raz\u0103 lung\u0103) R=1,5D<\/td>\n<td style=\"width: 190px; height: 25px;\" nowrap=\"nowrap\">\n<p align=\"center\">P235TR1\/S235<\/p>\n<\/td>\n<td style=\"width: 231px; height: 25px;\" nowrap=\"nowrap\">\n<p align=\"center\">DIN2605-1, DIN2609\/EN10253-2<\/p>\n<\/td>\n<td style=\"width: 92px; height: 25px;\" nowrap=\"nowrap\">\n<p align=\"center\">DN15 &#8211; DN1000<\/p>\n<\/td>\n<\/tr>\n<tr>\n<td style=\"width: 199px; height: 25px;\" nowrap=\"nowrap\">*tip A si tip B<\/td>\n<td style=\"width: 190px; height: 25px;\" nowrap=\"nowrap\">\n<p align=\"center\">\n<\/td>\n<td style=\"width: 231px; height: 25px;\" nowrap=\"nowrap\">\n<p align=\"center\">\n<\/td>\n<td style=\"width: 92px; height: 25px;\" nowrap=\"nowrap\">\n<p align=\"center\">\n<\/td>\n<\/tr>\n<tr>\n<td style=\"width: 199px; height: 24px;\" nowrap=\"nowrap\">COT 90\u00b0 LR (raz\u0103 lung\u0103) R=1,5D<\/td>\n<td style=\"width: 190px; height: 24px;\" nowrap=\"nowrap\">\n<p align=\"center\">A234WPB\/P265GH<\/p>\n<\/td>\n<td style=\"width: 231px; height: 24px;\" nowrap=\"nowrap\">\n<p align=\"center\">ANSIB16.9 &#8211; STD\/XS\/SCH120\/160\/XXS<\/p>\n<\/td>\n<td style=\"width: 92px; height: 24px;\" nowrap=\"nowrap\">\n<p align=\"center\">1\/2&#8243; &#8211; 32&#8243;<\/p>\n<\/td>\n<\/tr>\n<tr>\n<td style=\"width: 199px; height: 24px;\" nowrap=\"nowrap\">*tip A si tip B<\/td>\n<td style=\"width: 190px; height: 24px;\" nowrap=\"nowrap\">\n<p align=\"center\">\n<\/td>\n<td style=\"width: 231px; height: 24px;\" nowrap=\"nowrap\">\n<p align=\"center\">\n<\/td>\n<td style=\"width: 92px; height: 24px;\" nowrap=\"nowrap\">\n<p align=\"center\">\n<\/td>\n<\/tr>\n<tr>\n<td style=\"width: 199px; height: 25px;\" nowrap=\"nowrap\">COT 90\u00b0 LR (raz\u0103 lung\u0103) R=1,5D<\/td>\n<td style=\"width: 190px; height: 25px;\" nowrap=\"nowrap\">\n<p align=\"center\">A420WPL6\/P275NL1<\/p>\n<\/td>\n<td style=\"width: 231px; height: 25px;\" nowrap=\"nowrap\">\n<p align=\"center\">DIN2605\/EN10253-2<\/p>\n<\/td>\n<td style=\"width: 92px; height: 25px;\" nowrap=\"nowrap\">\n<p align=\"center\">DN15 &#8211; DN1000<\/p>\n<\/td>\n<\/tr>\n<tr>\n<td style=\"width: 199px; height: 25px;\" nowrap=\"nowrap\">*tip A si tip B<\/td>\n<td style=\"width: 190px; height: 25px;\" nowrap=\"nowrap\">\n<p align=\"center\">\n<\/td>\n<td style=\"width: 231px; height: 25px;\" nowrap=\"nowrap\">\n<p align=\"center\">\n<\/td>\n<td style=\"width: 92px; height: 25px;\" nowrap=\"nowrap\">\n<p align=\"center\">\n<\/td>\n<\/tr>\n<tr>\n<td style=\"width: 199px; height: 25px;\" nowrap=\"nowrap\">COT 90\u00b0 SR (raz\u0103 scurt\u0103) R=D<\/td>\n<td style=\"width: 190px; height: 25px;\" nowrap=\"nowrap\">\n<p align=\"center\">A234WPB\/P265GH<\/p>\n<\/td>\n<td style=\"width: 231px; height: 25px;\" nowrap=\"nowrap\">\n<p align=\"center\">ANSIB16.28 &#8211; STD\/XS<\/p>\n<\/td>\n<td style=\"width: 92px; height: 25px;\" nowrap=\"nowrap\">\n<p align=\"center\">1\/2&#8243; &#8211; 32&#8243;<\/p>\n<\/td>\n<\/tr>\n<tr>\n<td style=\"width: 199px; height: 25px;\" nowrap=\"nowrap\">\u00a0<\/td>\n<td style=\"width: 190px; height: 25px;\" nowrap=\"nowrap\">\n<p align=\"center\">\n<\/td>\n<td style=\"width: 231px; height: 25px;\" nowrap=\"nowrap\">\n<p align=\"center\">\n<\/td>\n<td style=\"width: 92px; height: 25px;\" nowrap=\"nowrap\">\n<p align=\"center\">\n<\/td>\n<\/tr>\n<tr>\n<td style=\"width: 199px; height: 25px;\" nowrap=\"nowrap\">COT 90\u00b0 SR (raz\u0103 scurt\u0103) R=D<\/td>\n<td style=\"width: 190px; height: 25px;\" nowrap=\"nowrap\">\n<p align=\"center\">ST35.8I\/P235GH<\/p>\n<\/td>\n<td style=\"width: 231px; height: 25px;\" nowrap=\"nowrap\">\n<p align=\"center\">DIN2605-1, DIN2609\/EN10253-2<\/p>\n<\/td>\n<td style=\"width: 92px; height: 25px;\" nowrap=\"nowrap\">\n<p align=\"center\">1\/2&#8243; &#8211; 32&#8243;<\/p>\n<\/td>\n<\/tr>\n<\/tbody>\n<\/table>\n<p><strong>*la cerere se pot livra \u0219i dimensiuni \/materiale atipice care nu se reg\u0103sesc \u00een tabelul de mai sus.<\/strong><\/p>\n<p>&nbsp;<\/p>\n<p>[\/et_pb_text][\/et_pb_column][\/et_pb_row][\/et_pb_section]<\/p>\n","protected":false},"excerpt":{"rendered":"<p>COTURI SUDABILE Pentru un racord perfect! Gama noastr\u0103 de produse include coturi fabricate \u00een conformitate cu diferite standarde, cum ar fi ASME. Bine\u00een\u021beles, fabric\u0103m toate coturile noastre \u00een conformitate cu \u0219abloane \u0219i desene tehnice. R\u0103spundem \u00een mod flexibil la cerin\u021bele specifice ale clien\u021bilor \u0219i dezvolt\u0103m solu\u021bii individuale pentru clien\u021bii no\u0219tri. Producem coturile din toate tipurile [&hellip;]<\/p>\n","protected":false},"author":1,"featured_media":0,"parent":0,"menu_order":0,"comment_status":"closed","ping_status":"closed","template":"","meta":{"_et_pb_use_builder":"on","_et_pb_old_content":"<!-- wp:divi\/placeholder \/-->","_et_gb_content_width":"","footnotes":""},"class_list":["post-107","page","type-page","status-publish","hentry"],"_links":{"self":[{"href":"https:\/\/www.geldbach.ro\/en\/wp-json\/wp\/v2\/pages\/107","targetHints":{"allow":["GET"]}}],"collection":[{"href":"https:\/\/www.geldbach.ro\/en\/wp-json\/wp\/v2\/pages"}],"about":[{"href":"https:\/\/www.geldbach.ro\/en\/wp-json\/wp\/v2\/types\/page"}],"author":[{"embeddable":true,"href":"https:\/\/www.geldbach.ro\/en\/wp-json\/wp\/v2\/users\/1"}],"replies":[{"embeddable":true,"href":"https:\/\/www.geldbach.ro\/en\/wp-json\/wp\/v2\/comments?post=107"}],"version-history":[{"count":20,"href":"https:\/\/www.geldbach.ro\/en\/wp-json\/wp\/v2\/pages\/107\/revisions"}],"predecessor-version":[{"id":836,"href":"https:\/\/www.geldbach.ro\/en\/wp-json\/wp\/v2\/pages\/107\/revisions\/836"}],"wp:attachment":[{"href":"https:\/\/www.geldbach.ro\/en\/wp-json\/wp\/v2\/media?parent=107"}],"curies":[{"name":"wp","href":"https:\/\/api.w.org\/{rel}","templated":true}]}}