{"id":111,"date":"2022-12-02T00:39:56","date_gmt":"2022-12-02T00:39:56","guid":{"rendered":"https:\/\/geldbach-me.com\/?page_id=111"},"modified":"2023-02-21T09:38:00","modified_gmt":"2023-02-21T09:38:00","slug":"tees","status":"publish","type":"page","link":"https:\/\/www.geldbach.ro\/en\/tees\/","title":{"rendered":"Tees"},"content":{"rendered":"<p>[et_pb_section fb_built=&#8221;1&#8243; _builder_version=&#8221;4.19.2&#8243; _module_preset=&#8221;default&#8221; background_color=&#8221;rgba(0,0,0,0.66)&#8221; background_image=&#8221;https:\/\/geldbach.ro\/en\/wp-content\/uploads\/2022\/12\/pexels-nici-gottstein-11818379.jpg&#8221; background_position=&#8221;center_right&#8221; background_blend=&#8221;overlay&#8221; min_height=&#8221;245px&#8221; global_colors_info=&#8221;{}&#8221;][et_pb_row column_structure=&#8221;3_5,2_5&#8243; _builder_version=&#8221;4.19.2&#8243; _module_preset=&#8221;default&#8221; global_colors_info=&#8221;{}&#8221;][et_pb_column type=&#8221;3_5&#8243; _builder_version=&#8221;4.19.2&#8243; _module_preset=&#8221;default&#8221; global_colors_info=&#8221;{}&#8221;][et_pb_text _builder_version=&#8221;4.19.2&#8243; _module_preset=&#8221;default&#8221; header_text_color=&#8221;#FFFFFF&#8221; header_font_size=&#8221;34px&#8221; header_3_text_color=&#8221;#FFFFFF&#8221; header_3_font_size=&#8221;15px&#8221; global_colors_info=&#8221;{}&#8221;]<\/p>\n<h1>TEURI SUDABILE<\/h1>\n<h3><\/h3>\n<p>[\/et_pb_text][\/et_pb_column][et_pb_column type=&#8221;2_5&#8243; _builder_version=&#8221;4.19.2&#8243; _module_preset=&#8221;default&#8221; global_colors_info=&#8221;{}&#8221;][\/et_pb_column][\/et_pb_row][\/et_pb_section][et_pb_section fb_built=&#8221;1&#8243; _builder_version=&#8221;4.19.2&#8243; _module_preset=&#8221;default&#8221; custom_margin=&#8221;-102px||||false|false&#8221; global_colors_info=&#8221;{}&#8221;][et_pb_row _builder_version=&#8221;4.19.2&#8243; _module_preset=&#8221;default&#8221; global_colors_info=&#8221;{}&#8221;][et_pb_column type=&#8221;4_4&#8243; _builder_version=&#8221;4.19.2&#8243; _module_preset=&#8221;default&#8221; global_colors_info=&#8221;{}&#8221;][et_pb_text _builder_version=&#8221;4.19.5&#8243; _module_preset=&#8221;default&#8221; global_colors_info=&#8221;{}&#8221;]<\/p>\n<h1>TEURI SUDABILE<\/h1>\n<p>TE-urile noastre sunt fabricate \u00een conformitate cu diferite standarde, cum ar fi ASME. Bine\u00een\u021beles, fabric\u0103m toate fitingurile noastre \u00een conformitate cu desenele. R\u0103spundem \u00een mod flexibil la cerin\u021bele specifice ale clien\u021bilor \u0219i dezvolt\u0103m solu\u021bii individuale pentru clien\u021bii no\u0219tri. Producem fitingurile din toate tipurile standard de o\u021bel carbon aliat \u0219i nealiat \u0219i din o\u021bel inoxidabil.<\/p>\n<p>Standardele \u00eenalte de produs \u0219i de produc\u021bie asigur\u0103 calitatea produselor noastre.<\/p>\n<p>[\/et_pb_text][wdcl_image_carousel _builder_version=&#8221;4.20.0&#8243; _module_preset=&#8221;default&#8221; hover_enabled=&#8221;0&#8243; global_colors_info=&#8221;{}&#8221; sticky_enabled=&#8221;0&#8243;][wdcl_image_carousel_child _builder_version=&#8221;4.20.0&#8243; _module_preset=&#8221;default&#8221; title_text=&#8221;Teuri_sudabile_2&#8243; photo=&#8221;https:\/\/www.geldbach.ro\/en\/wp-content\/uploads\/2023\/02\/Teuri_sudabile_2.png&#8221; hover_enabled=&#8221;0&#8243; sticky_enabled=&#8221;0&#8243;][\/wdcl_image_carousel_child][wdcl_image_carousel_child _builder_version=&#8221;4.20.0&#8243; _module_preset=&#8221;default&#8221; title_text=&#8221;Teuri_sudabile_1&#8243; photo=&#8221;https:\/\/www.geldbach.ro\/en\/wp-content\/uploads\/2023\/02\/Teuri_sudabile_1.png&#8221; hover_enabled=&#8221;0&#8243; sticky_enabled=&#8221;0&#8243;][\/wdcl_image_carousel_child][wdcl_image_carousel_child _builder_version=&#8221;4.20.0&#8243; _module_preset=&#8221;default&#8221; title_text=&#8221;Teuri_sudabile_3&#8243; photo=&#8221;https:\/\/www.geldbach.ro\/en\/wp-content\/uploads\/2023\/02\/Teuri_sudabile_3.png&#8221; hover_enabled=&#8221;0&#8243; sticky_enabled=&#8221;0&#8243;][\/wdcl_image_carousel_child][\/wdcl_image_carousel][\/et_pb_column][\/et_pb_row][et_pb_row _builder_version=&#8221;4.19.2&#8243; _module_preset=&#8221;default&#8221; global_colors_info=&#8221;{}&#8221;][et_pb_column type=&#8221;4_4&#8243; _builder_version=&#8221;4.19.2&#8243; _module_preset=&#8221;default&#8221; global_colors_info=&#8221;{}&#8221;][et_pb_text _builder_version=&#8221;4.20.0&#8243; _module_preset=&#8221;default&#8221; global_colors_info=&#8221;{}&#8221;]<\/p>\n<p>Ave\u021bi nevoie de Teuri sudabile din o\u021bel? Aici g\u0103si\u021bi piesele de care ave\u021bi nevoie. Toate modelele de Teuri &#8211; fitingurile \u00een forma literei T &#8211; cu 3 ie\u0219iri, utilizate la conectarea \u021bevilor \u00eentr-un sistem de conducte.<\/p>\n<p>\u00a0Exist\u0103 diverse tipuri de Teuri:<\/p>\n<ul>\n<li>Cele egale au 3 ie\u0219iri de dimensiuni identice.<\/li>\n<li>Cele reduse au 2 ie\u0219iri de dimensiuni egale \u0219i o ie\u0219ire de dimensiune diferit\u0103.<\/li>\n<\/ul>\n<table class=\"tableizer-table\">\n<thead>\n<tr class=\"tableizer-firstrow\">\n<th>DENUMIRE<\/th>\n<th>MATERIAL<\/th>\n<th>STANDARD<\/th>\n<th>DN<\/th>\n<\/tr>\n<\/thead>\n<tbody>\n<tr>\n<td>Teu egal<\/td>\n<td>ST35.8I\/P235GH<\/td>\n<td>DIN2615\/EN10253-2<\/td>\n<td>DN15 &#8211; DN600<\/td>\n<\/tr>\n<tr>\n<td>Teu redus<\/td>\n<td>ST35.8I\/P235GH<\/td>\n<td>DIN2615\/EN10253-2<\/td>\n<td>DN15 &#8211; DN600<\/td>\n<\/tr>\n<tr>\n<td>*tip A \u0219i tip B<\/td>\n<td><\/td>\n<td><\/td>\n<td><\/td>\n<\/tr>\n<tr>\n<td>Teu egal<\/td>\n<td>P235TR<\/td>\n<td>DIN2615\/EN10253-2<\/td>\n<td>DN15 &#8211; DN600<\/td>\n<\/tr>\n<tr>\n<td>Teu redus<\/td>\n<td>P235TR<\/td>\n<td>DIN2615\/EN10253-2<\/td>\n<td>DN15 &#8211; DN600<\/td>\n<\/tr>\n<tr>\n<td><\/td>\n<td><\/td>\n<td><\/td>\n<td><\/td>\n<\/tr>\n<tr>\n<td>Teu egal<\/td>\n<td>A234WPB\/P265GH<\/td>\n<td>ANSIB16.9 &#8211; STD\/XS\/SCH160<\/td>\n<td>1\/2&#8243; &#8211; 32&#8243;<\/td>\n<\/tr>\n<tr>\n<td>Teu redus<\/td>\n<td>A234WPB\/P265GH<\/td>\n<td>ANSIB16.9 &#8211; STD\/XS\/SCH160<\/td>\n<td>1\/2&#8243; &#8211; 32&#8243;<\/td>\n<\/tr>\n<tr>\n<td>*tip A \u0219i tip B<\/td>\n<td><\/td>\n<td><\/td>\n<td><\/td>\n<\/tr>\n<tr>\n<td>Teu egal<\/td>\n<td>A420WPL6\/P275NL1<\/td>\n<td>DIN2615\/EN10253-2<\/td>\n<td>DN15 &#8211; DN600<\/td>\n<\/tr>\n<tr>\n<td>Teu redus<\/td>\n<td>A420WPL6\/P275NL1<\/td>\n<td>DIN2615\/EN10253-2<\/td>\n<td>DN15 &#8211; DN600<\/td>\n<\/tr>\n<tr>\n<td>*tip A \u0219i tip B<\/td>\n<td><\/td>\n<td><\/td>\n<td><\/td>\n<\/tr>\n<tr>\n<td>Teu egal<\/td>\n<td>A420WPL6\/P275NL1<\/td>\n<td>ANSIB16.9 &#8211; STD\/XS\/SCH160<\/td>\n<td>DN15 &#8211; DN600<\/td>\n<\/tr>\n<tr>\n<td>Teu redus<\/td>\n<td>A420WPL6\/P275NL1<\/td>\n<td>ANSIB16.9 &#8211; STD\/XS\/SCH160<\/td>\n<td>DN15 &#8211; DN600<\/td>\n<\/tr>\n<tr>\n<td>*tip A \u0219i tip B<\/td>\n<td><\/td>\n<td><\/td>\n<td><\/td>\n<\/tr>\n<\/tbody>\n<\/table>\n<p><strong>*tip A \u0219i tip B<\/strong><\/p>\n<p><strong>*la cerere se pot livra \u0219i dimensiuni \/materiale atipice care nu se reg\u0103sesc \u00een tabelul de mai sus. <\/strong><\/p>\n<p>[\/et_pb_text][\/et_pb_column][\/et_pb_row][\/et_pb_section]<\/p>\n","protected":false},"excerpt":{"rendered":"<p>TEURI SUDABILE TEURI SUDABILE TE-urile noastre sunt fabricate \u00een conformitate cu diferite standarde, cum ar fi ASME. Bine\u00een\u021beles, fabric\u0103m toate fitingurile noastre \u00een conformitate cu desenele. R\u0103spundem \u00een mod flexibil la cerin\u021bele specifice ale clien\u021bilor \u0219i dezvolt\u0103m solu\u021bii individuale pentru clien\u021bii no\u0219tri. Producem fitingurile din toate tipurile standard de o\u021bel carbon aliat \u0219i nealiat \u0219i [&hellip;]<\/p>\n","protected":false},"author":1,"featured_media":0,"parent":0,"menu_order":0,"comment_status":"closed","ping_status":"closed","template":"","meta":{"_et_pb_use_builder":"on","_et_pb_old_content":"<!-- wp:divi\/placeholder \/-->","_et_gb_content_width":"","footnotes":""},"class_list":["post-111","page","type-page","status-publish","hentry"],"_links":{"self":[{"href":"https:\/\/www.geldbach.ro\/en\/wp-json\/wp\/v2\/pages\/111","targetHints":{"allow":["GET"]}}],"collection":[{"href":"https:\/\/www.geldbach.ro\/en\/wp-json\/wp\/v2\/pages"}],"about":[{"href":"https:\/\/www.geldbach.ro\/en\/wp-json\/wp\/v2\/types\/page"}],"author":[{"embeddable":true,"href":"https:\/\/www.geldbach.ro\/en\/wp-json\/wp\/v2\/users\/1"}],"replies":[{"embeddable":true,"href":"https:\/\/www.geldbach.ro\/en\/wp-json\/wp\/v2\/comments?post=111"}],"version-history":[{"count":17,"href":"https:\/\/www.geldbach.ro\/en\/wp-json\/wp\/v2\/pages\/111\/revisions"}],"predecessor-version":[{"id":796,"href":"https:\/\/www.geldbach.ro\/en\/wp-json\/wp\/v2\/pages\/111\/revisions\/796"}],"wp:attachment":[{"href":"https:\/\/www.geldbach.ro\/en\/wp-json\/wp\/v2\/media?parent=111"}],"curies":[{"name":"wp","href":"https:\/\/api.w.org\/{rel}","templated":true}]}}