{"id":113,"date":"2022-12-02T00:40:07","date_gmt":"2022-12-02T00:40:07","guid":{"rendered":"https:\/\/geldbach-me.com\/?page_id=113"},"modified":"2023-05-29T10:24:43","modified_gmt":"2023-05-29T10:24:43","slug":"caps","status":"publish","type":"page","link":"https:\/\/www.geldbach.ro\/en\/caps\/","title":{"rendered":"Caps"},"content":{"rendered":"<p>[et_pb_section fb_built=&#8221;1&#8243; _builder_version=&#8221;4.19.2&#8243; _module_preset=&#8221;default&#8221; background_color=&#8221;rgba(0,0,0,0.66)&#8221; background_image=&#8221;https:\/\/geldbach.ro\/en\/wp-content\/uploads\/2022\/12\/pexels-pixabay-260352.jpg&#8221; background_position=&#8221;bottom_center&#8221; background_blend=&#8221;overlay&#8221; min_height=&#8221;350px&#8221; global_colors_info=&#8221;{}&#8221;][et_pb_row column_structure=&#8221;3_5,2_5&#8243; _builder_version=&#8221;4.19.2&#8243; _module_preset=&#8221;default&#8221; global_colors_info=&#8221;{}&#8221;][et_pb_column type=&#8221;3_5&#8243; _builder_version=&#8221;4.19.2&#8243; _module_preset=&#8221;default&#8221; global_colors_info=&#8221;{}&#8221;][et_pb_text _builder_version=&#8221;4.19.5&#8243; _module_preset=&#8221;default&#8221; header_text_color=&#8221;#FFFFFF&#8221; header_font_size=&#8221;34px&#8221; header_3_text_color=&#8221;#FFFFFF&#8221; header_3_font_size=&#8221;15px&#8221; global_colors_info=&#8221;{}&#8221;]<\/p>\n<h1>CAPACE SUDABILE<\/h1>\n<h3><\/h3>\n<p>[\/et_pb_text][\/et_pb_column][et_pb_column type=&#8221;2_5&#8243; _builder_version=&#8221;4.19.2&#8243; _module_preset=&#8221;default&#8221; global_colors_info=&#8221;{}&#8221;][\/et_pb_column][\/et_pb_row][\/et_pb_section][et_pb_section fb_built=&#8221;1&#8243; _builder_version=&#8221;4.19.2&#8243; _module_preset=&#8221;default&#8221; custom_margin=&#8221;-102px||||false|false&#8221; global_colors_info=&#8221;{}&#8221;][et_pb_row _builder_version=&#8221;4.19.2&#8243; _module_preset=&#8221;default&#8221; global_colors_info=&#8221;{}&#8221;][et_pb_column type=&#8221;4_4&#8243; _builder_version=&#8221;4.19.2&#8243; _module_preset=&#8221;default&#8221; global_colors_info=&#8221;{}&#8221;][et_pb_text _builder_version=&#8221;4.19.5&#8243; _module_preset=&#8221;default&#8221; global_colors_info=&#8221;{}&#8221;]<\/p>\n<h1>CAPACE SUDABILE<\/h1>\n<p>Capacele noastre sunt fabricate \u00een conformitate cu diferite standarde, cum ar fi ASME. Bine\u00een\u021beles, fabric\u0103m toate fitingurile noastre \u00een conformitate cu \u0219abloane \u0219i desene tehnice. R\u0103spundem \u00een mod flexibil la cerin\u021bele specifice ale clien\u021bilor \u0219i dezvolt\u0103m solu\u021bii individuale pentru clien\u021bii no\u0219tri. Producem fitingurile din toate tipurile standard de o\u021bel carbon aliat \u0219i nealiat \u0219i din o\u021bel inoxidabil.<\/p>\n<p>Standardele \u00eenalte de produs \u0219i de produc\u021bie asigur\u0103 calitatea produselor noastre.<\/p>\n<p>[\/et_pb_text][wdcl_image_carousel _builder_version=&#8221;4.21.0&#8243; _module_preset=&#8221;default&#8221; hover_enabled=&#8221;0&#8243; global_colors_info=&#8221;{}&#8221; sticky_enabled=&#8221;0&#8243;][wdcl_image_carousel_child photo=&#8221;https:\/\/www.geldbach.ro\/en\/wp-content\/uploads\/2022\/12\/Caps_1-removebg-preview.png&#8221; _builder_version=&#8221;4.21.0&#8243; _module_preset=&#8221;default&#8221; hover_enabled=&#8221;0&#8243; global_colors_info=&#8221;{}&#8221; title_text=&#8221;Caps_1-removebg-preview&#8221; sticky_enabled=&#8221;0&#8243;][\/wdcl_image_carousel_child][wdcl_image_carousel_child photo=&#8221;https:\/\/www.geldbach.ro\/en\/wp-content\/uploads\/2022\/12\/Caps_2-removebg-preview.png&#8221; _builder_version=&#8221;4.21.0&#8243; _module_preset=&#8221;default&#8221; hover_enabled=&#8221;0&#8243; global_colors_info=&#8221;{}&#8221; title_text=&#8221;Caps_2-removebg-preview&#8221; sticky_enabled=&#8221;0&#8243;][\/wdcl_image_carousel_child][wdcl_image_carousel_child photo=&#8221;https:\/\/www.geldbach.ro\/en\/wp-content\/uploads\/2022\/12\/Caps_3-removebg-preview.png&#8221; _builder_version=&#8221;4.21.0&#8243; _module_preset=&#8221;default&#8221; hover_enabled=&#8221;0&#8243; global_colors_info=&#8221;{}&#8221; title_text=&#8221;Caps_3-removebg-preview&#8221; sticky_enabled=&#8221;0&#8243;][\/wdcl_image_carousel_child][wdcl_image_carousel_child photo=&#8221;https:\/\/www.geldbach.ro\/en\/wp-content\/uploads\/2022\/12\/Caps_4-removebg-preview.png&#8221; _builder_version=&#8221;4.21.0&#8243; _module_preset=&#8221;default&#8221; hover_enabled=&#8221;0&#8243; global_colors_info=&#8221;{}&#8221; title_text=&#8221;Caps_4-removebg-preview&#8221; sticky_enabled=&#8221;0&#8243;][\/wdcl_image_carousel_child][wdcl_image_carousel_child photo=&#8221;https:\/\/www.geldbach.ro\/en\/wp-content\/uploads\/2022\/12\/Caps_5-removebg-preview.png&#8221; _builder_version=&#8221;4.21.0&#8243; _module_preset=&#8221;default&#8221; hover_enabled=&#8221;0&#8243; global_colors_info=&#8221;{}&#8221; title_text=&#8221;Caps_5-removebg-preview&#8221; sticky_enabled=&#8221;0&#8243;][\/wdcl_image_carousel_child][wdcl_image_carousel_child photo=&#8221;https:\/\/www.geldbach.ro\/en\/wp-content\/uploads\/2022\/12\/Caps_6-removebg-preview.png&#8221; _builder_version=&#8221;4.21.0&#8243; _module_preset=&#8221;default&#8221; hover_enabled=&#8221;0&#8243; global_colors_info=&#8221;{}&#8221; title_text=&#8221;Caps_6-removebg-preview&#8221; sticky_enabled=&#8221;0&#8243;][\/wdcl_image_carousel_child][\/wdcl_image_carousel][\/et_pb_column][\/et_pb_row][et_pb_row _builder_version=&#8221;4.19.2&#8243; _module_preset=&#8221;default&#8221; global_colors_info=&#8221;{}&#8221;][et_pb_column type=&#8221;4_4&#8243; _builder_version=&#8221;4.19.2&#8243; _module_preset=&#8221;default&#8221; global_colors_info=&#8221;{}&#8221;][et_pb_text _builder_version=&#8221;4.20.0&#8243; _module_preset=&#8221;default&#8221; global_colors_info=&#8221;{}&#8221;]<\/p>\n<p>Cump\u0103r\u0103 chiar acum capace sudabile negre care au rolul de a \u00eenchide o \u021beav\u0103 \u00eentr-un sistem de conducte. Acestea se monteaz\u0103 facil la capetele \u021bevilor prin sudare. Avantajele acestor capace sudabile sunt un cost foarte redus al instal\u0103rii, au o rezisten\u021b\u0103 bun\u0103 la scurgeri \u0219i ocup\u0103 un spa\u021biu mai mic \u00een sistemul de conducte dec\u00e2t capacele cu filet.<\/p>\n<p>&nbsp;<\/p>\n<table class=\"tableizer-table\">\n<thead>\n<tr class=\"tableizer-firstrow\">\n<th>DENUMIRE<\/th>\n<th>MATERIAL<\/th>\n<th>STANDARD<\/th>\n<th>DN<\/th>\n<\/tr>\n<\/thead>\n<tbody>\n<tr>\n<td>Capac bombat<\/td>\n<td>P235TR, P250GH, C22.8<\/td>\n<td>DIN2617 \/ DIN28013<\/td>\n<td>DN15-DN600<\/td>\n<\/tr>\n<tr>\n<td>\u00a0<\/td>\n<td>\u00a0<\/td>\n<td>\u00a0<\/td>\n<td>\u00a0<\/td>\n<\/tr>\n<tr>\n<td>Capac bombat<\/td>\n<td>A234WPB\/P265GH<\/td>\n<td>ANSI B16.9 STD \/ XS<\/td>\n<td>DN15-DN1200<\/td>\n<\/tr>\n<tr>\n<td>\u00a0<\/td>\n<td>\u00a0<\/td>\n<td>\u00a0<\/td>\n<td>\u00a0<\/td>\n<\/tr>\n<tr>\n<td>Capac bombat<\/td>\n<td>A420WPL6\/P275NL1<\/td>\n<td>DIN2617 \/ DIN28013<\/td>\n<td>DN15-DN600<\/td>\n<\/tr>\n<tr>\n<td>\u00a0<\/td>\n<td>\u00a0<\/td>\n<td>\u00a0<\/td>\n<td>\u00a0<\/td>\n<\/tr>\n<tr>\n<td>Capac bombat<\/td>\n<td>A420WPL6\/P275NL1<\/td>\n<td>ANSI B16.9 STD \/ XS<\/td>\n<td>DN15-DN600<\/td>\n<\/tr>\n<tr>\n<td>\u00a0<\/td>\n<td>\u00a0<\/td>\n<td>\u00a0<\/td>\n<td>\u00a0<\/td>\n<\/tr>\n<\/tbody>\n<\/table>\n<p><strong>*la cerere se pot livra si dimensiuni \/materiale atipice care nu se reg\u0103sesc \u00een tabelul de mai sus.<\/strong><\/p>\n<p><grammarly-desktop-integration data-grammarly-shadow-root=\"true\"><\/grammarly-desktop-integration><\/p>\n<p>[\/et_pb_text][\/et_pb_column][\/et_pb_row][\/et_pb_section]<\/p>\n","protected":false},"excerpt":{"rendered":"<p>CAPACE SUDABILE CAPACE SUDABILE Capacele noastre sunt fabricate \u00een conformitate cu diferite standarde, cum ar fi ASME. Bine\u00een\u021beles, fabric\u0103m toate fitingurile noastre \u00een conformitate cu \u0219abloane \u0219i desene tehnice. R\u0103spundem \u00een mod flexibil la cerin\u021bele specifice ale clien\u021bilor \u0219i dezvolt\u0103m solu\u021bii individuale pentru clien\u021bii no\u0219tri. Producem fitingurile din toate tipurile standard de o\u021bel carbon aliat [&hellip;]<\/p>\n","protected":false},"author":1,"featured_media":0,"parent":0,"menu_order":0,"comment_status":"closed","ping_status":"closed","template":"","meta":{"_et_pb_use_builder":"on","_et_pb_old_content":"<!-- wp:divi\/placeholder \/-->","_et_gb_content_width":"","footnotes":""},"class_list":["post-113","page","type-page","status-publish","hentry"],"_links":{"self":[{"href":"https:\/\/www.geldbach.ro\/en\/wp-json\/wp\/v2\/pages\/113","targetHints":{"allow":["GET"]}}],"collection":[{"href":"https:\/\/www.geldbach.ro\/en\/wp-json\/wp\/v2\/pages"}],"about":[{"href":"https:\/\/www.geldbach.ro\/en\/wp-json\/wp\/v2\/types\/page"}],"author":[{"embeddable":true,"href":"https:\/\/www.geldbach.ro\/en\/wp-json\/wp\/v2\/users\/1"}],"replies":[{"embeddable":true,"href":"https:\/\/www.geldbach.ro\/en\/wp-json\/wp\/v2\/comments?post=113"}],"version-history":[{"count":18,"href":"https:\/\/www.geldbach.ro\/en\/wp-json\/wp\/v2\/pages\/113\/revisions"}],"predecessor-version":[{"id":835,"href":"https:\/\/www.geldbach.ro\/en\/wp-json\/wp\/v2\/pages\/113\/revisions\/835"}],"wp:attachment":[{"href":"https:\/\/www.geldbach.ro\/en\/wp-json\/wp\/v2\/media?parent=113"}],"curies":[{"name":"wp","href":"https:\/\/api.w.org\/{rel}","templated":true}]}}