{"id":145,"date":"2022-12-02T02:30:27","date_gmt":"2022-12-02T02:30:27","guid":{"rendered":"https:\/\/geldbach-me.com\/?page_id=145"},"modified":"2023-02-01T10:03:06","modified_gmt":"2023-02-01T10:03:06","slug":"shipbuilding-and-shipyards","status":"publish","type":"page","link":"https:\/\/www.geldbach.ro\/en\/shipbuilding-and-shipyards\/","title":{"rendered":"Shipbuilding and shipyards"},"content":{"rendered":"<p>[et_pb_section fb_built=&#8221;1&#8243; _builder_version=&#8221;4.19.2&#8243; _module_preset=&#8221;default&#8221; background_color=&#8221;RGBA(255,255,255,0)&#8221; use_background_color_gradient=&#8221;on&#8221; background_color_gradient_type=&#8221;elliptical&#8221; background_color_gradient_stops=&#8221;#072b00 53%|rgba(26,53,1,0.67) 100%&#8221; background_image=&#8221;https:\/\/geldbach-me.com\/wp-content\/uploads\/2022\/12\/rff_schiffbau.jpg&#8221; background_blend=&#8221;overlay&#8221; hover_enabled=&#8221;0&#8243; global_colors_info=&#8221;{}&#8221; sticky_enabled=&#8221;0&#8243;][et_pb_row column_structure=&#8221;1_2,1_2&#8243; _builder_version=&#8221;4.19.2&#8243; _module_preset=&#8221;default&#8221; global_colors_info=&#8221;{}&#8221;][et_pb_column type=&#8221;1_2&#8243; _builder_version=&#8221;4.19.2&#8243; _module_preset=&#8221;default&#8221; global_colors_info=&#8221;{}&#8221;][et_pb_text _builder_version=&#8221;4.19.5&#8243; _module_preset=&#8221;default&#8221; header_font=&#8221;|700|||||||&#8221; header_text_color=&#8221;#FFFFFF&#8221; header_font_size=&#8221;35px&#8221; header_3_font=&#8221;|600|||||||&#8221; header_3_text_color=&#8221;#FFFFFF&#8221; header_3_font_size=&#8221;15px&#8221; hover_enabled=&#8221;0&#8243; global_colors_info=&#8221;{}&#8221; sticky_enabled=&#8221;0&#8243;]<\/p>\n<h1>Ora\u0219e mici pe ap\u0103<\/h1>\n<h3>Solu\u021bii impresionante pentru construc\u021bii navale &#8211; \u021bevi \u0219i racorduri de \u021bevi<\/h3>\n<p>[\/et_pb_text][\/et_pb_column][et_pb_column type=&#8221;1_2&#8243; _builder_version=&#8221;4.19.2&#8243; _module_preset=&#8221;default&#8221; global_colors_info=&#8221;{}&#8221;][\/et_pb_column][\/et_pb_row][\/et_pb_section][et_pb_section fb_built=&#8221;1&#8243; _builder_version=&#8221;4.19.2&#8243; _module_preset=&#8221;default&#8221; global_colors_info=&#8221;{}&#8221;][et_pb_row _builder_version=&#8221;4.19.2&#8243; _module_preset=&#8221;default&#8221; global_colors_info=&#8221;{}&#8221;][et_pb_column type=&#8221;4_4&#8243; _builder_version=&#8221;4.19.2&#8243; _module_preset=&#8221;default&#8221; global_colors_info=&#8221;{}&#8221;][et_pb_text _builder_version=&#8221;4.19.5&#8243; _module_preset=&#8221;default&#8221; header_text_align=&#8221;center&#8221; hover_enabled=&#8221;0&#8243; global_colors_info=&#8221;{}&#8221; sticky_enabled=&#8221;0&#8243;]<\/p>\n<h1>Furnizor pentru industria construc\u021biilor navale<\/h1>\n<p>Construc\u021biile navale necesit\u0103 produse de calitate testat\u0103, deoarece navele au devenit ca ni\u0219te mici ora\u0219e pe ap\u0103.\u00a0\u021aevile \u0219i racordurile noastre contribuie la transportul combustibilului, apei, aerului \u0219i \u00eenc\u0103rc\u0103turii \u00een condi\u021bii de siguran\u021b\u0103 \u0219i fiabilitate c\u0103tre o mare varietate de locuri.<\/p>\n<p>[\/et_pb_text][\/et_pb_column][\/et_pb_row][et_pb_row _builder_version=&#8221;4.19.2&#8243; _module_preset=&#8221;default&#8221; global_colors_info=&#8221;{}&#8221;][et_pb_column type=&#8221;4_4&#8243; _builder_version=&#8221;4.19.2&#8243; _module_preset=&#8221;default&#8221; global_colors_info=&#8221;{}&#8221;][et_pb_image src=&#8221;https:\/\/geldbach-me.com\/wp-content\/uploads\/2022\/12\/rff_schiffbau-1.jpg&#8221; title_text=&#8221;rff_schiffbau&#8221; _builder_version=&#8221;4.19.2&#8243; _module_preset=&#8221;default&#8221; global_colors_info=&#8221;{}&#8221;][\/et_pb_image][\/et_pb_column][\/et_pb_row][et_pb_row _builder_version=&#8221;4.19.2&#8243; _module_preset=&#8221;default&#8221; global_colors_info=&#8221;{}&#8221;][et_pb_column type=&#8221;4_4&#8243; _builder_version=&#8221;4.19.2&#8243; _module_preset=&#8221;default&#8221; global_colors_info=&#8221;{}&#8221;][et_pb_text _builder_version=&#8221;4.19.5&#8243; _module_preset=&#8221;default&#8221; hover_enabled=&#8221;0&#8243; global_colors_info=&#8221;{}&#8221; sticky_enabled=&#8221;0&#8243;]<\/p>\n<h2>Solu\u021bii impresionante pentru construc\u021bia de nave<\/h2>\n<p>De 45 de ani ne sus\u021binem clien\u021bii \u00een construc\u021bia \u0219i \u00eentre\u021binerea navelor \u0219i iahturilor cu expertiza noastr\u0103 tehnic\u0103. \u00cen ultimii ani am asistat la o \u00eembun\u0103t\u0103\u021bire tehnic\u0103 uria\u0219\u0103 a eficien\u021bei \u0219i a combustibilului \u00een transportul maritim.<\/p>\n<p>Noi, la SC GELDBACH FITINGURI SI FLANSE SRL, oferim o gam\u0103 larg\u0103 \u0219i detaliat\u0103 de produse \u0219i servicii pentru construc\u021bia de nave, care se extinde la cele mai recente tehnologii de propulsie, cum ar fi GNL \u0219i hidrogenul. Suntem, de asemenea, un furnizor de \u00eencredere \u00een construc\u021bia de epuratoare de gaze de e\u0219apament \u0219i de sisteme de ap\u0103 de balast.<\/p>\n<p>Clien\u021bii no\u0219tri beneficiaz\u0103 de urm\u0103toarele specialit\u0103\u021bi pe care le furniz\u0103m \u00een mod special pentru industria construc\u021biilor navale:<\/p>\n<ul>\n<li>Produse specializate pentru construc\u021bii navale.<\/li>\n<li>Aprob\u0103ri suplimentare din partea organismelor de clasificare.<\/li>\n<li>Livrare &#8220;just-in-time&#8221; cu flota proprie de vehicule.<\/li>\n<li>Livrare scutit\u0103 de taxa pe valoarea ad\u0103ugat\u0103 pentru navele maritime.<\/li>\n<\/ul>\n<p>Nu ezita\u021bi s\u0103 ne contacta\u021bi pe noi \u0219i pe exper\u021bii no\u0219tri din industrie pentru orice \u00eentreb\u0103ri pe care le ave\u021bi cu privire la serviciile noastre pentru construc\u021bii navale.<\/p>\n<p>[\/et_pb_text][\/et_pb_column][\/et_pb_row][\/et_pb_section]<\/p>\n","protected":false},"excerpt":{"rendered":"<p>Ora\u0219e mici pe ap\u0103 Solu\u021bii impresionante pentru construc\u021bii navale &#8211; \u021bevi \u0219i racorduri de \u021beviFurnizor pentru industria construc\u021biilor navale Construc\u021biile navale necesit\u0103 produse de calitate testat\u0103, deoarece navele au devenit ca ni\u0219te mici ora\u0219e pe ap\u0103.\u00a0\u021aevile \u0219i racordurile noastre contribuie la transportul combustibilului, apei, aerului \u0219i \u00eenc\u0103rc\u0103turii \u00een condi\u021bii de siguran\u021b\u0103 \u0219i fiabilitate c\u0103tre o [&hellip;]<\/p>\n","protected":false},"author":1,"featured_media":0,"parent":0,"menu_order":0,"comment_status":"closed","ping_status":"closed","template":"","meta":{"_et_pb_use_builder":"on","_et_pb_old_content":"<!-- wp:divi\/placeholder \/-->","_et_gb_content_width":"","footnotes":""},"class_list":["post-145","page","type-page","status-publish","hentry"],"_links":{"self":[{"href":"https:\/\/www.geldbach.ro\/en\/wp-json\/wp\/v2\/pages\/145","targetHints":{"allow":["GET"]}}],"collection":[{"href":"https:\/\/www.geldbach.ro\/en\/wp-json\/wp\/v2\/pages"}],"about":[{"href":"https:\/\/www.geldbach.ro\/en\/wp-json\/wp\/v2\/types\/page"}],"author":[{"embeddable":true,"href":"https:\/\/www.geldbach.ro\/en\/wp-json\/wp\/v2\/users\/1"}],"replies":[{"embeddable":true,"href":"https:\/\/www.geldbach.ro\/en\/wp-json\/wp\/v2\/comments?post=145"}],"version-history":[{"count":6,"href":"https:\/\/www.geldbach.ro\/en\/wp-json\/wp\/v2\/pages\/145\/revisions"}],"predecessor-version":[{"id":625,"href":"https:\/\/www.geldbach.ro\/en\/wp-json\/wp\/v2\/pages\/145\/revisions\/625"}],"wp:attachment":[{"href":"https:\/\/www.geldbach.ro\/en\/wp-json\/wp\/v2\/media?parent=145"}],"curies":[{"name":"wp","href":"https:\/\/api.w.org\/{rel}","templated":true}]}}