{"id":147,"date":"2022-12-02T02:30:45","date_gmt":"2022-12-02T02:30:45","guid":{"rendered":"https:\/\/geldbach-me.com\/?page_id=147"},"modified":"2023-02-18T14:45:04","modified_gmt":"2023-02-18T14:45:04","slug":"gas-industry","status":"publish","type":"page","link":"https:\/\/www.geldbach.ro\/en\/gas-industry\/","title":{"rendered":"Gas industry"},"content":{"rendered":"<p>[et_pb_section fb_built=&#8221;1&#8243; _builder_version=&#8221;4.19.2&#8243; _module_preset=&#8221;default&#8221; background_color=&#8221;rgba(0,0,0,0.66)&#8221; background_image=&#8221;https:\/\/geldbach-me.com\/wp-content\/uploads\/2022\/12\/pexels-pixabay-257700-scaled.jpg&#8221; background_blend=&#8221;overlay&#8221; min_height=&#8221;245px&#8221; global_colors_info=&#8221;{}&#8221;][et_pb_row column_structure=&#8221;3_5,2_5&#8243; _builder_version=&#8221;4.19.2&#8243; _module_preset=&#8221;default&#8221; global_colors_info=&#8221;{}&#8221;][et_pb_column type=&#8221;3_5&#8243; _builder_version=&#8221;4.19.2&#8243; _module_preset=&#8221;default&#8221; global_colors_info=&#8221;{}&#8221;][et_pb_text _builder_version=&#8221;4.19.5&#8243; _module_preset=&#8221;default&#8221; header_text_color=&#8221;#FFFFFF&#8221; header_font_size=&#8221;25px&#8221; header_3_text_color=&#8221;#FFFFFF&#8221; header_3_font_size=&#8221;13px&#8221; hover_enabled=&#8221;0&#8243; global_colors_info=&#8221;{}&#8221; sticky_enabled=&#8221;0&#8243;]<\/p>\n<h1>Cele mai \u00eenalte niveluri \u0219i standarde de siguran\u021b\u0103<\/h1>\n<h3>Speciali\u0219ti experimenta\u021bi \u0219i puternici pentru industria na\u021bional\u0103 \u0219i interna\u021bional\u0103 a gazelor naturale<\/h3>\n<p>[\/et_pb_text][\/et_pb_column][et_pb_column type=&#8221;2_5&#8243; _builder_version=&#8221;4.19.2&#8243; _module_preset=&#8221;default&#8221; global_colors_info=&#8221;{}&#8221;][\/et_pb_column][\/et_pb_row][\/et_pb_section][et_pb_section fb_built=&#8221;1&#8243; _builder_version=&#8221;4.19.2&#8243; _module_preset=&#8221;default&#8221; custom_margin=&#8221;44px|||||&#8221; global_colors_info=&#8221;{}&#8221;][et_pb_row _builder_version=&#8221;4.19.2&#8243; _module_preset=&#8221;default&#8221; global_colors_info=&#8221;{}&#8221;][et_pb_column type=&#8221;4_4&#8243; _builder_version=&#8221;4.19.2&#8243; _module_preset=&#8221;default&#8221; global_colors_info=&#8221;{}&#8221;][et_pb_text _builder_version=&#8221;4.19.5&#8243; _module_preset=&#8221;default&#8221; header_text_align=&#8221;center&#8221; header_line_height=&#8221;1.3em&#8221; global_colors_info=&#8221;{}&#8221;]<\/p>\n<h1>Furnizor pentru industria gazelor naturale<\/h1>\n<p>Siguran\u021ba joac\u0103 un rol esen\u021bial \u00een sistemele complexe de infrastructur\u0103 a gazelor naturale, astfel \u00eenc\u00e2t cerin\u021bele stabilite pentru stocarea, manipularea \u0219i distribu\u021bia gazelor naturale sunt deosebit de ridicate. Acest lucru face ca furnizorii puternici \u0219i de \u00eencredere s\u0103 fie cu at\u00e2t mai importan\u021bi \u00een planificare, achizi\u021bie \u0219i exploatare.<\/p>\n<p>[\/et_pb_text][et_pb_image src=&#8221;https:\/\/geldbach-me.com\/wp-content\/uploads\/2022\/12\/pexels-pixabay-257700-scaled.jpg&#8221; title_text=&#8221;pexels-pixabay-257700&#8243; _builder_version=&#8221;4.19.2&#8243; _module_preset=&#8221;default&#8221; global_colors_info=&#8221;{}&#8221;][\/et_pb_image][et_pb_text _builder_version=&#8221;4.19.5&#8243; _module_preset=&#8221;default&#8221; global_colors_info=&#8221;{}&#8221;]<\/p>\n<h2>Serviciu impresionant pentru industria gazelor naturale<\/h2>\n<p>Nume importante din industria gazului au ajuns s\u0103 se bazeze pe noi ca partener pe picior de egalitate, oferind o valoare ad\u0103ugat\u0103 real\u0103 cu o gam\u0103 de produse specifice industriei \u0219i serviciile necesare.<\/p>\n<p>Suntem sau am fost implica\u021bi \u00een proiecte de anvergur\u0103 ale unor nume importante din liga german\u0103, cum ar fi GASCADE, Open Grid Europe \u0219i Thyssengas, precum \u0219i pe pia\u021ba austriac\u0103 cu companii precum OMV \u0219i RAG.<\/p>\n<p>Departamentul de petrol \u0219i gaze din cadrul loca\u021biei noastre din Stuhr, l\u00e2ng\u0103 Bremen, deserve\u0219te clien\u021bii cu echipe de v\u00e2nz\u0103ri experimentate care cunosc \u00eendeaproape cerin\u021bele de aprovizionare cu gaze, petrochimie \u0219i construc\u021bii de instala\u021bii.<\/p>\n<p>Clien\u021bii no\u0219tri beneficiaz\u0103 de urm\u0103toarele specialit\u0103\u021bi pe care le furniz\u0103m \u00een mod special pentru industria gazelor:<\/p>\n<ul>\n<li>\n<p>\u021aevi \u0219i fitinguri sudate \u0219i f\u0103r\u0103 sudur\u0103 \u00een clase de \u021bevi de linie din o\u021bel \u0219i o\u021bel structural cu granula\u021bie fin\u0103.<\/li>\n<li>\n<p>flan\u0219e ASME B 16.5 seria B \u0219i DIN EN 1759.<\/p>\n<p>Acceptare \u00een conformitate cu DIN EN 1594, reglement\u0103rile DVGW \u0219i TRFL.<\/li>\n<li>\n<p>Calculele privind grosimea peretelui pentru \u021bevi \u0219i fitinguri.<\/li>\n<li>\n<p>Cerin\u021be extinse de protec\u021bie anticoroziv\u0103 pentru construc\u021bia de conducte subterane, folosind acoperiri din polietilen\u0103 cu.<\/li>\n<li>materiale plastice suplimentare \u00eent\u0103rite cu fibre, acoperiri din poliuretan \u0219i c\u0103ptu\u0219eli interioare din r\u0103\u0219in\u0103 epoxidic\u0103, dup\u0103 caz.\n<\/li>\n<li>Servicii de management de proiect \u0219i servicii de tip ghi\u0219eu unic.\n<\/li>\n<li>Expertiza specific\u0103 industriei, rezultat\u0103 din anii de experien\u021b\u0103.<\/li>\n<li>Nu ezita\u021bi s\u0103 ne contacta\u021bi pe noi \u0219i pe exper\u021bii no\u0219tri din industrie pentru orice \u00eentreb\u0103ri pe care le ave\u021bi cu privire la serviciile noastre pentru industria gazelor.<\/li>\n<\/ul>\n<p>[\/et_pb_text][\/et_pb_column][\/et_pb_row][\/et_pb_section]<\/p>\n","protected":false},"excerpt":{"rendered":"<p>Cele mai \u00eenalte niveluri \u0219i standarde de siguran\u021b\u0103 Speciali\u0219ti experimenta\u021bi \u0219i puternici pentru industria na\u021bional\u0103 \u0219i interna\u021bional\u0103 a gazelor naturaleFurnizor pentru industria gazelor naturale Siguran\u021ba joac\u0103 un rol esen\u021bial \u00een sistemele complexe de infrastructur\u0103 a gazelor naturale, astfel \u00eenc\u00e2t cerin\u021bele stabilite pentru stocarea, manipularea \u0219i distribu\u021bia gazelor naturale sunt deosebit de ridicate. Acest lucru face [&hellip;]<\/p>\n","protected":false},"author":1,"featured_media":0,"parent":0,"menu_order":0,"comment_status":"closed","ping_status":"closed","template":"","meta":{"_et_pb_use_builder":"on","_et_pb_old_content":"<!-- wp:divi\/placeholder \/-->","_et_gb_content_width":"","footnotes":""},"class_list":["post-147","page","type-page","status-publish","hentry"],"_links":{"self":[{"href":"https:\/\/www.geldbach.ro\/en\/wp-json\/wp\/v2\/pages\/147","targetHints":{"allow":["GET"]}}],"collection":[{"href":"https:\/\/www.geldbach.ro\/en\/wp-json\/wp\/v2\/pages"}],"about":[{"href":"https:\/\/www.geldbach.ro\/en\/wp-json\/wp\/v2\/types\/page"}],"author":[{"embeddable":true,"href":"https:\/\/www.geldbach.ro\/en\/wp-json\/wp\/v2\/users\/1"}],"replies":[{"embeddable":true,"href":"https:\/\/www.geldbach.ro\/en\/wp-json\/wp\/v2\/comments?post=147"}],"version-history":[{"count":8,"href":"https:\/\/www.geldbach.ro\/en\/wp-json\/wp\/v2\/pages\/147\/revisions"}],"predecessor-version":[{"id":651,"href":"https:\/\/www.geldbach.ro\/en\/wp-json\/wp\/v2\/pages\/147\/revisions\/651"}],"wp:attachment":[{"href":"https:\/\/www.geldbach.ro\/en\/wp-json\/wp\/v2\/media?parent=147"}],"curies":[{"name":"wp","href":"https:\/\/api.w.org\/{rel}","templated":true}]}}