{"id":149,"date":"2022-12-02T02:31:02","date_gmt":"2022-12-02T02:31:02","guid":{"rendered":"https:\/\/geldbach-me.com\/?page_id=149"},"modified":"2023-02-01T10:15:55","modified_gmt":"2023-02-01T10:15:55","slug":"plant-and-mechanical-engineering","status":"publish","type":"page","link":"https:\/\/www.geldbach.ro\/en\/plant-and-mechanical-engineering\/","title":{"rendered":"Plant and mechanical engineering"},"content":{"rendered":"<p>[et_pb_section fb_built=&#8221;1&#8243; _builder_version=&#8221;4.19.2&#8243; _module_preset=&#8221;default&#8221; background_color=&#8221;RGBA(255,255,255,0)&#8221; use_background_color_gradient=&#8221;on&#8221; background_color_gradient_type=&#8221;elliptical&#8221; background_color_gradient_stops=&#8221;#072b00 53%|rgba(26,53,1,0.67) 100%&#8221; background_image=&#8221;https:\/\/geldbach-me.com\/wp-content\/uploads\/2022\/12\/pexels-anamul-rezwan-1216589.jpg&#8221; background_blend=&#8221;overlay&#8221; global_colors_info=&#8221;{}&#8221;][et_pb_row column_structure=&#8221;1_2,1_2&#8243; _builder_version=&#8221;4.19.2&#8243; _module_preset=&#8221;default&#8221; global_colors_info=&#8221;{}&#8221;][et_pb_column type=&#8221;1_2&#8243; _builder_version=&#8221;4.19.2&#8243; _module_preset=&#8221;default&#8221; global_colors_info=&#8221;{}&#8221;][et_pb_text _builder_version=&#8221;4.19.5&#8243; _module_preset=&#8221;default&#8221; header_font=&#8221;|700|||||||&#8221; header_text_color=&#8221;#FFFFFF&#8221; header_font_size=&#8221;31px&#8221; header_3_font=&#8221;|600|||||||&#8221; header_3_text_color=&#8221;#FFFFFF&#8221; header_3_font_size=&#8221;13px&#8221; hover_enabled=&#8221;0&#8243; global_colors_info=&#8221;{}&#8221; sticky_enabled=&#8221;0&#8243;]<\/p>\n<h1>Conexiuni puternice pentru facilit\u0103\u021bi<\/h1>\n<h3>SC GELDBACH FITINGURI SI FLANSE SRL este furnizorul de \u00eencredere pentru instala\u021bii \u0219i inginerie.<\/h3>\n<p>[\/et_pb_text][\/et_pb_column][et_pb_column type=&#8221;1_2&#8243; _builder_version=&#8221;4.19.2&#8243; _module_preset=&#8221;default&#8221; global_colors_info=&#8221;{}&#8221;][\/et_pb_column][\/et_pb_row][\/et_pb_section][et_pb_section fb_built=&#8221;1&#8243; _builder_version=&#8221;4.19.2&#8243; _module_preset=&#8221;default&#8221; global_colors_info=&#8221;{}&#8221;][et_pb_row _builder_version=&#8221;4.19.2&#8243; _module_preset=&#8221;default&#8221; global_colors_info=&#8221;{}&#8221;][et_pb_column type=&#8221;4_4&#8243; _builder_version=&#8221;4.19.2&#8243; _module_preset=&#8221;default&#8221; global_colors_info=&#8221;{}&#8221;][et_pb_text _builder_version=&#8221;4.19.5&#8243; _module_preset=&#8221;default&#8221; header_text_align=&#8221;center&#8221; hover_enabled=&#8221;0&#8243; global_colors_info=&#8221;{}&#8221; sticky_enabled=&#8221;0&#8243;]<\/p>\n<h1>Furnizori \u00een domeniul instala\u021biilor \u0219i al ingineriei<\/h1>\n<p>Sistemele \u0219i ma\u0219inile de \u00eenalt\u0103 performan\u021b\u0103 joac\u0103 un rol esen\u021bial \u00een fabricarea \u0219i produc\u021bia industrial\u0103 a numeroase bunuri \u0219i materiale. Transportul unei mari variet\u0103\u021bi de lichide, solide \u0219i gaze necesit\u0103 conexiuni solide.<\/p>\n<p>[\/et_pb_text][\/et_pb_column][\/et_pb_row][et_pb_row _builder_version=&#8221;4.19.2&#8243; _module_preset=&#8221;default&#8221; global_colors_info=&#8221;{}&#8221;][et_pb_column type=&#8221;4_4&#8243; _builder_version=&#8221;4.19.2&#8243; _module_preset=&#8221;default&#8221; global_colors_info=&#8221;{}&#8221;][et_pb_image src=&#8221;https:\/\/geldbach-me.com\/wp-content\/uploads\/2022\/12\/pexels-anamul-rezwan-1216589.jpg&#8221; title_text=&#8221;pexels-anamul-rezwan-1216589&#8243; _builder_version=&#8221;4.19.2&#8243; _module_preset=&#8221;default&#8221; global_colors_info=&#8221;{}&#8221;][\/et_pb_image][\/et_pb_column][\/et_pb_row][et_pb_row _builder_version=&#8221;4.19.2&#8243; _module_preset=&#8221;default&#8221; global_colors_info=&#8221;{}&#8221;][et_pb_column type=&#8221;4_4&#8243; _builder_version=&#8221;4.19.2&#8243; _module_preset=&#8221;default&#8221; global_colors_info=&#8221;{}&#8221;][et_pb_text _builder_version=&#8221;4.19.5&#8243; _module_preset=&#8221;default&#8221; hover_enabled=&#8221;0&#8243; global_colors_info=&#8221;{}&#8221; sticky_enabled=&#8221;0&#8243;]<\/p>\n<h2>Serviciu impresionant pentru instala\u021bii \u0219i inginerie mecanic\u0103<\/h2>\n<p>Aceast\u0103 industrie prezint\u0103 provoc\u0103ri complexe. Cunoa\u0219tem bine diferitele clase de materiale, produse \u0219i servicii necesare \u00een rolul nostru de furnizor de \u00eencredere de \u021bevi, flan\u0219e \u0219i fitinguri.<\/p>\n<p>Deservim nume importante din domeniul instala\u021biilor industriale \u0219i al ingineriei mecanice din stocul nostru larg \u0219i din programul nostru de livrare, precum \u0219i produse personalizate realizate conform specifica\u021biilor clientului. Oferim, de asemenea, consultan\u021b\u0103 profesional\u0103 \u0219i competent\u0103 clien\u021bilor no\u0219tri mul\u021bumi\u021bi.<\/p>\n<p>Clien\u021bii no\u0219tri beneficiaz\u0103 de urm\u0103toarele specialit\u0103\u021bi pe care le furniz\u0103m \u00een mod special pentru construc\u021bia de instala\u021bii \u0219i inginerie mecanic\u0103:<\/p>\n<ul>\n<li>Etichetarea \u0219i marcarea componentelor conductelor\n<\/li>\n<li>O gam\u0103 larg\u0103 de servicii de prelucrare\n<\/li>\n<li>Tratarea suprafe\u021belor \u00een func\u021bie de cerin\u021be \u0219i specifica\u021bii\n<\/li>\n<li>Depozitare pe baz\u0103 de contract pentru produse \u00een conformitate cu specifica\u021biile clien\u021bilor\n<\/li>\n<li>Piese dup\u0103 desen, produse speciale, coturi de \u021bevi \u0219i prefabricate\n<\/li>\n<li>Management de proiect, servicii de tip &#8220;one-stop-shop\n<\/li>\n<li>Expertiza specific\u0103 industriei, rezultat\u0103 din anii de experien\u021b\u0103\n<\/li>\n<\/ul>\n<p>Nu ezita\u021bi s\u0103 ne contacta\u021bi pe noi \u0219i pe exper\u021bii no\u0219tri \u00een domeniu pentru orice \u00eentreb\u0103ri pe care le ave\u021bi cu privire la serviciile noastre pentru construc\u021bia de instala\u021bii \u0219i inginerie mecanic\u0103.<\/p>\n<p>[\/et_pb_text][\/et_pb_column][\/et_pb_row][\/et_pb_section]<\/p>\n","protected":false},"excerpt":{"rendered":"<p>Conexiuni puternice pentru facilit\u0103\u021bi SC GELDBACH FITINGURI SI FLANSE SRL este furnizorul de \u00eencredere pentru instala\u021bii \u0219i inginerie.Furnizori \u00een domeniul instala\u021biilor \u0219i al ingineriei Sistemele \u0219i ma\u0219inile de \u00eenalt\u0103 performan\u021b\u0103 joac\u0103 un rol esen\u021bial \u00een fabricarea \u0219i produc\u021bia industrial\u0103 a numeroase bunuri \u0219i materiale. Transportul unei mari variet\u0103\u021bi de lichide, solide \u0219i gaze necesit\u0103 conexiuni [&hellip;]<\/p>\n","protected":false},"author":1,"featured_media":0,"parent":0,"menu_order":0,"comment_status":"closed","ping_status":"closed","template":"","meta":{"_et_pb_use_builder":"on","_et_pb_old_content":"<!-- wp:divi\/placeholder \/-->","_et_gb_content_width":"","footnotes":""},"class_list":["post-149","page","type-page","status-publish","hentry"],"_links":{"self":[{"href":"https:\/\/www.geldbach.ro\/en\/wp-json\/wp\/v2\/pages\/149","targetHints":{"allow":["GET"]}}],"collection":[{"href":"https:\/\/www.geldbach.ro\/en\/wp-json\/wp\/v2\/pages"}],"about":[{"href":"https:\/\/www.geldbach.ro\/en\/wp-json\/wp\/v2\/types\/page"}],"author":[{"embeddable":true,"href":"https:\/\/www.geldbach.ro\/en\/wp-json\/wp\/v2\/users\/1"}],"replies":[{"embeddable":true,"href":"https:\/\/www.geldbach.ro\/en\/wp-json\/wp\/v2\/comments?post=149"}],"version-history":[{"count":4,"href":"https:\/\/www.geldbach.ro\/en\/wp-json\/wp\/v2\/pages\/149\/revisions"}],"predecessor-version":[{"id":628,"href":"https:\/\/www.geldbach.ro\/en\/wp-json\/wp\/v2\/pages\/149\/revisions\/628"}],"wp:attachment":[{"href":"https:\/\/www.geldbach.ro\/en\/wp-json\/wp\/v2\/media?parent=149"}],"curies":[{"name":"wp","href":"https:\/\/api.w.org\/{rel}","templated":true}]}}