{"id":151,"date":"2022-12-02T02:31:21","date_gmt":"2022-12-02T02:31:21","guid":{"rendered":"https:\/\/geldbach-me.com\/?page_id=151"},"modified":"2023-02-01T10:19:09","modified_gmt":"2023-02-01T10:19:09","slug":"refineries-and-petro-chemicals","status":"publish","type":"page","link":"https:\/\/www.geldbach.ro\/en\/refineries-and-petro-chemicals\/","title":{"rendered":"Refineries and petro-chemicals"},"content":{"rendered":"<p>[et_pb_section fb_built=&#8221;1&#8243; _builder_version=&#8221;4.19.2&#8243; _module_preset=&#8221;default&#8221; background_color=&#8221;rgba(0,0,0,0.66)&#8221; background_image=&#8221;https:\/\/geldbach-me.com\/wp-content\/uploads\/2022\/12\/pexels-loic-manegarium-38559621.jpg&#8221; background_blend=&#8221;overlay&#8221; min_height=&#8221;245px&#8221; global_colors_info=&#8221;{}&#8221;][et_pb_row column_structure=&#8221;3_5,2_5&#8243; _builder_version=&#8221;4.19.2&#8243; _module_preset=&#8221;default&#8221; global_colors_info=&#8221;{}&#8221;][et_pb_column type=&#8221;3_5&#8243; _builder_version=&#8221;4.19.2&#8243; _module_preset=&#8221;default&#8221; global_colors_info=&#8221;{}&#8221;][et_pb_text _builder_version=&#8221;4.19.5&#8243; _module_preset=&#8221;default&#8221; header_text_color=&#8221;#FFFFFF&#8221; header_font_size=&#8221;34px&#8221; header_3_text_color=&#8221;#FFFFFF&#8221; header_3_font_size=&#8221;15px&#8221; hover_enabled=&#8221;0&#8243; global_colors_info=&#8221;{}&#8221; sticky_enabled=&#8221;0&#8243;]<\/p>\n<h1>Solu\u021bii specifice industriei<\/h1>\n<h3>Punctele noastre forte sunt cerin\u021bele speciale \u0219i expertiza corespunz\u0103toare.<\/h3>\n<p>[\/et_pb_text][\/et_pb_column][et_pb_column type=&#8221;2_5&#8243; _builder_version=&#8221;4.19.2&#8243; _module_preset=&#8221;default&#8221; global_colors_info=&#8221;{}&#8221;][\/et_pb_column][\/et_pb_row][\/et_pb_section][et_pb_section fb_built=&#8221;1&#8243; _builder_version=&#8221;4.19.2&#8243; _module_preset=&#8221;default&#8221; custom_margin=&#8221;44px|||||&#8221; global_colors_info=&#8221;{}&#8221;][et_pb_row _builder_version=&#8221;4.19.2&#8243; _module_preset=&#8221;default&#8221; global_colors_info=&#8221;{}&#8221;][et_pb_column type=&#8221;4_4&#8243; _builder_version=&#8221;4.19.2&#8243; _module_preset=&#8221;default&#8221; global_colors_info=&#8221;{}&#8221;][et_pb_text _builder_version=&#8221;4.19.5&#8243; _module_preset=&#8221;default&#8221; header_text_align=&#8221;center&#8221; header_line_height=&#8221;1.3em&#8221; hover_enabled=&#8221;0&#8243; global_colors_info=&#8221;{}&#8221; sticky_enabled=&#8221;0&#8243;]<\/p>\n<h1>Furnizor pentru rafin\u0103rii \u0219i industria petrochimic\u0103<\/h1>\n<p>Rafin\u0103riile \u0219i industria petrochimic\u0103 produc carburan\u021bi \u0219i o varietate de alte produse de uz cotidian, fie ca produse preliminare, fie ca produse finale, folosind \u021bi\u021bei \u0219i gaze naturale. Acest lucru necesit\u0103 standarde de siguran\u021b\u0103 riguroase corespunz\u0103toare \u0219i, prin urmare, \u0219i furnizori care pot satisface cerin\u021bele ridicate ale acestei industrii.<\/p>\n<p>[\/et_pb_text][et_pb_image src=&#8221;https:\/\/geldbach-me.com\/wp-content\/uploads\/2022\/12\/pexels-loic-manegarium-38559621.jpg&#8221; title_text=&#8221;pexels-lo\u00efc-manegarium-3855962(1)&#8221; _builder_version=&#8221;4.19.2&#8243; _module_preset=&#8221;default&#8221; global_colors_info=&#8221;{}&#8221;][\/et_pb_image][et_pb_text _builder_version=&#8221;4.19.5&#8243; _module_preset=&#8221;default&#8221; hover_enabled=&#8221;0&#8243; global_colors_info=&#8221;{}&#8221; sticky_enabled=&#8221;0&#8243;]<\/p>\n<h2>Servicii impresionante pentru rafin\u0103rii \u0219i industria petrochimic\u0103<\/h2>\n<p>Petrochimia ca domeniu cuprinde o varietate de produse de uz cotidian, cum ar fi materialele plastice, plastifian\u021bii, materiile prime pentru detergen\u021bi, solven\u021bii \u0219i produsele preliminare utilizate \u00een prelucrarea chimic\u0103. Aceasta implic\u0103, de obicei, prelucrarea substan\u021belor chimice pe baz\u0103 de petrol ca materii prime. Nafta \u0219i distilatele medii servesc drept materii prime, astfel c\u0103 industria petrochimic\u0103 este str\u00e2ns legat\u0103 de rafin\u0103rii.<\/p>\n<p>Multe companii \u0219i furnizorii acestora vor lucra numai cu furnizorii din amonte care sunt extrem de bine familiariza\u021bi cu cerin\u021bele speciale implicate \u0219i care pot documenta expertiza necesar\u0103.<\/p>\n<p>Noi, cei de la SC GELDBACH FITINGURI SI FLANSE SRL, oferim consultan\u021b\u0103 \u0219i asisten\u021b\u0103 profesional\u0103 pentru clien\u021bi. Dincolo de gama noastr\u0103 extins\u0103 de produse, le oferim clien\u021bilor \u0219i un sprijin extrem de profesionist \u00een implementarea proiectelor complexe de conducte \u0219i instala\u021bii, precum \u0219i \u00een furnizarea produselor necesare zilnic.<\/p>\n<p>Clien\u021bii no\u0219tri beneficiaz\u0103 de urm\u0103toarele specialit\u0103\u021bi pe care le furniz\u0103m \u00een mod special pentru industria petrochimic\u0103 \u0219i rafin\u0103rii:<\/p>\n<ul>\n<li>Managementul MRO (opera\u021biuni de \u00eentre\u021binere \u0219i repara\u021bii) \u0219i asisten\u021b\u0103 \u00een timpul opririlor<\/li>\n<li>Calculul grosimii pere\u021bilor pentru fitingurile de \u021bevi conform DIN EN 1594 \u0219i AD 2000<\/li>\n<li>Cunoa\u0219terea aprofundat\u0103 a standardelor aplicabile instala\u021biilor de produc\u021bie<\/li>\n<li>Cerin\u021be avansate, cum ar fi testarea la trac\u021biune la cald \u0219i testarea la impact cu crest\u0103tur\u0103<\/li>\n<li>Managementul proiectelor, precum \u0219i servicii de tip &#8220;one-stop-shop<br \/>Expertiza specific\u0103 industriei, rezultat\u0103 din anii de experien\u021b\u0103\n<\/li>\n<\/ul>\n<p>Nu ezita\u021bi s\u0103 ne contacta\u021bi pe noi \u0219i pe exper\u021bii no\u0219tri din industrie pentru orice \u00eentreb\u0103ri pe care le ave\u021bi cu privire la serviciile noastre pentru petrochimie \u0219i rafin\u0103rii.<\/p>\n<p>[\/et_pb_text][\/et_pb_column][\/et_pb_row][\/et_pb_section]<\/p>\n","protected":false},"excerpt":{"rendered":"<p>Solu\u021bii specifice industriei Punctele noastre forte sunt cerin\u021bele speciale \u0219i expertiza corespunz\u0103toare.Furnizor pentru rafin\u0103rii \u0219i industria petrochimic\u0103 Rafin\u0103riile \u0219i industria petrochimic\u0103 produc carburan\u021bi \u0219i o varietate de alte produse de uz cotidian, fie ca produse preliminare, fie ca produse finale, folosind \u021bi\u021bei \u0219i gaze naturale. Acest lucru necesit\u0103 standarde de siguran\u021b\u0103 riguroase corespunz\u0103toare \u0219i, prin [&hellip;]<\/p>\n","protected":false},"author":1,"featured_media":0,"parent":0,"menu_order":0,"comment_status":"closed","ping_status":"closed","template":"","meta":{"_et_pb_use_builder":"on","_et_pb_old_content":"<!-- wp:divi\/placeholder \/-->","_et_gb_content_width":"","footnotes":""},"class_list":["post-151","page","type-page","status-publish","hentry"],"_links":{"self":[{"href":"https:\/\/www.geldbach.ro\/en\/wp-json\/wp\/v2\/pages\/151","targetHints":{"allow":["GET"]}}],"collection":[{"href":"https:\/\/www.geldbach.ro\/en\/wp-json\/wp\/v2\/pages"}],"about":[{"href":"https:\/\/www.geldbach.ro\/en\/wp-json\/wp\/v2\/types\/page"}],"author":[{"embeddable":true,"href":"https:\/\/www.geldbach.ro\/en\/wp-json\/wp\/v2\/users\/1"}],"replies":[{"embeddable":true,"href":"https:\/\/www.geldbach.ro\/en\/wp-json\/wp\/v2\/comments?post=151"}],"version-history":[{"count":5,"href":"https:\/\/www.geldbach.ro\/en\/wp-json\/wp\/v2\/pages\/151\/revisions"}],"predecessor-version":[{"id":629,"href":"https:\/\/www.geldbach.ro\/en\/wp-json\/wp\/v2\/pages\/151\/revisions\/629"}],"wp:attachment":[{"href":"https:\/\/www.geldbach.ro\/en\/wp-json\/wp\/v2\/media?parent=151"}],"curies":[{"name":"wp","href":"https:\/\/api.w.org\/{rel}","templated":true}]}}