{"id":17,"date":"2022-12-01T12:58:26","date_gmt":"2022-12-01T12:58:26","guid":{"rendered":"https:\/\/geldbach-me.com\/?page_id=17"},"modified":"2023-05-29T16:03:52","modified_gmt":"2023-05-29T16:03:52","slug":"about-us","status":"publish","type":"page","link":"https:\/\/www.geldbach.ro\/en\/about-us\/","title":{"rendered":"About Us"},"content":{"rendered":"<p>[et_pb_section fb_built=&#8221;1&#8243; _builder_version=&#8221;4.21.0&#8243; _module_preset=&#8221;default&#8221; background_color=&#8221;rgba(0,0,0,0.66)&#8221; background_image=&#8221;https:\/\/www.geldbach.ro\/en\/wp-content\/uploads\/2022\/12\/Picture1.jpg&#8221; background_blend=&#8221;overlay&#8221; min_height=&#8221;245px&#8221; hover_enabled=&#8221;0&#8243; global_colors_info=&#8221;{}&#8221; title_text=&#8221;Picture1&#8243; sticky_enabled=&#8221;0&#8243;][et_pb_row column_structure=&#8221;3_5,2_5&#8243; _builder_version=&#8221;4.19.2&#8243; _module_preset=&#8221;default&#8221; global_colors_info=&#8221;{}&#8221;][et_pb_column type=&#8221;3_5&#8243; _builder_version=&#8221;4.19.2&#8243; _module_preset=&#8221;default&#8221; global_colors_info=&#8221;{}&#8221;][et_pb_text _builder_version=&#8221;4.19.5&#8243; _module_preset=&#8221;default&#8221; header_text_color=&#8221;#FFFFFF&#8221; header_font_size=&#8221;34px&#8221; header_3_text_color=&#8221;#FFFFFF&#8221; header_3_font_size=&#8221;15px&#8221; global_colors_info=&#8221;{}&#8221;]<\/p>\n<h1>Puternic conectat<\/h1>\n<h3>Cu cuno\u0219tin\u021bele noastre, ne-am f\u0103cut un nume \u00een toate sectoarele \u00eenc\u0103 din 1903.<\/h3>\n<p>[\/et_pb_text][\/et_pb_column][et_pb_column type=&#8221;2_5&#8243; _builder_version=&#8221;4.19.2&#8243; _module_preset=&#8221;default&#8221; global_colors_info=&#8221;{}&#8221;][\/et_pb_column][\/et_pb_row][\/et_pb_section][et_pb_section fb_built=&#8221;1&#8243; _builder_version=&#8221;4.19.2&#8243; _module_preset=&#8221;default&#8221; custom_margin=&#8221;44px|||||&#8221; global_colors_info=&#8221;{}&#8221;][et_pb_row _builder_version=&#8221;4.19.2&#8243; _module_preset=&#8221;default&#8221; global_colors_info=&#8221;{}&#8221;][et_pb_column type=&#8221;4_4&#8243; _builder_version=&#8221;4.19.2&#8243; _module_preset=&#8221;default&#8221; global_colors_info=&#8221;{}&#8221;][et_pb_text _builder_version=&#8221;4.19.5&#8243; _module_preset=&#8221;default&#8221; header_font=&#8221;|700|||||||&#8221; header_text_align=&#8221;center&#8221; global_colors_info=&#8221;{}&#8221;]<\/p>\n<h1>Despre SC GELDBACH FITINGURI SI FLANSE SRL<\/h1>\n<p>[\/et_pb_text][et_pb_divider color=&#8221;#345B00&#8243; divider_weight=&#8221;2px&#8221; _builder_version=&#8221;4.19.2&#8243; _module_preset=&#8221;default&#8221; global_colors_info=&#8221;{}&#8221;][\/et_pb_divider][\/et_pb_column][\/et_pb_row][et_pb_row column_structure=&#8221;1_2,1_2&#8243; _builder_version=&#8221;4.19.2&#8243; _module_preset=&#8221;default&#8221; global_colors_info=&#8221;{}&#8221;][et_pb_column type=&#8221;1_2&#8243; _builder_version=&#8221;4.19.2&#8243; _module_preset=&#8221;default&#8221; global_colors_info=&#8221;{}&#8221;][et_pb_image src=&#8221;https:\/\/www.geldbach.ro\/en\/wp-content\/uploads\/2023\/01\/Untitled-1.jpg&#8221; title_text=&#8221;Untitled-1&#8243; _builder_version=&#8221;4.19.5&#8243; _module_preset=&#8221;default&#8221; global_colors_info=&#8221;{}&#8221;][\/et_pb_image][et_pb_text _builder_version=&#8221;4.21.0&#8243; _module_preset=&#8221;default&#8221; custom_padding=&#8221;||0px|||&#8221; global_colors_info=&#8221;{}&#8221;]<\/p>\n<h1 style=\"text-align: justify;\">ISTORIE<\/h1>\n<p style=\"text-align: justify;\">Istoria familiei Geldbach dateaz\u0103 de la bunicul lui Wilhelm Geldbach, bunicul doctorului Geldbach. \u00cen 1903, acesta \u0219i-a \u00eenfiin\u021bat propria fabric\u0103 de presare \u0219i \u0219tan\u021bare cu o fabric\u0103 de coliere \u0219i flan\u0219e de tabl\u0103 pentru industria minier\u0103, care erau forjate la \u021bevi la acea vreme. &#8220;Cei doi fii ai s\u0103i, Dr. Wilhelm Geldbach \u0219i Dr. Alfred Geldbach, au preluat Compania \u0219i au contribuit cu propriile lor abilit\u0103\u021bi inginere\u0219ti \u0219i cu multe dezvolt\u0103ri brevetate&#8221;, spune doamna El Difrawi-Geldbach. &#8220;C\u00e2nd so\u021bul meu s-a al\u0103turat companiei \u00een 1963, aceasta avea 218 angaja\u021bi \u0219i \u00eenc\u0103 f\u0103cea parte \u00een principal din industria minier\u0103.&#8221; Sim\u021bul datoriei a fost cel care l-a f\u0103cut pe doctorul \u00een drept \u0219i asistentul fiscal calificat s\u0103 \u00ee\u0219i dedice cariera afacerii de familie. Tat\u0103l s\u0103u murise \u00een 1952, iar unchiul s\u0103u a \u00eenceput s\u0103 se retrag\u0103 din afaceri dup\u0103 ce fondatorul Wilhelm Geldbach a murit \u0219i el \u00een 1964. Ca r\u0103spuns la criza c\u0103rbunelui din 1968, Dr. Geldbach a f\u0103cut totul pentru a intensifica v\u00e2nz\u0103rile \u0219i a extinde cooperarea interna\u021bional\u0103. Produc\u021bia s-a concentrat pe flan\u0219e \u0219i fitinguri \u0219i a adus companiei Geldbach numeroase aprob\u0103ri interna\u021bionale din partea marilor companii chimice \u0219i petrochimice. La \u00eenceputul anilor 1970, Dr. Geldbach a fondat Geldbach Gruppe GmbH &amp; Co. KG pentru a ob\u021bine mai mult\u0103 independen\u021b\u0103 fa\u021b\u0103 de o singur\u0103 industrie. \u00cen 1999, Geldbach Gruppe \u0219i Wilhelm Geldbach, Gelsen\u00ackirchen, s-au separat pentru a lucra independent. Pentru Dr. Geldbach, acest lucru a \u00eensemnat posibilitatea de a realiza produc\u021bia la scar\u0103 interna\u021bional\u0103, dar \u00een conformitate cu standardele de calitate germane apreciate la nivel interna\u021bional. &#8220;\u00centre timp, brevetele noastre au devenit standardul tehnologic&#8221;, comenteaz\u0103 doamna El Difrawi-Geldbach. &#8220;\u00cen timp ce cerin\u021bele sunt mereu \u00een cre\u0219tere, inova\u021biile sunt posibile doar \u00een ceea ce prive\u0219te materialele. Noi producem flan\u0219e \u0219i fitinguri de foarte bun\u0103 calitate german\u0103, care este apreciat\u0103 \u00een \u00eentreaga lume. Toate atelierele noastre func\u021bioneaz\u0103 ca ni\u0219te fabrici germane, cu toate aprob\u0103rile necesare.&#8221; Grupul Geldbach este un holding de\u021binut 100% de familie. Patru dintre cei 33 de membri ai s\u0103i din \u00eentreaga lume sunt produc\u0103tori: doi \u00een Germania \u0219i doi \u00een China, ambii dota\u021bi cu experien\u021ba \u0219i know-how-ul pe termen lung al companiilor-mam\u0103 germane.<\/p>\n<p>[\/et_pb_text][et_pb_video _builder_version=&#8221;4.19.2&#8243; _module_preset=&#8221;default&#8221; global_colors_info=&#8221;{}&#8221;][\/et_pb_video][et_pb_image src=&#8221;https:\/\/geldbach.ro\/en\/wp-content\/uploads\/2022\/12\/pexels-sora-shimazaki-5673488.jpg&#8221; title_text=&#8221;pexels-sora-shimazaki-5673488&#8243; _builder_version=&#8221;4.19.2&#8243; _module_preset=&#8221;default&#8221; global_colors_info=&#8221;{}&#8221;][\/et_pb_image][\/et_pb_column][et_pb_column type=&#8221;1_2&#8243; _builder_version=&#8221;4.19.2&#8243; _module_preset=&#8221;default&#8221; global_colors_info=&#8221;{}&#8221;][et_pb_text _builder_version=&#8221;4.19.5&#8243; _module_preset=&#8221;default&#8221; header_text_align=&#8221;left&#8221; header_line_height=&#8221;1.3em&#8221; global_colors_info=&#8221;{}&#8221;]<\/p>\n<h1 style=\"text-align: justify;\">COMPETEN\u021aA NOASTR\u0102 DE BAZ\u0102<\/h1>\n<p style=\"text-align: justify;\">SC GELDBACH FITINGURI SI FLANSE SRL este partenerul dumneavoastr\u0103 puternic, cu un portofoliu de produse \u0219i o gam\u0103 de servicii adaptate la cerin\u021bele dumneavoastr\u0103 specifice. Grupul Geldbach include distribuitori specializa\u021bi, precum \u0219i fabrici proprii de produc\u021bie angajate \u00een calitate \u0219i tradi\u021bie. Datorit\u0103 structurii sale diversificate, grupul nu numai c\u0103 este capabil s\u0103 acopere \u00een scurt timp toate cerin\u021bele din stoc, dar \u0219i s\u0103 se ocupe de proiecte complexe de toate dimensiunile, de la \u00eenceput p\u00e2n\u0103 la sf\u00e2r\u0219it.<\/p>\n<p style=\"text-align: justify;\">[\/et_pb_text][et_pb_image src=&#8221;https:\/\/geldbach-me.com\/wp-content\/uploads\/2022\/12\/Picture6.png&#8221; title_text=&#8221;Picture6&#8243; align=&#8221;center&#8221; _builder_version=&#8221;4.19.2&#8243; _module_preset=&#8221;default&#8221; global_colors_info=&#8221;{}&#8221;][\/et_pb_image][et_pb_text _builder_version=&#8221;4.19.2&#8243; _module_preset=&#8221;default&#8221; global_colors_info=&#8221;{}&#8221;]<\/p>\n<p style=\"text-align: center;\"><strong>Mr. Wilhelm Geldbach<\/strong><\/p>\n<p>[\/et_pb_text][et_pb_image src=&#8221;https:\/\/geldbach-me.com\/wp-content\/uploads\/2022\/12\/Picture7.png&#8221; title_text=&#8221;Picture7&#8243; align=&#8221;center&#8221; _builder_version=&#8221;4.19.2&#8243; _module_preset=&#8221;default&#8221; global_colors_info=&#8221;{}&#8221;][\/et_pb_image][et_pb_text _builder_version=&#8221;4.19.2&#8243; _module_preset=&#8221;default&#8221; global_colors_info=&#8221;{}&#8221;]<\/p>\n<p style=\"text-align: center;\"><strong>Dr. Manfred Geldbach<\/strong><\/p>\n<p>[\/et_pb_text][et_pb_text _builder_version=&#8221;4.19.5&#8243; _module_preset=&#8221;default&#8221; global_colors_info=&#8221;{}&#8221;]<\/p>\n<h1 style=\"text-align: justify;\">MISIUNEA NOASTR\u0102<\/h1>\n<h3 style=\"text-align: justify;\">SERVICII CU VALOARE AD\u0102UGAT\u0102<\/h3>\n<p style=\"text-align: justify;\">Geldbach este partenerul dvs. de \u00eencredere atunci c\u00e2nd vine vorba de \u021bevi \u0219i racorduri de \u021bevi \u00een conformitate cu DIN EN, ASME \u0219i BS din o\u021beluri nealiate, aliate \u0219i rezistente la temperaturi sc\u0103zute, precum \u0219i o\u021beluri cu randament ridicat, o\u021beluri cu granula\u021bie fin\u0103 \u0219i o\u021beluri inoxidabile. Prin controlul \u00eentregului lan\u021b valoric, se asigur\u0103 un standard de calitate constant ridicat, care poate fi dovedit \u00een orice moment prin numeroase certific\u0103ri, precum \u0219i prin aprob\u0103ri. Propria noastr\u0103 expertiz\u0103 tehnic\u0103 contribuie la un nivel ridicat de beneficii pentru clien\u021bi \u00een orice moment. Datorit\u0103 prezen\u021bei opera\u021bionale globale \u00een leg\u0103tur\u0103 cu procesele de luare a deciziilor eficiente, se poate oferi un serviciu interna\u021bional pentru clien\u021bi at\u00e2t la nivel local, c\u00e2t \u0219i interna\u021bional.<\/p>\n<p>[\/et_pb_text][et_pb_text _builder_version=&#8221;4.19.5&#8243; _module_preset=&#8221;default&#8221; global_colors_info=&#8221;{}&#8221;]<\/p>\n<h1>SC GELDBACH FITINGURI SI FLANSE SRL este membr\u0103 a Geldbach Gruppe.<\/h1>\n<p>Am f\u0103cut parte din primele companii care au stabilit contacte \u00een China. \u00cen 1998, am negociat planuri concrete de dezvoltare local\u0103. Ne-am num\u0103rat printre primii investitori str\u0103ini.<\/p>\n<p>[\/et_pb_text][\/et_pb_column][\/et_pb_row][et_pb_row column_structure=&#8221;1_2,1_2&#8243; _builder_version=&#8221;4.19.2&#8243; _module_preset=&#8221;default&#8221; global_colors_info=&#8221;{}&#8221;][et_pb_column type=&#8221;1_2&#8243; _builder_version=&#8221;4.19.2&#8243; _module_preset=&#8221;default&#8221; global_colors_info=&#8221;{}&#8221;][et_pb_text _builder_version=&#8221;4.19.5&#8243; _module_preset=&#8221;default&#8221; header_3_font=&#8221;|600|||||||&#8221; global_colors_info=&#8221;{}&#8221;]<\/p>\n<h3>LOCA\u021aIILE NOASTRE DE PRODUC\u021aIE \u0218I V\u00c2NZ\u0102RI<\/h3>\n<p>[\/et_pb_text][et_pb_image src=&#8221;https:\/\/geldbach.ro\/en\/wp-content\/uploads\/2022\/12\/gil2.png&#8221; title_text=&#8221;gil2&#8243; _builder_version=&#8221;4.19.2&#8243; _module_preset=&#8221;default&#8221; global_colors_info=&#8221;{}&#8221;][\/et_pb_image][\/et_pb_column][et_pb_column type=&#8221;1_2&#8243; _builder_version=&#8221;4.19.2&#8243; _module_preset=&#8221;default&#8221; global_colors_info=&#8221;{}&#8221;][et_pb_text _builder_version=&#8221;4.19.5&#8243; _module_preset=&#8221;default&#8221; header_3_font=&#8221;|600|||||||&#8221; global_colors_info=&#8221;{}&#8221;]<\/p>\n<h3>NUMELE NOASTRE \u00ceN LUME<\/h3>\n<p>[\/et_pb_text][et_pb_image src=&#8221;https:\/\/geldbach.ro\/en\/wp-content\/uploads\/2023\/01\/Untitled-3.jpg&#8221; title_text=&#8221;Untitled-3&#8243; _builder_version=&#8221;4.19.4&#8243; _module_preset=&#8221;default&#8221; global_colors_info=&#8221;{}&#8221;][\/et_pb_image][\/et_pb_column][\/et_pb_row][\/et_pb_section]<\/p>\n","protected":false},"excerpt":{"rendered":"<p>Puternic conectat Cu cuno\u0219tin\u021bele noastre, ne-am f\u0103cut un nume \u00een toate sectoarele \u00eenc\u0103 din 1903.Despre SC GELDBACH FITINGURI SI FLANSE SRLISTORIE Istoria familiei Geldbach dateaz\u0103 de la bunicul lui Wilhelm Geldbach, bunicul doctorului Geldbach. \u00cen 1903, acesta \u0219i-a \u00eenfiin\u021bat propria fabric\u0103 de presare \u0219i \u0219tan\u021bare cu o fabric\u0103 de coliere \u0219i flan\u0219e de tabl\u0103 pentru [&hellip;]<\/p>\n","protected":false},"author":1,"featured_media":0,"parent":0,"menu_order":0,"comment_status":"closed","ping_status":"closed","template":"","meta":{"_et_pb_use_builder":"on","_et_pb_old_content":"<!-- wp:divi\/placeholder \/-->","_et_gb_content_width":"","footnotes":""},"class_list":["post-17","page","type-page","status-publish","hentry"],"_links":{"self":[{"href":"https:\/\/www.geldbach.ro\/en\/wp-json\/wp\/v2\/pages\/17","targetHints":{"allow":["GET"]}}],"collection":[{"href":"https:\/\/www.geldbach.ro\/en\/wp-json\/wp\/v2\/pages"}],"about":[{"href":"https:\/\/www.geldbach.ro\/en\/wp-json\/wp\/v2\/types\/page"}],"author":[{"embeddable":true,"href":"https:\/\/www.geldbach.ro\/en\/wp-json\/wp\/v2\/users\/1"}],"replies":[{"embeddable":true,"href":"https:\/\/www.geldbach.ro\/en\/wp-json\/wp\/v2\/comments?post=17"}],"version-history":[{"count":19,"href":"https:\/\/www.geldbach.ro\/en\/wp-json\/wp\/v2\/pages\/17\/revisions"}],"predecessor-version":[{"id":837,"href":"https:\/\/www.geldbach.ro\/en\/wp-json\/wp\/v2\/pages\/17\/revisions\/837"}],"wp:attachment":[{"href":"https:\/\/www.geldbach.ro\/en\/wp-json\/wp\/v2\/media?parent=17"}],"curies":[{"name":"wp","href":"https:\/\/api.w.org\/{rel}","templated":true}]}}