{"id":22,"date":"2022-12-01T13:00:18","date_gmt":"2022-12-01T13:00:18","guid":{"rendered":"https:\/\/geldbach-me.com\/?page_id=22"},"modified":"2023-05-27T11:13:58","modified_gmt":"2023-05-27T11:13:58","slug":"certificates","status":"publish","type":"page","link":"https:\/\/www.geldbach.ro\/en\/certificates\/","title":{"rendered":"Certificates"},"content":{"rendered":"<p>[et_pb_section fb_built=&#8221;1&#8243; _builder_version=&#8221;4.21.0&#8243; _module_preset=&#8221;default&#8221; background_color=&#8221;rgba(0,0,0,0.66)&#8221; background_image=&#8221;https:\/\/www.geldbach.ro\/en\/wp-content\/uploads\/2022\/12\/flansche-din-en.jpg&#8221; background_blend=&#8221;overlay&#8221; min_height=&#8221;245px&#8221; hover_enabled=&#8221;0&#8243; global_colors_info=&#8221;{}&#8221; title_text=&#8221;flansche-din-en&#8221; sticky_enabled=&#8221;0&#8243;][et_pb_row column_structure=&#8221;3_5,2_5&#8243; _builder_version=&#8221;4.19.2&#8243; _module_preset=&#8221;default&#8221; global_colors_info=&#8221;{}&#8221;][et_pb_column type=&#8221;3_5&#8243; _builder_version=&#8221;4.19.2&#8243; _module_preset=&#8221;default&#8221; global_colors_info=&#8221;{}&#8221;][et_pb_text _builder_version=&#8221;4.19.5&#8243; _module_preset=&#8221;default&#8221; header_text_color=&#8221;#FFFFFF&#8221; header_font_size=&#8221;34px&#8221; header_3_text_color=&#8221;#FFFFFF&#8221; header_3_font_size=&#8221;15px&#8221; global_colors_info=&#8221;{}&#8221;]<\/p>\n<h1>Partenerul dumneavoastr\u0103 expert<\/h1>\n<h3>O gam\u0103 extins\u0103 de produse pentru specifica\u021biile individuale ale clien\u021bilor<\/h3>\n<p>[\/et_pb_text][\/et_pb_column][et_pb_column type=&#8221;2_5&#8243; _builder_version=&#8221;4.19.2&#8243; _module_preset=&#8221;default&#8221; global_colors_info=&#8221;{}&#8221;][\/et_pb_column][\/et_pb_row][\/et_pb_section][et_pb_section fb_built=&#8221;1&#8243; _builder_version=&#8221;4.19.2&#8243; _module_preset=&#8221;default&#8221; custom_margin=&#8221;44px|||||&#8221; global_colors_info=&#8221;{}&#8221;][et_pb_row column_structure=&#8221;2_3,1_3&#8243; _builder_version=&#8221;4.19.2&#8243; _module_preset=&#8221;default&#8221; global_colors_info=&#8221;{}&#8221;][et_pb_column type=&#8221;2_3&#8243; _builder_version=&#8221;4.19.2&#8243; _module_preset=&#8221;default&#8221; global_colors_info=&#8221;{}&#8221;][et_pb_text _builder_version=&#8221;4.21.0&#8243; _module_preset=&#8221;default&#8221; header_text_align=&#8221;center&#8221; header_line_height=&#8221;1.3em&#8221; global_colors_info=&#8221;{}&#8221;]<\/p>\n<h1 style=\"text-align: justify;\">ASTM Flan\u0219\u0103 \/ Flan\u0219\u0103 de sudur\u0103<\/h1>\n<p style=\"text-align: justify;\">Noi, cei de la SC GELDBACH FITINGURI SI FLANSE SRL, ne-am dezvoltat \u00een domeniul comercializ\u0103rii flan\u0219elor. De-a lungul anilor, ne-am c\u00e2\u0219tigat un nume de partener competent \u00een acest domeniu, a\u0219a cum se reflect\u0103 \u00een profunzimea \u0219i amploarea stocului nostru \u0219i a programului de livrare.<\/p>\n<p>Suntem exper\u021bi \u00een flan\u0219e \u0219i fitinguri sudate cap la cap pe care le furniz\u0103m \u00een orice form\u0103 \u0219i design, la orice standard. Chiar \u0219i a\u0219a, aten\u021bia noastr\u0103 se extinde dincolo de flan\u0219ele \u0219i fitingurile cu sudur\u0103 cap la cap conform ASTM, p\u00e2n\u0103 la flan\u0219ele \u0219i fitingurile cu sudur\u0103 cap la cap conform standardelor ASTM comune, a\u0219a cum sunt \u00eenc\u0103 utilizate \u00een construc\u021bia de containere \u0219i echipamente, precum \u0219i \u00een construc\u021bia de nave.<\/p>\n<p>[\/et_pb_text][et_pb_text _builder_version=&#8221;4.19.5&#8243; _module_preset=&#8221;default&#8221; global_colors_info=&#8221;{}&#8221;]<\/p>\n<h2>Modele \u0219i standarde<\/h2>\n<p style=\"text-align: justify;\">Flan\u0219ele standardizate ASTM \u0219i fitingurile cu sudur\u0103 cap la cap sunt extrem de diverse. Prin urmare, v\u0103 recomand\u0103m s\u0103 v\u0103 informa\u021bi cu privire la dimensiunile \u0219i presiunile nominale disponibile \u00een gama noastr\u0103 de produse.<\/p>\n<p>[\/et_pb_text][et_pb_text _builder_version=&#8221;4.19.5&#8243; _module_preset=&#8221;default&#8221; global_colors_info=&#8221;{}&#8221;]<\/p>\n<h2>Dimensiuni<\/h2>\n<p style=\"text-align: justify;\">Standardele individuale ofer\u0103 o mare varietate de op\u021biuni. Disponibilitatea flan\u0219elor individuale \u0219i a tipurilor \u0219i modelelor de fitinguri sudate cap la cap este limitat\u0103 &#8211; v\u0103 rug\u0103m s\u0103 solicita\u021bi \u00een avans. Furniz\u0103m toate dimensiunile comune, precum \u0219i grosimi de perete standard \u0219i nestandardizate.<\/p>\n<p>[\/et_pb_text][\/et_pb_column][et_pb_column type=&#8221;1_3&#8243; _builder_version=&#8221;4.19.2&#8243; _module_preset=&#8221;default&#8221; global_colors_info=&#8221;{}&#8221;][et_pb_text _builder_version=&#8221;4.19.5&#8243; _module_preset=&#8221;default&#8221; header_text_align=&#8221;center&#8221; header_text_color=&#8221;#345B00&#8243; header_line_height=&#8221;1.3em&#8221; global_colors_info=&#8221;{}&#8221;]<\/p>\n<h1 style=\"text-align: left;\"><strong>\u00a0 Desc\u0103rc\u0103ri<\/strong><\/h1>\n<p>[\/et_pb_text][et_pb_text _builder_version=&#8221;4.20.0&#8243; _module_preset=&#8221;default&#8221; link_text_align=&#8221;left&#8221; link_text_color=&#8221;#0C71C3&#8243; link_font_size=&#8221;18px&#8221; global_colors_info=&#8221;{}&#8221;]<\/p>\n<p style=\"text-align: left;\"><strong><a href=\"https:\/\/www.geldbach.ro\/en\/wp-content\/uploads\/2023\/02\/Certificat-ISO-9001_GELDBACH-FITINGURI-SI-FLANSE.pdf\">ISO 9001<\/a><\/strong><\/p>\n<p style=\"text-align: left;\"><strong><a href=\"https:\/\/www.geldbach.ro\/en\/wp-content\/uploads\/2023\/02\/Certificat-ISO-14001_GELDBACH-FITINGURI-SI-FLANSE.pdf\">ISO 14001<\/a><\/strong><\/p>\n<p style=\"text-align: left;\"><a href=\"https:\/\/www.geldbach.ro\/en\/wp-content\/uploads\/2023\/02\/Certificat-ISO-45001_GELDBACH-FITINGURI-SI-FLANSE.pdf\"><strong>ISO 45001<\/strong><\/a><\/p>\n<p>[\/et_pb_text][\/et_pb_column][\/et_pb_row][\/et_pb_section]<\/p>\n","protected":false},"excerpt":{"rendered":"<p>Partenerul dumneavoastr\u0103 expert O gam\u0103 extins\u0103 de produse pentru specifica\u021biile individuale ale clien\u021bilorASTM Flan\u0219\u0103 \/ Flan\u0219\u0103 de sudur\u0103 Noi, cei de la SC GELDBACH FITINGURI SI FLANSE SRL, ne-am dezvoltat \u00een domeniul comercializ\u0103rii flan\u0219elor. De-a lungul anilor, ne-am c\u00e2\u0219tigat un nume de partener competent \u00een acest domeniu, a\u0219a cum se reflect\u0103 \u00een profunzimea \u0219i amploarea [&hellip;]<\/p>\n","protected":false},"author":1,"featured_media":0,"parent":0,"menu_order":0,"comment_status":"closed","ping_status":"closed","template":"","meta":{"_et_pb_use_builder":"on","_et_pb_old_content":"<!-- wp:divi\/placeholder \/-->","_et_gb_content_width":"","footnotes":""},"class_list":["post-22","page","type-page","status-publish","hentry"],"_links":{"self":[{"href":"https:\/\/www.geldbach.ro\/en\/wp-json\/wp\/v2\/pages\/22","targetHints":{"allow":["GET"]}}],"collection":[{"href":"https:\/\/www.geldbach.ro\/en\/wp-json\/wp\/v2\/pages"}],"about":[{"href":"https:\/\/www.geldbach.ro\/en\/wp-json\/wp\/v2\/types\/page"}],"author":[{"embeddable":true,"href":"https:\/\/www.geldbach.ro\/en\/wp-json\/wp\/v2\/users\/1"}],"replies":[{"embeddable":true,"href":"https:\/\/www.geldbach.ro\/en\/wp-json\/wp\/v2\/comments?post=22"}],"version-history":[{"count":38,"href":"https:\/\/www.geldbach.ro\/en\/wp-json\/wp\/v2\/pages\/22\/revisions"}],"predecessor-version":[{"id":833,"href":"https:\/\/www.geldbach.ro\/en\/wp-json\/wp\/v2\/pages\/22\/revisions\/833"}],"wp:attachment":[{"href":"https:\/\/www.geldbach.ro\/en\/wp-json\/wp\/v2\/media?parent=22"}],"curies":[{"name":"wp","href":"https:\/\/api.w.org\/{rel}","templated":true}]}}