{"id":24,"date":"2022-12-01T13:00:46","date_gmt":"2022-12-01T13:00:46","guid":{"rendered":"https:\/\/geldbach-me.com\/?page_id=24"},"modified":"2023-05-29T16:32:25","modified_gmt":"2023-05-29T16:32:25","slug":"home","status":"publish","type":"page","link":"https:\/\/www.geldbach.ro\/en\/","title":{"rendered":"Home"},"content":{"rendered":"<p>[et_pb_section fb_built=&#8221;1&#8243; fullwidth=&#8221;on&#8221; _builder_version=&#8221;4.19.2&#8243; _module_preset=&#8221;default&#8221; global_colors_info=&#8221;{}&#8221;][et_pb_fullwidth_header header_fullscreen=&#8221;on&#8221; background_overlay_color=&#8221;rgba(0,0,0,0.49)&#8221; _builder_version=&#8221;4.19.5&#8243; _module_preset=&#8221;default&#8221; title_font=&#8221;Poppins|700|||||||&#8221; title_text_align=&#8221;left&#8221; title_font_size=&#8221;28px&#8221; title_letter_spacing=&#8221;1px&#8221; title_line_height=&#8221;1.2em&#8221; content_font=&#8221;Poppins|700|||||||&#8221; content_text_align=&#8221;left&#8221; background_color=&#8221;RGBA(255,255,255,0)&#8221; background_video_mp4=&#8221;https:\/\/www.geldbach.ro\/en\/wp-content\/uploads\/2023\/01\/Metallic-Cube-Logo-Reveal_720p.mp4&#8243; background_enable_video_webm=&#8221;off&#8221; background_video_width=&#8221;1920&#8243; background_video_height=&#8221;720&#8243; min_height=&#8221;833px&#8221; custom_padding=&#8221;||46px|||&#8221; title_font_size_tablet=&#8221;28px&#8221; title_font_size_phone=&#8221;21px&#8221; title_font_size_last_edited=&#8221;on|phone&#8221; content_font_size_tablet=&#8221;&#8221; content_font_size_phone=&#8221;14px&#8221; content_font_size_last_edited=&#8221;on|phone&#8221; global_colors_info=&#8221;{}&#8221;][\/et_pb_fullwidth_header][\/et_pb_section][et_pb_section fb_built=&#8221;1&#8243; _builder_version=&#8221;4.19.2&#8243; _module_preset=&#8221;default&#8221; global_colors_info=&#8221;{}&#8221;][et_pb_row _builder_version=&#8221;4.19.2&#8243; _module_preset=&#8221;default&#8221; global_colors_info=&#8221;{}&#8221;][et_pb_column type=&#8221;4_4&#8243; _builder_version=&#8221;4.19.2&#8243; _module_preset=&#8221;default&#8221; global_colors_info=&#8221;{}&#8221;][et_pb_text _builder_version=&#8221;4.19.5&#8243; _module_preset=&#8221;default&#8221; header_font=&#8221;|700|||||||&#8221; header_text_align=&#8221;center&#8221; global_colors_info=&#8221;{}&#8221;]<\/p>\n<h1>Cele mai bune conexiuni de \u021bevi, flan\u0219e \u0219i fitinguri<\/h1>\n<p>[\/et_pb_text][\/et_pb_column][\/et_pb_row][et_pb_row column_structure=&#8221;1_2,1_2&#8243; _builder_version=&#8221;4.19.2&#8243; _module_preset=&#8221;default&#8221; global_colors_info=&#8221;{}&#8221;][et_pb_column type=&#8221;1_2&#8243; _builder_version=&#8221;4.19.2&#8243; _module_preset=&#8221;default&#8221; global_colors_info=&#8221;{}&#8221;][et_pb_blurb title=&#8221;FLANSE&#8221; image=&#8221;https:\/\/geldbach-me.com\/wp-content\/uploads\/2022\/12\/flansche-din-en.jpg&#8221; _builder_version=&#8221;4.19.5&#8243; _module_preset=&#8221;default&#8221; header_level=&#8221;h2&#8243; header_font=&#8221;|700|||||||&#8221; body_link_font=&#8221;|700|||||||&#8221; body_link_text_color=&#8221;#345B00&#8243; animation=&#8221;bottom&#8221; body_link_text_shadow_style=&#8221;preset1&#8243; box_shadow_style_image=&#8221;preset1&#8243; global_colors_info=&#8221;{}&#8221; image_icon_background_color__hover_enabled=&#8221;on|hover&#8221;]<\/p>\n<h3>Personalizate \u0219i individuale<\/h3>\n<p>Cu o gam\u0103 extins\u0103 de flan\u0219e \u00een conformitate cu ASME\/ANSI, acoperim \u00eentreaga gam\u0103 de PED.<\/p>\n<h3 style=\"text-align: right;\"><a href=\"https:\/\/www.geldbach.ro\/en\/certificates\/\">Certific\u0103ri<\/a><\/h3>\n<p>[\/et_pb_blurb][\/et_pb_column][et_pb_column type=&#8221;1_2&#8243; _builder_version=&#8221;4.19.2&#8243; _module_preset=&#8221;default&#8221; global_colors_info=&#8221;{}&#8221;][et_pb_blurb title=&#8221;despre noi&#8221; image=&#8221;https:\/\/www.geldbach.ro\/en\/wp-content\/uploads\/2023\/01\/Untitled-1.jpg&#8221; image_icon_width=&#8221;58%&#8221; _builder_version=&#8221;4.19.5&#8243; _module_preset=&#8221;default&#8221; header_level=&#8221;h2&#8243; header_font=&#8221;|700||on|||||&#8221; body_link_font=&#8221;|700||on|||||&#8221; body_link_text_color=&#8221;#345B00&#8243; animation=&#8221;bottom&#8221; body_link_text_shadow_style=&#8221;preset1&#8243; global_colors_info=&#8221;{}&#8221; image_icon_background_color__hover_enabled=&#8221;on|hover&#8221;]<\/p>\n<p style=\"text-align: justify;\">Avem pl\u0103cerea de a v\u0103 informa c\u0103 firma SC GELDBACH FITINGURI \u0218I FLAN\u0218E SRL vine \u00een ajutorul dumneavoastr\u0103 pe pia\u021ba rom\u00e2neasc\u0103 deja din 2007, \u00een aprovizionarea cu fitinguri \u0219i flan\u0219e din o\u021bel pentru sudur\u0103. Firma nostr\u0103 comercializeaz\u0103 teuri, coturi, reduc\u021bii concentrice, reduc\u021bii excentrice, curbe, capace, flan\u0219e cu g\u00e2t, flan\u0219e plate, flan\u0219e oarbe, flan\u0219e libere pentru adaptor de polietilen\u0103, garnituri. Apar\u021binem de Holding-ul german GHW (Geldbach Handel \u2013 und Verwaltungs Gbmh &amp; Co. KG), aflat in administra\u021bia familiei Geldbach inc\u0103 din 1903 \u0219i cuprinde 3 produc\u0103tori: Wilhelm Geldbach Piping &amp; Equipment, Lindemann din Germania c\u00e2t \u0219i M. Geldbach Shanxi din China.<\/p>\n<h3 style=\"text-align: right;\"><a href=\"https:\/\/www.geldbach.ro\/en\/about-us\/\">\u00cen Continuare<\/a><\/h3>\n<h2 style=\"text-align: right;\"><\/h2>\n<p>[\/et_pb_blurb][\/et_pb_column][\/et_pb_row][\/et_pb_section][et_pb_section fb_built=&#8221;1&#8243; _builder_version=&#8221;4.19.2&#8243; _module_preset=&#8221;default&#8221; background_color=&#8221;#345b00&#8243; global_colors_info=&#8221;{}&#8221;][et_pb_row column_structure=&#8221;1_2,1_2&#8243; _builder_version=&#8221;4.19.2&#8243; _module_preset=&#8221;default&#8221; width=&#8221;100%&#8221; global_colors_info=&#8221;{}&#8221;][et_pb_column type=&#8221;1_2&#8243; _builder_version=&#8221;4.19.2&#8243; _module_preset=&#8221;default&#8221; global_colors_info=&#8221;{}&#8221;][et_pb_image src=&#8221;https:\/\/geldbach-me.com\/wp-content\/uploads\/2022\/12\/Picture1.png&#8221; title_text=&#8221;Picture1&#8243; _builder_version=&#8221;4.19.2&#8243; _module_preset=&#8221;default&#8221; min_height=&#8221;498px&#8221; height=&#8221;384px&#8221; scroll_rotating_enable=&#8221;on&#8221; scroll_rotating=&#8221;0|29|29|67|90|0|0&#8243; global_colors_info=&#8221;{}&#8221;][\/et_pb_image][\/et_pb_column][et_pb_column type=&#8221;1_2&#8243; _builder_version=&#8221;4.19.2&#8243; _module_preset=&#8221;default&#8221; global_colors_info=&#8221;{}&#8221;][et_pb_text _builder_version=&#8221;4.19.5&#8243; _module_preset=&#8221;default&#8221; text_font=&#8221;|600|||||||&#8221; text_text_color=&#8221;#FFFFFF&#8221; text_font_size=&#8221;18px&#8221; text_line_height=&#8221;2em&#8221; header_font=&#8221;|700|||||||&#8221; header_text_color=&#8221;#FFFFFF&#8221; header_font_size=&#8221;35px&#8221; header_2_font=&#8221;|600|||||||&#8221; header_2_text_color=&#8221;#FFFFFF&#8221; header_2_font_size=&#8221;27px&#8221; scroll_horizontal_motion=&#8221;0|46|46|100|4|0|-4&#8243; scroll_scaling_enable=&#8221;on&#8221; global_colors_info=&#8221;{}&#8221;]<\/p>\n<div class=\"col\">\n<h1 class=\"small text-uppercase mb-2\">Industrii<\/h1>\n<h2>Solu\u021bii pentru cerin\u021bele dumneavoastr\u0103<\/h2>\n<p>Experien\u021ba \u0219i know-how-ul joac\u0103 un rol esen\u021bial \u00een competen\u021bele specializate. Oferim solu\u021bii personalizate pentru cerin\u021bele clien\u021bilor no\u0219tri \u00eentr-o varietate de domenii de aplicare. Angajamentul \u0219i expertiza noastr\u0103 au f\u0103cut ca clien\u021bii s\u0103 r\u0103m\u00e2n\u0103 absolut mul\u021bumi\u021bi de serviciile noastre la GELDBACH FITINGURI SI FLANSE SRL. Proiectele dumneavoastr\u0103 sunt motiva\u021bia noastr\u0103. Dar nu ne crede\u021bi doar pe cuv\u00e2nt &#8211; \u00eencerca\u021bi-ne.<\/p>\n<\/div>\n<p>[\/et_pb_text][\/et_pb_column][\/et_pb_row][\/et_pb_section][et_pb_section fb_built=&#8221;1&#8243; _builder_version=&#8221;4.19.2&#8243; _module_preset=&#8221;default&#8221; global_colors_info=&#8221;{}&#8221;][et_pb_row column_structure=&#8221;1_4,1_4,1_4,1_4&#8243; _builder_version=&#8221;4.19.2&#8243; _module_preset=&#8221;default&#8221; animation_style=&#8221;zoom&#8221; scroll_scaling_enable=&#8221;on&#8221; global_colors_info=&#8221;{}&#8221;][et_pb_column type=&#8221;1_4&#8243; _builder_version=&#8221;4.19.2&#8243; _module_preset=&#8221;default&#8221; global_colors_info=&#8221;{}&#8221;][et_pb_blurb title=&#8221;Construc\u021bii navale \u0219i \u0219antiere navale&#8221; url=&#8221;https:\/\/www.geldbach.ro\/en\/shipbuilding-and-shipyards\/&#8221; image=&#8221;https:\/\/geldbach-me.com\/wp-content\/uploads\/2022\/12\/rffschiffbauneg.png&#8221; image_icon_width=&#8221;75%&#8221; _builder_version=&#8221;4.19.5&#8243; _module_preset=&#8221;default&#8221; header_text_align=&#8221;center&#8221; header_text_color=&#8221;#000000&#8243; image_icon_custom_margin=&#8221;||-22px||false|false&#8221; custom_padding=&#8221;||0px|||&#8221; global_colors_info=&#8221;{}&#8221; image_icon_background_color__hover_enabled=&#8221;on|hover&#8221; image_icon_background_color__hover=&#8221;#345B00&#8243;][\/et_pb_blurb][\/et_pb_column][et_pb_column type=&#8221;1_4&#8243; _builder_version=&#8221;4.19.2&#8243; _module_preset=&#8221;default&#8221; global_colors_info=&#8221;{}&#8221;][et_pb_blurb title=&#8221;Industria gazelor&#8221; url=&#8221;https:\/\/www.geldbach.ro\/en\/gas-industry\/&#8221; image=&#8221;https:\/\/geldbach-me.com\/wp-content\/uploads\/2022\/12\/rffgasindustrieneg.png&#8221; image_icon_width=&#8221;75%&#8221; _builder_version=&#8221;4.19.5&#8243; _module_preset=&#8221;default&#8221; header_text_align=&#8221;center&#8221; header_text_color=&#8221;#000000&#8243; image_icon_custom_margin=&#8221;||-22px||false|false&#8221; global_colors_info=&#8221;{}&#8221; image_icon_background_color__hover_enabled=&#8221;on|hover&#8221; image_icon_background_color__hover=&#8221;#345B00&#8243;][\/et_pb_blurb][\/et_pb_column][et_pb_column type=&#8221;1_4&#8243; _builder_version=&#8221;4.19.2&#8243; _module_preset=&#8221;default&#8221; global_colors_info=&#8221;{}&#8221;][et_pb_blurb title=&#8221;Ingineria conductelor \u0219i inginerie mecanic\u0103&#8221; url=&#8221;https:\/\/www.geldbach.ro\/en\/plant-and-mechanical-engineering\/&#8221; image=&#8221;https:\/\/geldbach-me.com\/wp-content\/uploads\/2022\/12\/rffanlagenbauneg.png&#8221; image_icon_width=&#8221;75%&#8221; _builder_version=&#8221;4.19.5&#8243; _module_preset=&#8221;default&#8221; header_text_align=&#8221;center&#8221; header_text_color=&#8221;#000000&#8243; image_icon_custom_margin=&#8221;||-22px||false|false&#8221; global_colors_info=&#8221;{}&#8221; image_icon_background_color__hover_enabled=&#8221;on|hover&#8221; image_icon_background_color__hover=&#8221;#345B00&#8243;][\/et_pb_blurb][\/et_pb_column][et_pb_column type=&#8221;1_4&#8243; _builder_version=&#8221;4.19.2&#8243; _module_preset=&#8221;default&#8221; global_colors_info=&#8221;{}&#8221;][et_pb_blurb title=&#8221;Rafin\u0103rii \u0219i produse petrochimice&#8221; url=&#8221;https:\/\/www.geldbach.ro\/en\/refineries-and-petro-chemicals\/&#8221; image=&#8221;https:\/\/geldbach-me.com\/wp-content\/uploads\/2022\/12\/rffraffinerienneg.png&#8221; image_icon_width=&#8221;75%&#8221; _builder_version=&#8221;4.19.5&#8243; _module_preset=&#8221;default&#8221; header_text_align=&#8221;center&#8221; header_text_color=&#8221;#000000&#8243; image_icon_custom_margin=&#8221;||-22px||false|false&#8221; global_colors_info=&#8221;{}&#8221; image_icon_background_color__hover_enabled=&#8221;on|hover&#8221; image_icon_background_color__hover=&#8221;#345B00&#8243;][\/et_pb_blurb][\/et_pb_column][\/et_pb_row][\/et_pb_section][et_pb_section fb_built=&#8221;1&#8243; fullwidth=&#8221;on&#8221; _builder_version=&#8221;4.19.2&#8243; _module_preset=&#8221;default&#8221; hover_enabled=&#8221;0&#8243; global_colors_info=&#8221;{}&#8221; sticky_enabled=&#8221;0&#8243;][et_pb_fullwidth_header title=&#8221;Varietate mare \u0219i calitate dovedit\u0103&#8221; text_orientation=&#8221;center&#8221; header_fullscreen=&#8221;on&#8221; button_one_text=&#8221;Verifica\u021bi certificatele noastre&#8221; button_one_url=&#8221;https:\/\/www.geldbach.ro\/en\/certificates\/&#8221; background_overlay_color=&#8221;rgba(0,0,0,0.36)&#8221; _builder_version=&#8221;4.21.0&#8243; _module_preset=&#8221;default&#8221; title_font=&#8221;|600||on|||||&#8221; title_text_align=&#8221;center&#8221; title_font_size=&#8221;39px&#8221; content_text_align=&#8221;left&#8221; content_font_size=&#8221;16px&#8221; background_enable_color=&#8221;off&#8221; background_image=&#8221;https:\/\/www.geldbach.ro\/en\/wp-content\/uploads\/2022\/12\/Picture5.png&#8221; parallax=&#8221;on&#8221; background_blend=&#8221;overlay&#8221; custom_button_one=&#8221;on&#8221; button_one_bg_color=&#8221;#345B00&#8243; button_one_border_color=&#8221;#345B00&#8243; button_one_font=&#8221;|||on|||||&#8221; button_one_icon=&#8221;&#xe108;||divi||400&#8243; button_one_icon_placement=&#8221;left&#8221; hover_enabled=&#8221;0&#8243; title_font_size_tablet=&#8221;40px&#8221; title_font_size_phone=&#8221;27px&#8221; title_font_size_last_edited=&#8221;on|phone&#8221; content_text_color_tablet=&#8221;&#8221; content_text_color_phone=&#8221;&#8221; content_text_color_last_edited=&#8221;on|desktop&#8221; box_shadow_style_button_one=&#8221;preset1&#8243; global_colors_info=&#8221;{}&#8221; title_text=&#8221;Picture5&#8243; sticky_enabled=&#8221;0&#8243;]<\/p>\n<p>Gama noastr\u0103 de produse include flan\u0219e \u0219i fitinguri fabricate \u00een conformitate cu diferite standarde, cum ar fi DIN, EN, ANSI, JIS, GOST sau BS. Bine\u00een\u021beles, ne fabric\u0103m produsele \u00een conformitate cu \u0219abloane \u0219i desene tehnice. R\u0103spundem \u00een mod flexibil la cerin\u021bele specifice ale clien\u021bilor \u0219i dezvolt\u0103m solu\u021bii individuale pentru clien\u021bii no\u0219tri. Producem flan\u0219e \u0219i fitinguri din toate tipurile standard de o\u021bel carbon aliat \u0219i nealiat \u0219i o\u021bel inoxidabil. Standardele \u00eenalte de produs \u0219i de produc\u021bie asigur\u0103 \u00een mod fiabil calitatea produselor noastre.<\/p>\n<p>[\/et_pb_fullwidth_header][\/et_pb_section][et_pb_section fb_built=&#8221;1&#8243; _builder_version=&#8221;4.19.2&#8243; _module_preset=&#8221;default&#8221; global_colors_info=&#8221;{}&#8221;][et_pb_row use_custom_gutter=&#8221;on&#8221; make_equal=&#8221;on&#8221; _builder_version=&#8221;4.19.2&#8243; _module_preset=&#8221;default&#8221; background_enable_image=&#8221;off&#8221; width=&#8221;100%&#8221; max_width=&#8221;1118px&#8221; global_colors_info=&#8221;{}&#8221;][et_pb_column type=&#8221;4_4&#8243; _builder_version=&#8221;4.19.2&#8243; _module_preset=&#8221;default&#8221; global_colors_info=&#8221;{}&#8221;][et_pb_text _builder_version=&#8221;4.19.5&#8243; _module_preset=&#8221;default&#8221; text_font_size=&#8221;16px&#8221; header_font=&#8221;Poppins||||||||&#8221; global_colors_info=&#8221;{}&#8221;]<\/p>\n<h1>DE SUCCES PE PIA\u021aA MONDIAL\u0102<\/h1>\n<h3>Prin experien\u021b\u0103 \u0219i inova\u021bie<\/h3>\n<p>&nbsp;<\/p>\n<p>GELDBACH FITINGURI SI FLANSE SRL face parte din Geldbach Gruppe. \u00cen calitate de produc\u0103tor de flan\u0219e \u0219i fitinguri care activeaz\u0103 la nivel interna\u021bional, Geldbach Gruppe se bazeaz\u0103 pe o lung\u0103 tradi\u021bie de familie, a c\u0103rei istorie \u00eencepe \u00eenc\u0103 din 1903, odat\u0103 cu \u00eenfiin\u021barea unei fabrici de presare \u0219i perforare. De atunci, experien\u021ba \u0219i competen\u021ba inovatoare a familiei Geldbach de-a lungul genera\u021biilor au modelat dezvoltarea constant\u0103 \u0219i profilul grupului de companii de ast\u0103zi, sub umbrela c\u0103ruia SC GELDBACH FITINGURI SI FLANSE SRL opereaz\u0103 pe pia\u021ba interna\u021bional\u0103.<\/p>\n<p>[\/et_pb_text][\/et_pb_column][\/et_pb_row][\/et_pb_section][et_pb_section fb_built=&#8221;1&#8243; _builder_version=&#8221;4.19.5&#8243; _module_preset=&#8221;default&#8221; background_color=&#8221;rgba(0,0,0,0.52)&#8221; background_image=&#8221;https:\/\/www.geldbach.ro\/en\/wp-content\/uploads\/2023\/01\/pexels-julia-volk-5273517.jpg&#8221; background_blend=&#8221;overlay&#8221; global_colors_info=&#8221;{}&#8221;][et_pb_row _builder_version=&#8221;4.19.2&#8243; _module_preset=&#8221;default&#8221; global_colors_info=&#8221;{}&#8221;][et_pb_column type=&#8221;4_4&#8243; _builder_version=&#8221;4.19.2&#8243; _module_preset=&#8221;default&#8221; global_colors_info=&#8221;{}&#8221;][et_pb_text _builder_version=&#8221;4.19.5&#8243; _module_preset=&#8221;default&#8221; text_text_color=&#8221;#FFFFFF&#8221; header_font=&#8221;|700||on|||||&#8221; header_text_align=&#8221;center&#8221; header_text_color=&#8221;#FFFFFF&#8221; global_colors_info=&#8221;{}&#8221;]<\/p>\n<h1>lua\u021bi leg\u0103tura cu noi<\/h1>\n<p>[\/et_pb_text][\/et_pb_column][\/et_pb_row][et_pb_row _builder_version=&#8221;4.19.2&#8243; _module_preset=&#8221;default&#8221; global_colors_info=&#8221;{}&#8221;][et_pb_column type=&#8221;4_4&#8243; _builder_version=&#8221;4.19.2&#8243; _module_preset=&#8221;default&#8221; global_colors_info=&#8221;{}&#8221;][et_pb_text _builder_version=&#8221;4.19.5&#8243; _module_preset=&#8221;default&#8221; text_font=&#8221;|600|||||||&#8221; text_text_color=&#8221;#FFFFFF&#8221; text_font_size=&#8221;16px&#8221; text_line_height=&#8221;0.8em&#8221; header_font=&#8221;|700||on|||||&#8221; header_text_color=&#8221;#FFFFFF&#8221; header_line_height=&#8221;2.3em&#8221; header_3_font=&#8221;|700|||||||&#8221; header_3_text_color=&#8221;#FFFFFF&#8221; text_orientation=&#8221;center&#8221; custom_padding=&#8221;||0px|||&#8221; global_colors_info=&#8221;{}&#8221;]<\/p>\n<h1>\u00a0GELDBACH FITINGURI SI FLANSE SRL<\/h1>\n<p>RO, 507165 \u2013 BRASOV Parcul Industrial Prejmer, DN10 Str. Bruxelles, Nr.3<\/p>\n<p>Tel: 0731 341 935<\/p>\n<p>Tel: 0731 341 936<\/p>\n<p>Tel: 0268 516 320<\/p>\n<p>Fax: 0268 516 525<\/p>\n<p>E-mail: office@geldbach.ro<\/p>\n<p>&nbsp;<\/p>\n<p>[\/et_pb_text][\/et_pb_column][\/et_pb_row][\/et_pb_section]<\/p>\n","protected":false},"excerpt":{"rendered":"<p>Cele mai bune conexiuni de \u021bevi, flan\u0219e \u0219i fitinguriPersonalizate \u0219i individuale Cu o gam\u0103 extins\u0103 de flan\u0219e \u00een conformitate cu ASME\/ANSI, acoperim \u00eentreaga gam\u0103 de PED. Certific\u0103riAvem pl\u0103cerea de a v\u0103 informa c\u0103 firma SC GELDBACH FITINGURI \u0218I FLAN\u0218E SRL vine \u00een ajutorul dumneavoastr\u0103 pe pia\u021ba rom\u00e2neasc\u0103 deja din 2007, \u00een aprovizionarea cu fitinguri \u0219i [&hellip;]<\/p>\n","protected":false},"author":1,"featured_media":0,"parent":0,"menu_order":0,"comment_status":"closed","ping_status":"closed","template":"","meta":{"_et_pb_use_builder":"on","_et_pb_old_content":"<!-- wp:divi\/placeholder \/-->","_et_gb_content_width":"","footnotes":""},"class_list":["post-24","page","type-page","status-publish","hentry"],"_links":{"self":[{"href":"https:\/\/www.geldbach.ro\/en\/wp-json\/wp\/v2\/pages\/24","targetHints":{"allow":["GET"]}}],"collection":[{"href":"https:\/\/www.geldbach.ro\/en\/wp-json\/wp\/v2\/pages"}],"about":[{"href":"https:\/\/www.geldbach.ro\/en\/wp-json\/wp\/v2\/types\/page"}],"author":[{"embeddable":true,"href":"https:\/\/www.geldbach.ro\/en\/wp-json\/wp\/v2\/users\/1"}],"replies":[{"embeddable":true,"href":"https:\/\/www.geldbach.ro\/en\/wp-json\/wp\/v2\/comments?post=24"}],"version-history":[{"count":76,"href":"https:\/\/www.geldbach.ro\/en\/wp-json\/wp\/v2\/pages\/24\/revisions"}],"predecessor-version":[{"id":839,"href":"https:\/\/www.geldbach.ro\/en\/wp-json\/wp\/v2\/pages\/24\/revisions\/839"}],"wp:attachment":[{"href":"https:\/\/www.geldbach.ro\/en\/wp-json\/wp\/v2\/media?parent=24"}],"curies":[{"name":"wp","href":"https:\/\/api.w.org\/{rel}","templated":true}]}}