{"id":323,"date":"2022-12-07T08:48:46","date_gmt":"2022-12-07T08:48:46","guid":{"rendered":"https:\/\/geldbach-me.com\/?page_id=323"},"modified":"2023-05-30T06:58:59","modified_gmt":"2023-05-30T06:58:59","slug":"general-terms-conditions","status":"publish","type":"page","link":"https:\/\/www.geldbach.ro\/en\/general-terms-conditions\/","title":{"rendered":"General Terms &amp; Conditions"},"content":{"rendered":"<p>[et_pb_section fb_built=&#8221;1&#8243; _builder_version=&#8221;4.19.2&#8243; _module_preset=&#8221;default&#8221; background_color=&#8221;rgba(0,0,0,0.66)&#8221; background_image=&#8221;https:\/\/geldbach-me.com\/wp-content\/uploads\/2022\/12\/pexels-andrea-piacquadio-3760067.jpg&#8221; background_blend=&#8221;overlay&#8221; min_height=&#8221;245px&#8221; global_colors_info=&#8221;{}&#8221;][et_pb_row column_structure=&#8221;3_5,2_5&#8243; _builder_version=&#8221;4.19.2&#8243; _module_preset=&#8221;default&#8221; global_colors_info=&#8221;{}&#8221;][et_pb_column type=&#8221;3_5&#8243; _builder_version=&#8221;4.19.2&#8243; _module_preset=&#8221;default&#8221; global_colors_info=&#8221;{}&#8221;][et_pb_text _builder_version=&#8221;4.19.5&#8243; _module_preset=&#8221;default&#8221; header_text_color=&#8221;#FFFFFF&#8221; header_font_size=&#8221;34px&#8221; header_3_text_color=&#8221;#FFFFFF&#8221; header_3_font_size=&#8221;15px&#8221; global_colors_info=&#8221;{}&#8221;]<\/p>\n<h1>Termeni \u0219i condi\u021bii<\/h1>\n<p>[\/et_pb_text][\/et_pb_column][et_pb_column type=&#8221;2_5&#8243; _builder_version=&#8221;4.19.2&#8243; _module_preset=&#8221;default&#8221; global_colors_info=&#8221;{}&#8221;][\/et_pb_column][\/et_pb_row][\/et_pb_section][et_pb_section fb_built=&#8221;1&#8243; _builder_version=&#8221;4.19.2&#8243; _module_preset=&#8221;default&#8221; custom_margin=&#8221;44px|||||&#8221; global_colors_info=&#8221;{}&#8221;][et_pb_row _builder_version=&#8221;4.19.2&#8243; _module_preset=&#8221;default&#8221; global_colors_info=&#8221;{}&#8221;][et_pb_column type=&#8221;4_4&#8243; _builder_version=&#8221;4.19.2&#8243; _module_preset=&#8221;default&#8221; global_colors_info=&#8221;{}&#8221;][et_pb_text _builder_version=&#8221;4.21.0&#8243; _module_preset=&#8221;default&#8221; text_font=&#8221;Poppins||||||||&#8221; header_text_align=&#8221;center&#8221; header_line_height=&#8221;1.3em&#8221; hover_enabled=&#8221;0&#8243; global_colors_info=&#8221;{}&#8221; sticky_enabled=&#8221;0&#8243;]<\/p>\n<h1>Termeni \u0219i condi\u021bii generale<\/h1>\n<p style=\"text-align: center;\"><strong>GELDBACH FITINGURI \u0218I FLAN\u0218E SRL<\/strong><\/p>\n<p>&nbsp;<\/p>\n<p><strong>\u00a7 1 Valabilitatea termenilor \u0219i condi\u021biilor<\/strong><\/p>\n<p>(1) Livr\u0103rile, serviciile \u0219i ofertele noastre se deruleaz\u0103 exclusiv pe baza acestor termeni \u0219i condi\u021bii. Prin urmare, acestea se aplic\u0103 \u0219i tuturor rela\u021biilor de afaceri viitoare, chiar dac\u0103 nu sunt convenite din nou \u00een mod expres. Orice termeni \u0219i condi\u021bii din partea cump\u0103r\u0103torului, care intr\u0103 \u00een conflict cu sau derog\u0103 de la termenii \u0219i condi\u021biile noastre, nu \u00ee\u0219i vor g\u0103si aplicarea, dec\u00e2t dac\u0103 am fost de acord \u00een mod expres, \u00een scris.<\/p>\n<p>(2) Termenii \u0219i condi\u021biile noastre sunt aplicabile \u0219i \u00een cazul \u00eencheierii de acorduri comerciale cu cump\u0103r\u0103torul. Cu toate acestea, \u00een m\u0103sura \u00een care acordurile comerciale con\u021bin prevederi derogatorii de la termenii \u0219i condi\u021biile noastre, aceste prevederi se vor aplica cu prioritate.<\/p>\n<p>(3) Termenii \u0219i condi\u021biile noastre se adreseaz\u0103 doar cump\u0103r\u0103torilor, cu o form\u0103 de organizare legal\u0103 \u00een scopul derul\u0103rii de activit\u0103\u021bi economice sau persoane juridice de drept public. Societatea noastr\u0103 nu livreaz\u0103 c\u0103tre persoane fizice.<\/p>\n<p><strong>\u00a7 2 Oferta \u0219i \u00eencheierea contractului<\/strong><\/p>\n<p>(1) Cump\u0103r\u0103torul poate solicita o ofert\u0103 din partea noastr\u0103 fie \u00een scris la <a href=\"mailto:office@geldbach.ro\">office@geldbach.ro<\/a> sau telefonic la 0784.227.702; 0784.227.705; 0784.227.703; 0040 268 516 320 Termenul de prelucrare a cererii de ofert\u0103 este de maxim 5 zile lucr\u0103toare. Prelucrarea cererii este gratuit\u0103. Oferta se transmite cump\u0103r\u0103torului la coordonatele de contact, indicate de acesta \u00een cererea sa de ofert\u0103.<\/p>\n<p>(2) Ofertele noastre pot suferi modific\u0103ri, \u00een func\u021bie de fluctua\u021biile de pre\u021b \u0219i de stocurile existente. Declara\u021biile cump\u0103r\u0103torului de acceptare a ofertei, precum \u0219i toate comenzile acestuia necesit\u0103 confirmarea noastr\u0103 pentru a intra \u00een vigoare din punct de vedere juridic. Acest lucru se aplic\u0103, de asemenea, \u0219i tuturor modific\u0103rilor, complet\u0103rilor \u0219i acordurilor adi\u021bionale.<\/p>\n<p>(3) Informa\u021biile con\u021binute pe pagina noastr\u0103 de internet, \u00een materialele noastre tip\u0103rite, oferte etc. despre dimensiuni \u0219i greut\u0103\u021bi, propriet\u0103\u021bi, denumiri de tip, aspect, alte specifica\u021bii, lot\/fabrica\u021bie etc. sunt afi\u0219ate cu buna-credin\u021b\u0103 a unui profesionist diligent. Orice erori cu privire la aceste informa\u021bii nu atrag r\u0103spunderea noastr\u0103 \u0219i nici nu ne oblig\u0103 la onorarea comenzii, dec\u00e2t \u00een condi\u021biile posibile (cum ar fi de exemplu oferirea unui produs similar). Amendamentele, ad\u0103ugirile verbale, acordurile auxiliare, precum \u0219i orice asigur\u0103ri \u00een cazul unei achizi\u021bii necesit\u0103 confirmarea noastr\u0103 scris\u0103 pentru a produce efecte depline. Livrarea va viza numai acele produse care sunt enumerate \u00een mod expres \u00een confirmarea comenzii sau \u00een contract.<\/p>\n<p>(4) Reprezentan\u021bii no\u0219tri de v\u00e2nz\u0103ri nu sunt autoriza\u021bi s\u0103 \u00eencheie acorduri auxiliare verbale sau s\u0103 dea asigur\u0103ri verbale care dep\u0103\u0219esc ori contravin con\u021binutul prezentelor. Orice astfel de derog\u0103ri verbale sunt nule.<\/p>\n<p>(5) Ne rezerv\u0103m toate drepturile de proprietate \u0219i drepturile de autor pentru ilustra\u021bii, desene, calcule \u0219i orice alte forme de prezentare.<\/p>\n<p><strong>\u00a7 3 Pre\u021burile<\/strong><\/p>\n<p>(1) Pre\u021burile sunt exprimate \u00een RON sau Euro, <em>ex works<\/em> depozit Prejmer-Bra\u0219ov, Rom\u00e2nia. Acestea nu includ TVA, costuri de livrare, asigurare \u0219i alte cheltuieli. Cu toate acestea, costurile de ambalare \u00een vederea livr\u0103rii se suport\u0103 de c\u0103tre societatea noastr\u0103. Taxa pe valoarea ad\u0103ugat\u0103 va fi eviden\u021biat\u0103 separat pe factur\u0103 \u00een cota legal\u0103, aplicabil\u0103 la data factur\u0103rii. Acordarea unor reduceri comerciale necesit\u0103 un acord expres din partea noastr\u0103.<\/p>\n<p>(2) Pre\u021burile exprimate \u00een Euro se vor factura de c\u0103tre noi \u00een RON utiliz\u00e2nd ca baz\u0103 de calcul cursul de referin\u021b\u0103 RON\/EUR al BNR valabil \u00een ziua factur\u0103rii.<\/p>\n<p><strong>\u00a7 4 Livrare<\/strong><\/p>\n<p>(1) Livrarea se face pe cheltuiala \u0219i riscul cump\u0103r\u0103torului, chiar dac\u0103 noi suport\u0103m \u00een anumite condi\u021bii costurile de livrare. Livr\u0103rile par\u021biale sunt permise doar cu acordul nostru. Pentru comenzi care dep\u0103\u0219esc valoarea de 3.000 lei + TVA, costurile de transport sunt suportate de societatea noastr\u0103.<\/p>\n<p>(2) \u00cen cazul \u00een care cump\u0103r\u0103torul nu este prezent la recep\u021bionarea livr\u0103rii \u0219i\/sau nu coopereaz\u0103 rezonabil \u00een vederea efectu\u0103rii acesteia, vom avea dreptul de a solicita desp\u0103gubiri pentru daunele suferite de noi, inclusiv orice cheltuieli suplimentare. Ne rezerv\u0103m dreptul de a face orice cereri de desp\u0103gubire pentru prejudiciul cauzat.<\/p>\n<p>(3) Cump\u0103r\u0103torul este obligat s\u0103 efectueze la recep\u021bionarea produselor o inspec\u021bie a integrit\u0103\u021bii ambalajelor \u0219i\/sau produselor. Orice defecte constatate cu aceast\u0103 ocazie trebuie aduse la cuno\u015ftin\u0163a noastr\u0103 \u00een maxim 2 zile lucr\u0103toare de la recep\u021bionarea produselor.<\/p>\n<p>(4) \u00centreruperile de for\u021b\u0103 major\u0103 sau opera\u021bionale ap\u0103rute la noi, autorit\u0103\u021bi sau la furnizorii\/transportatorii no\u0219tri, care ne \u00eempiedic\u0103 temporar s\u0103 livr\u0103m obiectul achizi\u021biei la data convenit\u0103 sau \u00een perioada convenit\u0103, care nu ne sunt imputabile, vor decala corespunz\u0103tor datele\/termenele de livrare. \u00cen cazul \u00een care astfel de perturb\u0103ri conduc la o am\u00e2nare a livr\u0103rii cu mai mult de dou\u0103 luni, cump\u0103r\u0103torul se poate retrage din contract. Alte drepturi de retragere r\u0103m\u00e2n neafectate.<\/p>\n<p><strong>\u00a7 5 Condi\u021bii de plat\u0103<\/strong><\/p>\n<p>(1) Cu excep\u021bia cazului \u00een care s-a convenit altfel, facturile noastre sunt scadente imediat, indiferent dac\u0103 obiectul achizi\u021biei a ajuns la destina\u021bie sau nu \u0219i indiferent dac\u0103 orice reclama\u021bii ale cump\u0103r\u0103torului sunt \u00een curs de solu\u021bionare.<\/p>\n<p>(2) O plat\u0103 se consider\u0103 efectuat\u0103 numai atunci c\u00e2nd suma facturat\u0103 este creditat\u0103 \u00een contul nostru bancar. Plata se face prin transfer bancar.<\/p>\n<p>(3) Pentru comenzi speciale, adaptate la cerin\u021be\/specifica\u021bii atipice ale cump\u0103r\u0103torului, societatea noastr\u0103 percepe un avans minim de 30% din valoarea comenzii. Livrarea nu se va efectua, p\u00e2n\u0103 ce avansul nu a fost creditat \u00een contul nostru bancar. Din momentul achit\u0103rii avansului, cump\u0103r\u0103torul care renun\u021b\u0103 la livrarea acestei comenzi speciale din indiferent ce motive, pierde dreptul la restituirea avansului.<\/p>\n<p>(4) Societatea noastr\u0103 \u00ee\u0219i rezerv\u0103 dreptul de a solicita cump\u0103r\u0103torului garan\u021bii suplimentare pentru efectuarea pl\u0103\u021bii (bilete la ordin, scrisoare de garan\u021bie bancar\u0103, etc.). \u00cen lipsa furniz\u0103rii de c\u0103tre cump\u0103r\u0103tor a garan\u021biei solicitate, societatea noastr\u0103 nu are obliga\u021bia de livrare \u0219i nici alte obliga\u021bii fat\u0103 de cump\u0103r\u0103tor. Orice r\u0103spundere a societ\u0103\u021bii noastre \u00een aceast\u0103 ipotez\u0103 este exclus\u0103.<\/p>\n<p><strong>\u00a7 6 Reten\u021bia dreptului de proprietate<\/strong><\/p>\n<p>(1) P\u00e2n\u0103 la achitarea integral\u0103 a comenzii, societatea \u00ee\u0219i re\u021bine dreptul de proprietate asupra produselor. \u00cen cazul \u00een care produsele sunt conectate \u00een sisteme ori utilizate \u00een orice mod, se convine c\u0103 aceast\u0103 leg\u0103tur\u0103 este doar temporar\u0103 \u0219i poate deveni permanent\u0103 numai atunci c\u00e2nd cump\u0103r\u0103torul \u0219i-a dob\u00e2ndit dreptul de proprietate dup\u0103 \u00eendeplinirea obliga\u021biilor sale de plat\u0103. \u00cen plus, toate crean\u021bele cump\u0103r\u0103torului asupra unei ter\u021be p\u0103r\u021bi ca urmare a utiliz\u0103rii produselor ne revin nou\u0103.<\/p>\n<p>(2) \u00cen cazul neachit\u0103rii, cump\u0103r\u0103torul r\u0103m\u00e2ne deplin r\u0103spunz\u0103tor fa\u021b\u0103 de noi pentru orice prejudicii pe care ni le-a cauzat.<\/p>\n<p>(3) \u00cen cazul \u00eenc\u0103lc\u0103rii prezentelor de c\u0103tre cump\u0103r\u0103tor -\u00een special \u00een cazul nepl\u0103\u021bii- avem dreptul la restituirea produselor asupra c\u0103rora poart\u0103 reten\u021bia dreptului de proprietate, precum \u0219i la cesiunea crean\u021belor cump\u0103r\u0103torului fa\u021b\u0103 de ter\u021be p\u0103r\u021bi rezultate din utilizarea\/valorificarea acestor produse, pentru acoperirea \u00eentregului prejudiciu suferit.<\/p>\n<p><strong>\u00a7 7 R\u0103spunderea pentru defecte<\/strong><\/p>\n<p>(1) Defectele produselor trebuie aduse la cuno\u0219tin\u021ba noastr\u0103 \u00een scris, \u00een termen de dou\u0103 zile lucr\u0103toare de la descoperire, f\u0103r\u0103 a se dep\u0103\u0219i \u00eens\u0103 perioada general\u0103 de garan\u021bie (18 luni de la livrare, dar nu mai mult de 12 luni de la data montajului). Cump\u0103r\u0103torul este \u00eendrept\u0103\u021bit la \u00eenlocuirea produselor cu defecte vizibile \u00een termen de 5 zile lucr\u0103toare de la returnarea produsului defect, sub condi\u021bia ca produsul respectiv s\u0103 fie \u00een stoc \u00een depozitul nostru din Prejmer-Bra\u0219ov, Rom\u00e2nia. Produsul \u00eenlocuitor va fi livrat pe cheltuiala noastr\u0103. \u00cen cazul \u00een care produsul defect nu este pe stoc, cump\u0103r\u0103torului i se va restitui contravaloarea de achizi\u021bie a acestuia \u00een termenul identic cu termenul de plat\u0103 al cump\u0103r\u0103torului conform facturii\/contractului, dar care nu va fi mai scurt de 5 zile lucr\u0103toare.<\/p>\n<p>(2) \u00cenlocuirea se va realiza numai dac\u0103 produsul este nou, f\u0103r\u0103 urme de utilizare \u0219i \u00eenso\u021bit de o copie a facturii de achizi\u021bie. Cererile cump\u0103r\u0103torului \u00a0privind defecte presupun, \u00een orice caz, c\u0103 acesta \u0219i-a respectat \u00een mod corespunz\u0103tor obliga\u021biile de a inspecta produsele la data livr\u0103rii. Produsul defect ni se returneaz\u0103 de c\u0103tre cump\u0103r\u0103tor \u00eentotdeauna \u0219i \u00een prealabil, pe propria sa cheltuial\u0103.<\/p>\n<p><strong>\u00a7 8 Excluderea r\u0103spunderii<\/strong><\/p>\n<p>(1) Societatea noastr\u0103 nu r\u0103spunde de recuperarea produselor deteriorate sau defecte, de \u00eent\u00e2rzierea\u00a0 sau obstruc\u021bionarea opera\u021biunilor de decontaminare \u0219i\/sau costul demont\u0103rii sau mut\u0103rii produselor care trebuie reparate sau \u00eenlocuite, rezultate din cauza materialelor ori manoperelor defectuoase utilizate la montaj, calitatea necorespunz\u0103toare a proiect\u0103rii ori execu\u021biei sau generate de alte cauze similare.<\/p>\n<p>&nbsp;<\/p>\n<p>(2) Societatea noastr\u0103 este exonerat\u0103 de r\u0103spundere pentru orice prejudicii cauzate cump\u0103r\u0103torului sau ter\u021bilor de produsele livrate, \u00een cazul \u00een care cump\u0103r\u0103torul nu ne-a comunicat utilizarea final\u0103 a produselor livrate \u0219i cerin\u021bele speciale de calitate necesar a fi \u00eentrunite de aceste produse. \u00cen cazul \u00een care aceast\u0103 comunicare s-a produs, societatea noastr\u0103 este exonerat\u0103 de orice r\u0103spundere \u00een cazul \u00een care cump\u0103r\u0103torul nu a respectat indica\u021biile noastre (analize\/probe suplimentare necesare, indica\u021bii privind montajul, etc.).<\/p>\n<p>&nbsp;<\/p>\n<p>(3) \u00cen m\u0103sura \u00een care r\u0103spunderea noastr\u0103 pentru daunele aduse cump\u0103r\u0103torului este exclus\u0103 sau limitat\u0103, acest lucru se aplic\u0103 \u0219i \u00een ceea ce prive\u0219te r\u0103spunderea personal\u0103 a angaja\u021bilor, lucr\u0103torilor, angaja\u021bilor, reprezentan\u021bilor \u0219i agen\u021bilor no\u0219tri.<\/p>\n<p><strong>\u00a7 9 Legea aplicabil\u0103, locul de jurisdic\u021bie, nulitatea par\u021bial\u0103<\/strong><\/p>\n<p>(1) Legea aplicabil\u0103 este legea rom\u00e2n\u0103.<\/p>\n<p>(2) Instan\u021ba competent\u0103 este cea din Bra\u0219ov-Rom\u00e2nia. Avem totu\u0219i dreptul de a da \u00een judecat\u0103 cump\u0103r\u0103torul la locul sediului s\u0103u.<\/p>\n<p>(3) Cu excep\u021bia cazului \u00een care se prevede altfel \u00een confirmarea comenzii, locul nostru de desf\u0103\u0219urare a activit\u0103\u021bii este \u0219i locul de executare.<\/p>\n<p>(4) \u00cen cazul \u00een care o prevedere din ace\u0219ti termeni \u0219i condi\u021bii sau o dispozi\u021bie din cadrul altor acorduri este sau devine nul\u0103 ori caduc\u0103, fie par\u021bial fie integral, acest lucru nu va afecta valabilitatea tuturor celorlalte prevederi.<\/p>\n<p>Politica de confiden\u021bialitate<\/p>\n<p>GELDBACH FITINGURI \u0218I FLAN\u0218E SRL<\/p>\n<p>Operatorul paginii web geldbach.ro este Geldbach Fitinguri \u0219i Flan\u0219e S.R.L. Pagina web \u00eendepline\u0219te func\u021biile de ob\u021binere a informa\u021biilor despre utilizatori \u0219i comportamentul acestora \u00een urm\u0103torul mod:<\/p>\n<p>&#8211; prin informa\u021bii introduse de utilizator \u00een mod voluntar<\/p>\n<p>&#8211; prin salvarea cookie-urilor pe dispozitivele finale (a\u0219a-numitele \u201ecookie-uri\u201d)<\/p>\n<p>&#8211; prin colectarea jurnalelor de server de c\u0103tre Geldbach Fitinguri \u0219i Flan\u0219e S.R.L.<\/p>\n<p>&nbsp;<\/p>\n<ol start=\"2\">\n<li>Informa\u021bii colectate:<\/li>\n<\/ol>\n<p>Se colecteaz\u0103 informa\u021bii furnizate \u00een mod voluntar de c\u0103tre utilizator. Site-ul web poate salva, de asemenea, \u0219i informa\u021bii despre parametrii de conectare (marca temporal\u0103, adresa IP, etc.). Datele nu sunt puse la dispozi\u021bia ter\u021bilor, dec\u00e2t cu acordul utilizatorului. Sunt exceptate acele situa\u021bii \u00een care punerea la dispozi\u021bie de date se realizeaz\u0103 \u00een \u00eendeplinirea unor obliga\u021bii legale. Datele furnizate sunt prelucrate \u00een scopuri legitime, rezultate din modalitatea de accesare a paginii web de c\u0103tre utilizator, de exemplu pentru a procesa o solicitare sau un contract comercial.<\/p>\n<ol start=\"3\">\n<li>Informa\u021bii despre cookie-uri:<\/li>\n<\/ol>\n<p>Site-ul nostru folose\u0219te cookie-uri. Fi\u0219ierele cookie (a\u0219a-numitele \u201ecookie-uri\u201d) sunt date IT, \u00een special fi\u0219iere text, care sunt stocate pe dispozitivul final al utilizatorului site-ului web \u0219i sunt utile pentru buna func\u021bionare. Cookie-urile pot folosite la crearea de statistici care ajut\u0103 la \u00een\u021belegerea modului \u00een care utilizatorii folosesc site-ul, ceea ce permite \u00eembun\u0103t\u0103\u021birea structurii \u0219i con\u021binutului acestuia, la definirea profilului utilizatorului pentru a-i afi\u0219a materiale personalizate \u00een re\u021belele de publicitate, \u00een special \u00een re\u021beaua Google, precum \u0219i \u00een alte scopuri legitime.<\/p>\n<p>Site-ul folose\u0219te dou\u0103 tipuri de baz\u0103 de cookie-uri: \u201esession\u201d (cookie-uri de sesiune) \u0219i \u201epermanent\u201d (cookie-uri persistente). Cookie-urile de sesiune sunt fi\u0219iere temporare care sunt stocate pe dispozitivul final al utilizatorului p\u00e2n\u0103 la deconectare, p\u0103r\u0103sirea site-ului sau oprirea software-ului (browser-ul web). Cookie-urile \u201epermanente\u201d sunt stocate pe dispozitivul final al utilizatorului pe durata specificat\u0103 \u00een parametrii fi\u0219ierului cookie sau p\u00e2n\u0103 c\u00e2nd sunt \u0219terse de c\u0103tre Utilizator.<\/p>\n<p>Software-ul pentru navigarea pe site-uri web (browser web) permite, de obicei, s\u0103 fie stocate cookie-uri pe dispozitivul final al utilizatorului \u00een mod implicit. Utilizatorii site-ului pot modifica set\u0103rile \u00een acest sens. Browser-ul web v\u0103 permite s\u0103 \u0219terge\u021bi cookie-urile. De asemenea, este posibil\u0103 blocarea automat\u0103 a cookie-urilor. Informa\u021bii detaliate despre acest subiect pot fi g\u0103site \u00een ajutorul sau documenta\u021bia browser-ului web. Restric\u021biile privind utilizarea cookie-urilor pot afecta unele dintre func\u021bionalit\u0103\u021bile disponibile pe site. Cookie-urile plasate pe dispozitivul final al utilizatorului site-ului web pot fi utilizate \u0219i de agen\u021bii de publicitate \u0219i partenerii care coopereaz\u0103 cu operatorul site-ului web. V\u0103 recomand\u0103m s\u0103 citi\u021bi politicile de confiden\u021bialitate ale acestor companii, pentru a afla regulile de utilizare a cookie-urilor utilizate \u00een statistici (de ex. Politica de confiden\u021bialitate Google Analytics). Cookie-urile pot fi utilizate de re\u021belele de publicitate, \u00een special de re\u021beaua Google, pentru a afi\u0219a reclame adaptate modului \u00een care utilizatorul folose\u0219te site-ul web. \u00cen acest scop, acestea pot p\u0103stra informa\u021bii despre calea de navigare a utilizatorului sau despre timpul petrecut pe o anumit\u0103 pagin\u0103.<\/p>\n<ol start=\"4\">\n<li>Jurnalele serverului:<\/li>\n<\/ol>\n<p>Informa\u021biile despre anumite comportamente ale utilizatorilor sunt \u00eenregistrate \u00een jurnalele serverului. Aceste date sunt folosite doar pentru administrarea site-ului web \u0219i pentru asigurarea eficien\u021bei serviciilor de hosting. Pot fi \u00eenregistrate ora sosirii cererii, ora trimiterii r\u0103spunsului, numele sta\u021biei client &#8211; identificarea efectuat\u0103 prin protocolul HTTP, informatii despre browserul utilizatorului, informa\u021bii despre adresa IP, etc.<\/p>\n<p>Datele de mai sus nu sunt asociate cu anumite persoane care navigheaz\u0103 pe pagini. Datele de mai sus sunt folosite doar \u00een scopul administr\u0103rii serverului.<\/p>\n<ol start=\"5\">\n<li>Furnizarea datelor:<\/li>\n<\/ol>\n<p>Datele sunt puse la dispozi\u021bia ter\u021bilor numai \u00een limitele permise de lege. Datele care permit identificarea unei persoane fizice sunt puse la dispozi\u021bie numai cu acordul persoanei respective. Operatorului i se poate cere s\u0103 furnizeze informa\u021biile colectate de site-ul web organismelor autorizate pe baza unor solicit\u0103ri legale.<\/p>\n<ol start=\"6\">\n<li>Gestionarea cookie-urilor:<\/li>\n<\/ol>\n<p>Dac\u0103 nu dori\u021bi s\u0103 primi\u021bi cookie-uri, pute\u021bi modifica set\u0103rile browser-ului. Preciz\u0103m c\u0103 dezactivarea cookie-urilor necesare proceselor de autentificare, securitate, men\u021binerea preferin\u021belor utilizatorului poate \u00eengreuna, iar \u00een cazuri extreme poate \u00eempiedica utilizarea site-urilor web. \u00cen aceast\u0103 situa\u021bie r\u0103spunderea noastr\u0103 este exclus\u0103.<\/p>\n<p>&nbsp;<\/p>\n<p>[\/et_pb_text][\/et_pb_column][\/et_pb_row][\/et_pb_section]<\/p>\n","protected":false},"excerpt":{"rendered":"<p>Termeni \u0219i condi\u021biiTermeni \u0219i condi\u021bii generale GELDBACH FITINGURI \u0218I FLAN\u0218E SRL &nbsp; \u00a7 1 Valabilitatea termenilor \u0219i condi\u021biilor (1) Livr\u0103rile, serviciile \u0219i ofertele noastre se deruleaz\u0103 exclusiv pe baza acestor termeni \u0219i condi\u021bii. Prin urmare, acestea se aplic\u0103 \u0219i tuturor rela\u021biilor de afaceri viitoare, chiar dac\u0103 nu sunt convenite din nou \u00een mod expres. Orice [&hellip;]<\/p>\n","protected":false},"author":1,"featured_media":0,"parent":0,"menu_order":0,"comment_status":"closed","ping_status":"closed","template":"","meta":{"_et_pb_use_builder":"on","_et_pb_old_content":"","_et_gb_content_width":"","footnotes":""},"class_list":["post-323","page","type-page","status-publish","hentry"],"_links":{"self":[{"href":"https:\/\/www.geldbach.ro\/en\/wp-json\/wp\/v2\/pages\/323","targetHints":{"allow":["GET"]}}],"collection":[{"href":"https:\/\/www.geldbach.ro\/en\/wp-json\/wp\/v2\/pages"}],"about":[{"href":"https:\/\/www.geldbach.ro\/en\/wp-json\/wp\/v2\/types\/page"}],"author":[{"embeddable":true,"href":"https:\/\/www.geldbach.ro\/en\/wp-json\/wp\/v2\/users\/1"}],"replies":[{"embeddable":true,"href":"https:\/\/www.geldbach.ro\/en\/wp-json\/wp\/v2\/comments?post=323"}],"version-history":[{"count":9,"href":"https:\/\/www.geldbach.ro\/en\/wp-json\/wp\/v2\/pages\/323\/revisions"}],"predecessor-version":[{"id":842,"href":"https:\/\/www.geldbach.ro\/en\/wp-json\/wp\/v2\/pages\/323\/revisions\/842"}],"wp:attachment":[{"href":"https:\/\/www.geldbach.ro\/en\/wp-json\/wp\/v2\/media?parent=323"}],"curies":[{"name":"wp","href":"https:\/\/api.w.org\/{rel}","templated":true}]}}