{"id":327,"date":"2022-12-07T08:53:16","date_gmt":"2022-12-07T08:53:16","guid":{"rendered":"https:\/\/geldbach-me.com\/?page_id=327"},"modified":"2023-02-18T14:48:47","modified_gmt":"2023-02-18T14:48:47","slug":"legal-notice","status":"publish","type":"page","link":"https:\/\/www.geldbach.ro\/en\/legal-notice\/","title":{"rendered":"Legal Notice"},"content":{"rendered":"<p>[et_pb_section fb_built=&#8221;1&#8243; _builder_version=&#8221;4.19.2&#8243; _module_preset=&#8221;default&#8221; background_color=&#8221;rgba(0,0,0,0.66)&#8221; background_image=&#8221;https:\/\/geldbach-me.com\/wp-content\/uploads\/2022\/12\/pexels-sora-shimazaki-5668473.jpg&#8221; background_blend=&#8221;overlay&#8221; min_height=&#8221;245px&#8221; global_colors_info=&#8221;{}&#8221;][et_pb_row column_structure=&#8221;3_5,2_5&#8243; _builder_version=&#8221;4.19.2&#8243; _module_preset=&#8221;default&#8221; global_colors_info=&#8221;{}&#8221;][et_pb_column type=&#8221;3_5&#8243; _builder_version=&#8221;4.19.2&#8243; _module_preset=&#8221;default&#8221; global_colors_info=&#8221;{}&#8221;][et_pb_text _builder_version=&#8221;4.19.5&#8243; _module_preset=&#8221;default&#8221; header_text_color=&#8221;#FFFFFF&#8221; header_font_size=&#8221;34px&#8221; header_3_text_color=&#8221;#FFFFFF&#8221; header_3_font_size=&#8221;15px&#8221; global_colors_info=&#8221;{}&#8221;]<\/p>\n<h1>Not\u0103 legal\u0103<\/h1>\n<p>[\/et_pb_text][\/et_pb_column][et_pb_column type=&#8221;2_5&#8243; _builder_version=&#8221;4.19.2&#8243; _module_preset=&#8221;default&#8221; global_colors_info=&#8221;{}&#8221;][\/et_pb_column][\/et_pb_row][\/et_pb_section][et_pb_section fb_built=&#8221;1&#8243; _builder_version=&#8221;4.19.2&#8243; _module_preset=&#8221;default&#8221; custom_margin=&#8221;44px|||||&#8221; global_colors_info=&#8221;{}&#8221;][et_pb_row _builder_version=&#8221;4.19.2&#8243; _module_preset=&#8221;default&#8221; global_colors_info=&#8221;{}&#8221;][et_pb_column type=&#8221;4_4&#8243; _builder_version=&#8221;4.19.2&#8243; _module_preset=&#8221;default&#8221; global_colors_info=&#8221;{}&#8221;][et_pb_text _builder_version=&#8221;4.19.5&#8243; _module_preset=&#8221;default&#8221; header_text_align=&#8221;center&#8221; header_line_height=&#8221;1.3em&#8221; global_colors_info=&#8221;{}&#8221;]<\/p>\n<p style=\"text-align: justify;\"><strong><u>Rom\u00e2nia:<\/u><\/strong><\/p>\n<h3>GELDBACH FITINGURI SI FLANSE SRL<\/h3>\n<p>RO, 507165 \u2013 BRASOV Parcul Industrial Prejmer, DN10 Str. Bruxelles, Nr.3<\/p>\n<p>Tel: 0731 341 935<\/p>\n<p>Tel: 0731 341 936<\/p>\n<p>Tel: 0268 516 320<\/p>\n<p>Fax: 0268 516 525<\/p>\n<p>E-mail:<span>\u00a0<\/span>office@geldbach.ro<\/p>\n<p>[\/et_pb_text][\/et_pb_column][\/et_pb_row][et_pb_row _builder_version=&#8221;4.19.2&#8243; _module_preset=&#8221;default&#8221; global_colors_info=&#8221;{}&#8221;][et_pb_column type=&#8221;4_4&#8243; _builder_version=&#8221;4.19.2&#8243; _module_preset=&#8221;default&#8221; global_colors_info=&#8221;{}&#8221;][et_pb_text _builder_version=&#8221;4.19.5&#8243; _module_preset=&#8221;default&#8221; header_text_align=&#8221;center&#8221; header_line_height=&#8221;1.3em&#8221; hover_enabled=&#8221;0&#8243; global_colors_info=&#8221;{}&#8221; sticky_enabled=&#8221;0&#8243;]<\/p>\n<p style=\"text-align: justify;\"><strong>DISCLAIMER<\/strong><\/p>\n<p style=\"text-align: justify;\">Informa\u021biile \u0219i mesajele con\u021binute pe aceast\u0103 pagin\u0103 de Internet au fost compilate cu aten\u021bie \u0219i sunt destinate doar \u00een scop informativ. Scopul informa\u021biilor este de a informa vizitatorul, dar nu pentru utilizare direct\u0103, de exemplu, \u00een scopuri comerciale sau tehnice. \u00cen situa\u021bii individuale, v\u0103 rug\u0103m s\u0103 ne contacta\u021bi direct \u00eentotdeauna.<\/p>\n<p>Societatea SC GELDBACH FITINGURI SI FLANSE SRL nu este responsabil\u0103 pentru daunele rezultate din ac\u021biunile \u00eentreprinse pe baza utiliz\u0103rii, performan\u021bei sau interog\u0103rii acestui site, \u00een leg\u0103tur\u0103 cu accesul la acesta sau cu leg\u0103tura cu alte site-uri.<\/p>\n<p>[\/et_pb_text][\/et_pb_column][\/et_pb_row][\/et_pb_section]<\/p>\n","protected":false},"excerpt":{"rendered":"<p>Not\u0103 legal\u0103Rom\u00e2nia: GELDBACH FITINGURI SI FLANSE SRL RO, 507165 \u2013 BRASOV Parcul Industrial Prejmer, DN10 Str. Bruxelles, Nr.3 Tel: 0731 341 935 Tel: 0731 341 936 Tel: 0268 516 320 Fax: 0268 516 525 E-mail:\u00a0office@geldbach.roDISCLAIMER Informa\u021biile \u0219i mesajele con\u021binute pe aceast\u0103 pagin\u0103 de Internet au fost compilate cu aten\u021bie \u0219i sunt destinate doar \u00een scop [&hellip;]<\/p>\n","protected":false},"author":1,"featured_media":0,"parent":0,"menu_order":0,"comment_status":"closed","ping_status":"closed","template":"","meta":{"_et_pb_use_builder":"on","_et_pb_old_content":"","_et_gb_content_width":"","footnotes":""},"class_list":["post-327","page","type-page","status-publish","hentry"],"_links":{"self":[{"href":"https:\/\/www.geldbach.ro\/en\/wp-json\/wp\/v2\/pages\/327","targetHints":{"allow":["GET"]}}],"collection":[{"href":"https:\/\/www.geldbach.ro\/en\/wp-json\/wp\/v2\/pages"}],"about":[{"href":"https:\/\/www.geldbach.ro\/en\/wp-json\/wp\/v2\/types\/page"}],"author":[{"embeddable":true,"href":"https:\/\/www.geldbach.ro\/en\/wp-json\/wp\/v2\/users\/1"}],"replies":[{"embeddable":true,"href":"https:\/\/www.geldbach.ro\/en\/wp-json\/wp\/v2\/comments?post=327"}],"version-history":[{"count":13,"href":"https:\/\/www.geldbach.ro\/en\/wp-json\/wp\/v2\/pages\/327\/revisions"}],"predecessor-version":[{"id":655,"href":"https:\/\/www.geldbach.ro\/en\/wp-json\/wp\/v2\/pages\/327\/revisions\/655"}],"wp:attachment":[{"href":"https:\/\/www.geldbach.ro\/en\/wp-json\/wp\/v2\/media?parent=327"}],"curies":[{"name":"wp","href":"https:\/\/api.w.org\/{rel}","templated":true}]}}