{"id":688,"date":"2023-02-19T16:36:16","date_gmt":"2023-02-19T16:36:16","guid":{"rendered":"https:\/\/www.geldbach.ro\/en\/?page_id=688"},"modified":"2023-02-21T09:22:31","modified_gmt":"2023-02-21T09:22:31","slug":"robineti","status":"publish","type":"page","link":"https:\/\/www.geldbach.ro\/en\/robineti\/","title":{"rendered":"ROBINE\u021aI"},"content":{"rendered":"<p>[et_pb_section fb_built=&#8221;1&#8243; _builder_version=&#8221;4.19.2&#8243; _module_preset=&#8221;default&#8221; background_color=&#8221;rgba(0,0,0,0.66)&#8221; background_image=&#8221;https:\/\/geldbach.ro\/en\/wp-content\/uploads\/2022\/12\/pexels-pixabay-73833.jpg&#8221; background_blend=&#8221;overlay&#8221; min_height=&#8221;245px&#8221; global_colors_info=&#8221;{}&#8221;][et_pb_row column_structure=&#8221;3_5,2_5&#8243; _builder_version=&#8221;4.19.2&#8243; _module_preset=&#8221;default&#8221; global_colors_info=&#8221;{}&#8221;][et_pb_column type=&#8221;3_5&#8243; _builder_version=&#8221;4.19.2&#8243; _module_preset=&#8221;default&#8221; global_colors_info=&#8221;{}&#8221;][et_pb_text _builder_version=&#8221;4.20.0&#8243; _module_preset=&#8221;default&#8221; header_text_color=&#8221;#FFFFFF&#8221; header_font_size=&#8221;34px&#8221; header_3_text_color=&#8221;#FFFFFF&#8221; header_3_font_size=&#8221;15px&#8221; global_colors_info=&#8221;{}&#8221;]<\/p>\n<h1><strong>ROBINE<\/strong><strong>\u021a<\/strong><strong>I <\/strong><\/h1>\n<h3><\/h3>\n<p>[\/et_pb_text][\/et_pb_column][et_pb_column type=&#8221;2_5&#8243; _builder_version=&#8221;4.19.2&#8243; _module_preset=&#8221;default&#8221; global_colors_info=&#8221;{}&#8221;][\/et_pb_column][\/et_pb_row][\/et_pb_section][et_pb_section fb_built=&#8221;1&#8243; _builder_version=&#8221;4.19.2&#8243; _module_preset=&#8221;default&#8221; custom_margin=&#8221;44px|||||&#8221; custom_padding=&#8221;||2px|||&#8221; global_colors_info=&#8221;{}&#8221;][et_pb_row _builder_version=&#8221;4.19.2&#8243; _module_preset=&#8221;default&#8221; global_colors_info=&#8221;{}&#8221;][et_pb_column type=&#8221;4_4&#8243; _builder_version=&#8221;4.19.2&#8243; _module_preset=&#8221;default&#8221; global_colors_info=&#8221;{}&#8221;][et_pb_text _builder_version=&#8221;4.20.0&#8243; _module_preset=&#8221;default&#8221; header_font=&#8221;|600|||||||&#8221; header_text_align=&#8221;center&#8221; header_font_size=&#8221;32px&#8221; header_line_height=&#8221;1.3em&#8221; global_colors_info=&#8221;{}&#8221;]<\/p>\n<h3><strong>Filtru Y de impurita<\/strong><strong>\u021bi<\/strong><\/h3>\n<p>Filtrul de re\u021binere impurit\u0103\u021bi corp font\u0103 se utilizeaz\u0103 ca armaturi pentru re\u021binerea impurit\u0103\u021bilor din apa rece , apa cald\u0103, produse petroliere \u0219i alte fluide nenocive, nepericuloase \u0219i neagresive fa\u021b\u0103 de materialele din care sunt executate piesele.<\/p>\n<p>\u00a0<strong>Robinet de <\/strong><strong>\u00ee<\/strong><strong>nchidere cu clap<\/strong><strong>\u0103<\/strong><strong> fluture tip Wafer<\/strong><\/p>\n<p>Robinetele cu clap\u0103 fluture centric\u0103 tip wafer din font\u0103 se monteaz\u0103 \u00een instala\u021bii sau re\u021bele de transport pentru apa industrial\u0103 rece si cald\u0103, vapori satura\u021bi, produse petroliere, fluide \u00eenc\u0103rcate cu particule solide (consisten\u021ba max. 3%), cu condi\u021bia asigur\u0103rii compatibilit\u0103\u021bii din punct de vedere al coroziunii, eroziunii \u0219i siguran\u021bei \u00een exploatare in raport cu construc\u021bia \u0219i materialele folosite la execu\u021bia acestor robinete.<\/p>\n<p>\u00a0<strong>Robinet de <\/strong><strong>\u00ee<\/strong><strong>nchidere cu ventil<\/strong><\/p>\n<p>Robinetele de \u00eenchidere cu ventil din font\u0103 se monteaz\u0103 \u00een instala\u021bii sau re\u021bele de transport pentru ap\u0103, abur, gaze, produse petroliere \u0219i alte fluide compatibile din punct de vedere al rezisten\u021bei la coroziune, atac microbiologic \u0219i temperatur\u0103, \u00een raport cu caracteristicile materialelor din care se execut\u0103 piesele \u00een contact cu mediul circulant.<\/p>\n<p>\u00a0<strong>Robinet de <\/strong><strong>\u00ee<\/strong><strong>nchidere cu sfer<\/strong><strong>\u0103 <\/strong><\/p>\n<p>Robinetele de inchidere cu sfer\u0103 din font\u0103 se folosesc ca armaturi de \u00eenchidere etan\u0219\u0103 pentru func\u021bionare INCHIS-DESCHIS sau \u00een pozi\u021bii intermediare \u00een instala\u021bii de transport \u0219i distribu\u021bii ap\u0103 industrial\u0103 rece-calda, gaze, ape uzate, produse petroliere compatibile cu materialele din care este executat robinetul.<\/p>\n<p>\u00a0<strong>Robinet de <\/strong><strong>\u00ee<\/strong><strong>nchidere cu sertar cauciucat<\/strong><\/p>\n<p>Robinetele cu sertar cauciucat sunt destinate montarii pe conductele de transport a apei din cadrul sistemelor de alimenta\u021bie \u0219i de distribu\u021bie, \u00een re\u021belele urbane, iriga\u021bii, sau pentru alte conducte prin care circula fluide compatibile cu materialele din care se execut\u0103 piesele \u00een contact cu mediul circulant.<\/p>\n<p>[\/et_pb_text][wdcl_image_carousel _builder_version=&#8221;4.20.0&#8243; _module_preset=&#8221;default&#8221; global_colors_info=&#8221;{}&#8221;][wdcl_image_carousel_child photo=&#8221;https:\/\/www.geldbach.ro\/en\/wp-content\/uploads\/2023\/02\/DSC_0059.png&#8221; _builder_version=&#8221;4.20.0&#8243; _module_preset=&#8221;default&#8221; global_colors_info=&#8221;{}&#8221;][\/wdcl_image_carousel_child][wdcl_image_carousel_child photo=&#8221;https:\/\/www.geldbach.ro\/en\/wp-content\/uploads\/2023\/02\/DSC_0068.png&#8221; _builder_version=&#8221;4.20.0&#8243; _module_preset=&#8221;default&#8221; global_colors_info=&#8221;{}&#8221;][\/wdcl_image_carousel_child][wdcl_image_carousel_child photo=&#8221;https:\/\/www.geldbach.ro\/en\/wp-content\/uploads\/2023\/02\/DSC_0050.png&#8221; _builder_version=&#8221;4.20.0&#8243; _module_preset=&#8221;default&#8221; global_colors_info=&#8221;{}&#8221;][\/wdcl_image_carousel_child][wdcl_image_carousel_child photo=&#8221;https:\/\/www.geldbach.ro\/en\/wp-content\/uploads\/2023\/02\/DSC_0050-2.png&#8221; _builder_version=&#8221;4.20.0&#8243; _module_preset=&#8221;default&#8221; global_colors_info=&#8221;{}&#8221;][\/wdcl_image_carousel_child][wdcl_image_carousel_child photo=&#8221;https:\/\/www.geldbach.ro\/en\/wp-content\/uploads\/2023\/02\/DSC_0420.png&#8221; _builder_version=&#8221;4.20.0&#8243; _module_preset=&#8221;default&#8221; global_colors_info=&#8221;{}&#8221;][\/wdcl_image_carousel_child][wdcl_image_carousel_child photo=&#8221;https:\/\/www.geldbach.ro\/en\/wp-content\/uploads\/2023\/02\/DSC_0147png.png&#8221; _builder_version=&#8221;4.20.0&#8243; _module_preset=&#8221;default&#8221; global_colors_info=&#8221;{}&#8221;][\/wdcl_image_carousel_child][wdcl_image_carousel_child photo=&#8221;https:\/\/www.geldbach.ro\/en\/wp-content\/uploads\/2023\/02\/DSC_0138-2.png&#8221; _builder_version=&#8221;4.20.0&#8243; _module_preset=&#8221;default&#8221; global_colors_info=&#8221;{}&#8221;][\/wdcl_image_carousel_child][wdcl_image_carousel_child photo=&#8221;https:\/\/www.geldbach.ro\/en\/wp-content\/uploads\/2023\/02\/2020-11-13_at_16.24.09__3.png&#8221; _builder_version=&#8221;4.20.0&#8243; _module_preset=&#8221;default&#8221; global_colors_info=&#8221;{}&#8221;][\/wdcl_image_carousel_child][wdcl_image_carousel_child photo=&#8221;https:\/\/www.geldbach.ro\/en\/wp-content\/uploads\/2023\/02\/DSC_0457.png&#8221; _builder_version=&#8221;4.20.0&#8243; _module_preset=&#8221;default&#8221; global_colors_info=&#8221;{}&#8221;][\/wdcl_image_carousel_child][wdcl_image_carousel_child photo=&#8221;https:\/\/www.geldbach.ro\/en\/wp-content\/uploads\/2023\/02\/DSC_0071.png&#8221; _builder_version=&#8221;4.20.0&#8243; _module_preset=&#8221;default&#8221; global_colors_info=&#8221;{}&#8221;][\/wdcl_image_carousel_child][\/wdcl_image_carousel][wdcl_logo_carousel _builder_version=&#8221;4.20.0&#8243; _module_preset=&#8221;default&#8221; global_colors_info=&#8221;{}&#8221;][\/wdcl_logo_carousel][wdcl_image_carousel _builder_version=&#8221;4.20.0&#8243; _module_preset=&#8221;default&#8221; global_colors_info=&#8221;{}&#8221;][\/wdcl_image_carousel][\/et_pb_column][\/et_pb_row][\/et_pb_section][et_pb_section fb_built=&#8221;1&#8243; _builder_version=&#8221;4.19.2&#8243; _module_preset=&#8221;default&#8221; custom_margin=&#8221;-102px||||false|false&#8221; global_colors_info=&#8221;{}&#8221;][et_pb_row _builder_version=&#8221;4.19.2&#8243; _module_preset=&#8221;default&#8221; global_colors_info=&#8221;{}&#8221;][et_pb_column type=&#8221;4_4&#8243; _builder_version=&#8221;4.19.2&#8243; _module_preset=&#8221;default&#8221; global_colors_info=&#8221;{}&#8221;][wdcl_image_carousel _builder_version=&#8221;4.20.0&#8243; _module_preset=&#8221;default&#8221; global_colors_info=&#8221;{}&#8221;][\/wdcl_image_carousel][\/et_pb_column][\/et_pb_row][\/et_pb_section]<\/p>\n","protected":false},"excerpt":{"rendered":"<p>ROBINE\u021aI Filtru Y de impurita\u021bi Filtrul de re\u021binere impurit\u0103\u021bi corp font\u0103 se utilizeaz\u0103 ca armaturi pentru re\u021binerea impurit\u0103\u021bilor din apa rece , apa cald\u0103, produse petroliere \u0219i alte fluide nenocive, nepericuloase \u0219i neagresive fa\u021b\u0103 de materialele din care sunt executate piesele. \u00a0Robinet de \u00eenchidere cu clap\u0103 fluture tip Wafer Robinetele cu clap\u0103 fluture centric\u0103 tip [&hellip;]<\/p>\n","protected":false},"author":1,"featured_media":0,"parent":0,"menu_order":0,"comment_status":"closed","ping_status":"closed","template":"","meta":{"_et_pb_use_builder":"on","_et_pb_old_content":"<!-- wp:divi\/placeholder \/-->","_et_gb_content_width":"","footnotes":""},"class_list":["post-688","page","type-page","status-publish","hentry"],"_links":{"self":[{"href":"https:\/\/www.geldbach.ro\/en\/wp-json\/wp\/v2\/pages\/688","targetHints":{"allow":["GET"]}}],"collection":[{"href":"https:\/\/www.geldbach.ro\/en\/wp-json\/wp\/v2\/pages"}],"about":[{"href":"https:\/\/www.geldbach.ro\/en\/wp-json\/wp\/v2\/types\/page"}],"author":[{"embeddable":true,"href":"https:\/\/www.geldbach.ro\/en\/wp-json\/wp\/v2\/users\/1"}],"replies":[{"embeddable":true,"href":"https:\/\/www.geldbach.ro\/en\/wp-json\/wp\/v2\/comments?post=688"}],"version-history":[{"count":10,"href":"https:\/\/www.geldbach.ro\/en\/wp-json\/wp\/v2\/pages\/688\/revisions"}],"predecessor-version":[{"id":785,"href":"https:\/\/www.geldbach.ro\/en\/wp-json\/wp\/v2\/pages\/688\/revisions\/785"}],"wp:attachment":[{"href":"https:\/\/www.geldbach.ro\/en\/wp-json\/wp\/v2\/media?parent=688"}],"curies":[{"name":"wp","href":"https:\/\/api.w.org\/{rel}","templated":true}]}}