{"id":707,"date":"2023-02-19T16:56:53","date_gmt":"2023-02-19T16:56:53","guid":{"rendered":"https:\/\/www.geldbach.ro\/en\/?page_id=707"},"modified":"2023-02-21T09:51:38","modified_gmt":"2023-02-21T09:51:38","slug":"fitinguri-canelate","status":"publish","type":"page","link":"https:\/\/www.geldbach.ro\/en\/fitinguri-canelate\/","title":{"rendered":"FITINGURI CANELATE"},"content":{"rendered":"<p>[et_pb_section fb_built=&#8221;1&#8243; _builder_version=&#8221;4.19.2&#8243; _module_preset=&#8221;default&#8221; background_color=&#8221;rgba(0,0,0,0.66)&#8221; background_image=&#8221;https:\/\/geldbach.ro\/en\/wp-content\/uploads\/2022\/12\/pexels-pixabay-73833.jpg&#8221; background_blend=&#8221;overlay&#8221; min_height=&#8221;245px&#8221; global_colors_info=&#8221;{}&#8221;][et_pb_row column_structure=&#8221;3_5,2_5&#8243; _builder_version=&#8221;4.19.2&#8243; _module_preset=&#8221;default&#8221; global_colors_info=&#8221;{}&#8221;][et_pb_column type=&#8221;3_5&#8243; _builder_version=&#8221;4.19.2&#8243; _module_preset=&#8221;default&#8221; global_colors_info=&#8221;{}&#8221;][et_pb_text _builder_version=&#8221;4.20.0&#8243; _module_preset=&#8221;default&#8221; header_text_color=&#8221;#FFFFFF&#8221; header_font_size=&#8221;34px&#8221; header_3_text_color=&#8221;#FFFFFF&#8221; header_3_font_size=&#8221;15px&#8221; global_colors_info=&#8221;{}&#8221;]<\/p>\n<h1><strong>FITINGURI CANELATE<\/strong><\/h1>\n<h1><strong>\u00a0<\/strong><\/h1>\n<h3><\/h3>\n<p>[\/et_pb_text][\/et_pb_column][et_pb_column type=&#8221;2_5&#8243; _builder_version=&#8221;4.19.2&#8243; _module_preset=&#8221;default&#8221; global_colors_info=&#8221;{}&#8221;][\/et_pb_column][\/et_pb_row][\/et_pb_section][et_pb_section fb_built=&#8221;1&#8243; _builder_version=&#8221;4.19.2&#8243; _module_preset=&#8221;default&#8221; custom_margin=&#8221;44px|||||&#8221; custom_padding=&#8221;||2px|||&#8221; global_colors_info=&#8221;{}&#8221;][et_pb_row _builder_version=&#8221;4.19.2&#8243; _module_preset=&#8221;default&#8221; global_colors_info=&#8221;{}&#8221;][et_pb_column type=&#8221;4_4&#8243; _builder_version=&#8221;4.19.2&#8243; _module_preset=&#8221;default&#8221; global_colors_info=&#8221;{}&#8221;][et_pb_text _builder_version=&#8221;4.20.0&#8243; _module_preset=&#8221;default&#8221; header_font=&#8221;|600|||||||&#8221; header_text_align=&#8221;center&#8221; header_font_size=&#8221;32px&#8221; header_line_height=&#8221;1.3em&#8221; hover_enabled=&#8221;0&#8243; global_colors_info=&#8221;{}&#8221; sticky_enabled=&#8221;0&#8243;]<\/p>\n<h2><strong>Fitinguri canelate &#8211; Instala<\/strong><strong>\u021b<\/strong><strong>ii PSI<\/strong><\/h2>\n<p>Fitingurile canelate pentru prindere rapid\u0103 sunt folosite \u00een instala\u021bii industriale pentru transportul fluidelor utilizate preponderent \u00een prevenirea \u0219i stingerea incendiilor (PSI).\u00a0Adaptorul flan\u0219\u0103\u00a0canelat este fabricat din font\u0103 ductil\u0103, iar montajul acestei piese \u00eentr-o instala\u021bie se face exclusiv prin sistem rapid de \u00eembinare f\u0103r\u0103 filete \u0219i etan\u0219ate cu garnituri din cauciuc.<\/p>\n<p>&nbsp;<\/p>\n<h4><strong>Cupla rigid\u0103<\/strong><\/h4>\n<p>Cuplajul rigid pentru prindere rapid\u0103, este o pies\u0103 ce face parte din categoria fitingurilor canelate pentru prindere rapid\u0103, folosit \u00een instala\u021bii industriale pentru transportul fluidelor utilizate preponderent \u00een prevenirea \u0219i stingerea incendiilor (PSI). Cuplajul rigid canelat este fabricat din font\u0103 ductil\u0103, iar montajul acestei piese \u00eentr-o instala\u021bie se face exclusiv prin sistem rapid de \u00eembinare f\u0103r\u0103 filete \u0219i etan\u0219ate cu garnituri din cauciuc.<\/p>\n<p>Procedeul are avantajul unui cost redus, montaj sigur, piesele put\u00e2nd fi montate\/demontate f\u0103r\u0103 risc de depreciere. Modul de construc\u021bie\u00a0canelat\u00a0 permite o cuplare rapid\u0103 a \u021bevilor \u0219i celorlalte elemente constructive ale instala\u021biei, ceea ce duce la reducerea timpului de montaj \u0219i implicit la sc\u0103derea costurilor.<\/p>\n<p>Cuplajul rigid canelat pentru prindere rapid\u0103 este o pies\u0103 care ajut\u0103 la \u00eembinarea unor \u021bevi sau conducte metalice de diametre egale.<\/p>\n<p>[\/et_pb_text][wdcl_image_carousel _builder_version=&#8221;4.20.0&#8243; _module_preset=&#8221;default&#8221; global_colors_info=&#8221;{}&#8221;][wdcl_image_carousel_child photo=&#8221;https:\/\/www.geldbach.ro\/en\/wp-content\/uploads\/2023\/02\/Fitinguri_canelate_-_Teu_mecanic_U-bolt.png&#8221; _builder_version=&#8221;4.20.0&#8243; _module_preset=&#8221;default&#8221; global_colors_info=&#8221;{}&#8221;][\/wdcl_image_carousel_child][wdcl_image_carousel_child photo=&#8221;https:\/\/www.geldbach.ro\/en\/wp-content\/uploads\/2023\/02\/Fitinguri_canelate_-_Reductii.png&#8221; _builder_version=&#8221;4.20.0&#8243; _module_preset=&#8221;default&#8221; global_colors_info=&#8221;{}&#8221;][\/wdcl_image_carousel_child][wdcl_image_carousel_child photo=&#8221;https:\/\/www.geldbach.ro\/en\/wp-content\/uploads\/2023\/02\/Fitinguri_canelate_-_Cupla_4.png&#8221; _builder_version=&#8221;4.20.0&#8243; _module_preset=&#8221;default&#8221; global_colors_info=&#8221;{}&#8221;][\/wdcl_image_carousel_child][wdcl_image_carousel_child photo=&#8221;https:\/\/www.geldbach.ro\/en\/wp-content\/uploads\/2023\/02\/Fitinguri_canelate_-_Cupla_3.png&#8221; _builder_version=&#8221;4.20.0&#8243; _module_preset=&#8221;default&#8221; global_colors_info=&#8221;{}&#8221;][\/wdcl_image_carousel_child][wdcl_image_carousel_child photo=&#8221;https:\/\/www.geldbach.ro\/en\/wp-content\/uploads\/2023\/02\/Fitinguri_canelate_-_Cupla_2.png&#8221; _builder_version=&#8221;4.20.0&#8243; _module_preset=&#8221;default&#8221; global_colors_info=&#8221;{}&#8221;][\/wdcl_image_carousel_child][wdcl_image_carousel_child photo=&#8221;https:\/\/www.geldbach.ro\/en\/wp-content\/uploads\/2023\/02\/Fitinguri_canelate_-_Cupla_1.png&#8221; _builder_version=&#8221;4.20.0&#8243; _module_preset=&#8221;default&#8221; global_colors_info=&#8221;{}&#8221;][\/wdcl_image_carousel_child][wdcl_image_carousel_child photo=&#8221;https:\/\/www.geldbach.ro\/en\/wp-content\/uploads\/2023\/02\/Fitinguri_canelate_-_coturi_canelate_2.png&#8221; _builder_version=&#8221;4.20.0&#8243; _module_preset=&#8221;default&#8221; global_colors_info=&#8221;{}&#8221;][\/wdcl_image_carousel_child][wdcl_image_carousel_child photo=&#8221;https:\/\/www.geldbach.ro\/en\/wp-content\/uploads\/2023\/02\/Fitinguri_canelate_-_coturi_canelate_1.png&#8221; _builder_version=&#8221;4.20.0&#8243; _module_preset=&#8221;default&#8221; global_colors_info=&#8221;{}&#8221;][\/wdcl_image_carousel_child][wdcl_image_carousel_child photo=&#8221;https:\/\/www.geldbach.ro\/en\/wp-content\/uploads\/2023\/02\/Fitinguri_canelate_-_Adaptor-flansa_canelata.png&#8221; _builder_version=&#8221;4.20.0&#8243; _module_preset=&#8221;default&#8221; global_colors_info=&#8221;{}&#8221;][\/wdcl_image_carousel_child][wdcl_image_carousel_child photo=&#8221;https:\/\/www.geldbach.ro\/en\/wp-content\/uploads\/2023\/02\/Fitinguri_canelate_-_Teuri_canelate_2-removebg-preview.png&#8221; _builder_version=&#8221;4.20.0&#8243; _module_preset=&#8221;default&#8221; global_colors_info=&#8221;{}&#8221;][\/wdcl_image_carousel_child][wdcl_image_carousel_child photo=&#8221;https:\/\/www.geldbach.ro\/en\/wp-content\/uploads\/2023\/02\/Fitinguri_canelate_-_Teuri_canelate_1.png&#8221; _builder_version=&#8221;4.20.0&#8243; _module_preset=&#8221;default&#8221; global_colors_info=&#8221;{}&#8221;][\/wdcl_image_carousel_child][\/wdcl_image_carousel][et_pb_text _builder_version=&#8221;4.20.0&#8243; _module_preset=&#8221;default&#8221; header_font=&#8221;|600|||||||&#8221; header_text_align=&#8221;center&#8221; header_font_size=&#8221;32px&#8221; header_line_height=&#8221;1.3em&#8221; hover_enabled=&#8221;0&#8243; global_colors_info=&#8221;{}&#8221; sticky_enabled=&#8221;0&#8243;]<\/p>\n<h4><strong>Coturi canelate<\/strong><\/h4>\n<p>Cotul canelat pentru prindere rapid\u0103 este o pies\u0103 de leg\u0103tur\u0103 care ajut\u0103 la schimbarea direc\u021biei \u021bevilor \u00een instala\u021biile de incendiu la unghiuri de 90\u00b0 sau\u00a045\u00b0. Fixarea cotului canelat prin prindere rapid\u0103 se realizeaz\u0103 mecanic cu ajutorul unor piese de cuplaj, f\u0103c\u00e2ndu-se astfel\u00a0foarte rapid leg\u0103tura \u00eentre dou\u0103 tevi de acela\u0219i diametru.<\/p>\n<p>Cotul canelat la\u00a090\u00b0 sau\u00a045\u00b0 cu prindere rapid\u0103, este o pies\u0103 ce face parte din categoria fitingurilor canelate pentru prindere rapid\u0103, folosit \u00een instala\u021bii industriale pentru transportul fluidelor utilizate preponderent \u00een prevenirea \u0219i stingerea incendiilor (PSI).<\/p>\n<p>Procedeul de fixare rapid\u0103 \u00a0are avantajul unui cost redus, montaj sigur, piesele put\u00e2nd fi montate\/demontate f\u0103r\u0103 \u00a0risc de depreciere. Modul de construc\u021bie canelat\u00a0 permite o cuplare rapid\u0103 \u00a0a \u021bevilor \u0219i celorlalte elemente constructive ale instala\u021biei, ceea ce duce la reducerea timpului de montaj \u0219i implicit la sc\u0103derea costurilor.<\/p>\n<p>&nbsp;<\/p>\n<h4><strong>Teuri canelate<\/strong><\/h4>\n<p>Teul canelat pentru prindere rapid\u0103, este o pies\u0103 ce face parte din categoria fitingurilor canelate pentru prindere rapid\u0103, folosit \u00een instala\u021bii industriale pentru transportul fluidelor utilizate preponderent \u00een prevenirea \u0219i stingerea incendiilor (PSI). Teul\u00a0canelat este fabricat din font\u0103 ductil\u0103, iar montajul acestei piese \u00eentr-o instala\u021bie se face exclusiv prin sistem rapid de \u00eembinare f\u0103r\u0103 \u00a0filete \u0219i etan\u0219ate cu garnituri din cauciuc.<\/p>\n<p>Procedeul are avantajul unui cost redus, montaj sigur, piesele put\u00e2nd fi montate\/demontate f\u0103r\u0103 \u00a0risc de depreciere. Modul de\u00a0\u00a0 construc\u021bie\u00a0canelat\u00a0 permite o cuplare rapid\u0103 \u00a0a \u021bevilor \u0219i celorlalte elemente constructive ale instala\u021biei, ceea ce duce la reducerea timpului de montaj \u0219i implicit la sc\u0103derea costurilor.<\/p>\n<p>Teul canelat pentru prindere rapid\u0103 este o pies\u0103 \u00een unghi la 90\u00b0 grade \u0219i se foloseste ca pies\u0103 de deriva\u021bie redus\u0103 dintr-o conduct\u0103.<\/p>\n<p>&nbsp;<\/p>\n<h4><strong>Reduc\u021bii canelate<\/strong><\/h4>\n<p>Reductia canelat\u0103 pentru prindere rapid\u0103 \u00a0este o pies\u0103 de bran\u0219are care ajut\u0103 la reducerea diametrului \u021bevilor \u00een instala\u021biile de incendiu. Fixarea reduc\u021biei canelate prin prindere rapid\u0103 se realizeaza mecanic cu ajutorul unor piese de cuplaj, f\u0103c\u00e2ndu-se astfel\u00a0foarte rapid legatura \u00eentre dou\u0103 \u021bevi de diametre diferite.<\/p>\n<p>Reduc\u021bia canelat\u0103 cu prindere rapid\u0103, este o pies\u0103 ce face parte din categoria fitingurilor canelate pentru prindere rapid\u0103, folosit \u00een instala\u021bii industriale pentru transportul fluidelor utilizate preponderent \u00een prevenirea \u0219i stingerea incendiilor (PSI).<\/p>\n<p>Procedeul de fixare rapid\u0103 \u00a0are avantajul unui cost redus, montaj sigur, piesele put\u00e2nd fi montate\/demontate f\u0103r\u0103 risc de depreciere. Modul de construc\u021bie canelat\u00a0 permite o cuplare rapid\u0103 \u00a0a \u021bevilor \u0219i celorlalte elemente constructive ale instala\u021biei, ceea ce duce la reducerea timpului de montaj \u0219i implicit la sc\u0103derea costurilor.<\/p>\n<p>&nbsp;<\/p>\n<h4><strong>Deriva<\/strong><strong>\u021b<\/strong><strong>ie prindere rapid\u0103<\/strong><\/h4>\n<p>Deriva\u021bia canelat\u0103 pentru prindere rapid\u0103, este o pies\u0103 ce face parte din categoria fitingurilor canelate pentru prindere rapid\u0103, folosit \u00een instala\u021bii industriale pentru transportul fluidelor utilizate preponderent \u00een prevenirea \u0219i stingerea incendiilor (PSI). Piesa canelat\u0103 de bran\u0219are este fabricat\u0103 din font\u0103 ductil\u0103, iar montajul acestei piese \u00eentr-o instala\u021bie se face exclusiv prin sistem mecanic de ata\u0219are pe \u021beav\u0103. Bran\u0219area pe instalatie mai departe, se efectueaz\u0103 clasic, prin sistemul rapid de \u00eembinare \u0219i etan\u0219are cu garnituri din cauciuc.<\/p>\n<p>Procedeul are avantajul unui cost redus, montaj sigur, piesele put\u00e2nd fi montate\/demontate f\u0103r\u0103 risc de depreciere. Modul de construc\u021bie\u00a0canelat\u00a0 permite o cuplare rapid\u0103 \u00a0a \u021bevilor \u0219i celorlalte elemente constructive ale instala\u021biei, ceea ce duce la reducerea timpului de montaj \u0219i implicit la sc\u0103derea costurilor.<\/p>\n<p>Piesa bran\u0219are canelat\u0103 pentru prindere rapid\u0103 \u00a0se folose\u0219te ca pies\u0103 de deriva\u021bie redus\u0103 dintr-o conduct\u0103.<\/p>\n<p><strong>\u00a0<\/strong><\/p>\n<h4><strong>Adaptor \/ flans\u0103 canelat\u0103<\/strong><\/h4>\n<p>Adaptorul flan\u0219\u0103 canelat, este o pies\u0103 ce face parte din categoria fitingurilor canelate pentru prindere rapid\u0103, folosit \u00een instala\u021bii industriale pentru transportul fluidelor utilizate preponderent \u00een prevenirea \u0219i stingerea incendiilor \u00a0(PSI).\u00a0Adaptorul flan\u0219\u0103\u00a0canelat este fabricat din font\u0103 ductil\u0103, iar montajul acestei piese \u00eentr-o instala\u021bie se face exclusiv prin sistem rapid de \u00eembinare f\u0103r\u0103 \u00a0filete \u0219i etan\u0219ate cu garnituri din cauciuc.<\/p>\n<p>Procedeul are avantajul unui cost redus, montaj sigur, piesele put\u00e2nd fi montate\/demontate f\u0103r\u0103 \u00a0risc de depreciere. Modul de construc\u021bie\u00a0 canelat\u00a0 permite o cuplare rapid\u0103 \u00a0a \u021bevilor \u0219i celorlalte elemente constructive ale instala\u021biei, ceea ce duce la reducerea timpului de montaj \u0219i implicit la sc\u0103derea costurilor.<\/p>\n<p>Adaptorul flan\u0219\u0103\u00a0canelat pentru prindere rapid\u0103 \u00a0este o pies\u0103 utilizat\u0103 ca trecere dintr-o conduct\u0103, la un fiting pe sistem filetat sau ca legatur\u0103 \u00eentre dou\u0103 coloane de acela\u0219i tip sau diferite.<\/p>\n<p><strong>\u00a0<\/strong><\/p>\n<h4><strong>Dopuri canelate<\/strong><\/h4>\n<p>Capacul canelat pentru prindere rapid\u0103 \u00a0este o pies\u0103 de termina\u021bie care ajut\u0103 la blocarea unor \u021bevi canelate, teuri canelate sau a altor cuple canelate.<\/p>\n<p>Capacul canelat pentru prindere rapid\u0103, este o pies\u0103 ce face parte din categoria fitingurilor canelate pentru prindere rapid\u0103, folosit \u00een instala\u021bii industriale pentru transportul fluidelor utilizate preponderent \u00een prevenirea \u0219i stingerea incendiilor (PSI). Capacul canelat este fabricat din font\u0103 ductil\u0103, iar montajul acestei piese \u00eentr-o instala\u021bie se face exclusiv prin sistem rapid de \u00eembinare f\u0103r\u0103 \u00a0filete \u0219i etan\u0219ate cu garnituri din cauciuc.<\/p>\n<p>Procedeul are avantajul unui cost redus, montaj sigur, piesele put\u00e2nd fi montate\/demontate f\u0103r\u0103 \u00a0risc de depreciere. Modul de construc\u021bie\u00a0 canelat\u00a0 permite o cuplare rapid\u0103 \u00a0a \u021bevilor \u0219i celorlalte elemente constructive ale instala\u021biei, ceea ce duce la reducerea timpului de montaj \u0219i implicit la sc\u0103derea costurilor.<\/p>\n<p><strong>\u00a0<\/strong><\/p>\n<h4><strong>\u00a0<\/strong><strong>Teu mecanic U-bolt<\/strong><\/h4>\n<p>Deriva\u021bia de sprinkler U pentru prindere rapid\u0103 \u00a0este o pies\u0103 de bran\u0219are care ajut\u0103 la montajul sprinklerelor \u00een instala\u021biile de incendiu. Fixarea deriva\u021biei se realizeaz\u0103 mecanic cu ajutorul unei tije \u00een form\u0103 de U \u0219i a garniturilor din cauciuc care asigur\u0103 etanseizarea leg\u0103turii la \u021beava principal\u0103.<\/p>\n<p><strong>\u00a0<\/strong>Deriva\u021bia de sprinkler U\u00a0cu prindere rapid\u0103, este o pies\u0103 ce face parte din categoria fitingurilor canelate pentru prindere rapid\u0103, folosit \u00een instala\u021bii industriale pentru transportul fluidelor utilizate preponderent in prevenirea \u0219i stingerea incendiilor (PSI).<\/p>\n<p>[\/et_pb_text][\/et_pb_column][\/et_pb_row][\/et_pb_section][et_pb_section fb_built=&#8221;1&#8243; _builder_version=&#8221;4.19.2&#8243; _module_preset=&#8221;default&#8221; custom_margin=&#8221;-102px||||false|false&#8221; global_colors_info=&#8221;{}&#8221;][\/et_pb_section]<\/p>\n","protected":false},"excerpt":{"rendered":"<p>FITINGURI CANELATE \u00a0 Fitinguri canelate &#8211; Instala\u021bii PSI Fitingurile canelate pentru prindere rapid\u0103 sunt folosite \u00een instala\u021bii industriale pentru transportul fluidelor utilizate preponderent \u00een prevenirea \u0219i stingerea incendiilor (PSI).\u00a0Adaptorul flan\u0219\u0103\u00a0canelat este fabricat din font\u0103 ductil\u0103, iar montajul acestei piese \u00eentr-o instala\u021bie se face exclusiv prin sistem rapid de \u00eembinare f\u0103r\u0103 filete \u0219i etan\u0219ate cu garnituri [&hellip;]<\/p>\n","protected":false},"author":1,"featured_media":0,"parent":0,"menu_order":0,"comment_status":"closed","ping_status":"closed","template":"","meta":{"_et_pb_use_builder":"on","_et_pb_old_content":"<!-- wp:divi\/placeholder \/-->","_et_gb_content_width":"","footnotes":""},"class_list":["post-707","page","type-page","status-publish","hentry"],"_links":{"self":[{"href":"https:\/\/www.geldbach.ro\/en\/wp-json\/wp\/v2\/pages\/707","targetHints":{"allow":["GET"]}}],"collection":[{"href":"https:\/\/www.geldbach.ro\/en\/wp-json\/wp\/v2\/pages"}],"about":[{"href":"https:\/\/www.geldbach.ro\/en\/wp-json\/wp\/v2\/types\/page"}],"author":[{"embeddable":true,"href":"https:\/\/www.geldbach.ro\/en\/wp-json\/wp\/v2\/users\/1"}],"replies":[{"embeddable":true,"href":"https:\/\/www.geldbach.ro\/en\/wp-json\/wp\/v2\/comments?post=707"}],"version-history":[{"count":6,"href":"https:\/\/www.geldbach.ro\/en\/wp-json\/wp\/v2\/pages\/707\/revisions"}],"predecessor-version":[{"id":812,"href":"https:\/\/www.geldbach.ro\/en\/wp-json\/wp\/v2\/pages\/707\/revisions\/812"}],"wp:attachment":[{"href":"https:\/\/www.geldbach.ro\/en\/wp-json\/wp\/v2\/media?parent=707"}],"curies":[{"name":"wp","href":"https:\/\/api.w.org\/{rel}","templated":true}]}}